{"id":228,"date":"2025-06-05T09:28:37","date_gmt":"2025-06-05T09:28:37","guid":{"rendered":"https:\/\/www2.deblois.de\/?page_id=228"},"modified":"2025-09-29T07:40:58","modified_gmt":"2025-09-29T07:40:58","slug":"standorte","status":"publish","type":"page","link":"https:\/\/www2.deblois.de\/en\/standorte\/","title":{"rendered":"Locations"},"content":{"rendered":"<section class=\"l-section wpb_row waben height_small\"><div class=\"l-section-h i-cf\"><div class=\"g-cols vc_row via_grid cols_1 laptops-cols_inherit tablets-cols_inherit mobiles-cols_1 valign_top type_default stacking_default\"><div class=\"wpb_column vc_column_container\"><div class=\"vc_column-inner\"><div class=\"w-text ueber\"><span class=\"w-text-h\"><span class=\"w-text-value\">Company headquarters &amp; areas of operation<\/span><\/span><\/div><div class=\"wpb_text_column\"><div class=\"wpb_wrapper\"><h1>Locations<\/h1>\n<\/div><\/div><\/div><\/div><\/div><\/div><\/section><section class=\"l-section wpb_row height_medium\"><div class=\"l-section-h i-cf\"><div class=\"g-cols vc_row via_grid cols_2 laptops-cols_inherit tablets-cols_inherit mobiles-cols_1 valign_top type_default reversed stacking_default\" style=\"--columns-gap:4rem;--laptops-columns-gap:4rem;--tablets-columns-gap:4rem;--mobiles-columns-gap:2.5rem;\"><div class=\"wpb_column vc_column_container\"><div class=\"vc_column-inner\"><div class=\"w-html\">\t<div class=\"wrap_svl_center\">\r\n\t<div class=\"wrap_svl_center_box\">\r\n\t<div class=\"wrap_svl\" id=\"body_drag_264\">\r\n\t\t<div class=\"images_wrap\">\r\n                            <img decoding=\"async\" src=\"https:\/\/www2.deblois.de\/wp-content\/uploads\/2025\/06\/germany.png\" alt=\"\">\r\n            \t\t<\/div>\t\r\n\t\t \t\t \t\t <div class=\"drag_element tips\" style=\"top:47.86%;left:15.98%;\" >\r\n\t\t \t<div class=\"point_style  ihotspot_tooltop_html\" data-placement=\"n\" data-html=\"\t\t \t\t\t                  &lt;div class=&quot;box_view_html&quot;&gt;\t\t\t\t\t&lt;span class=&quot;close_ihp&quot;&gt;\t\t\t\t\t\t&lt;svg version=&quot;1.1&quot; xmlns=&quot;http:\/\/www.w3.org\/2000\/svg&quot; xmlns:xlink=&quot;http:\/\/www.w3.org\/1999\/xlink&quot; x=&quot;0px&quot; y=&quot;0px&quot; viewBox=&quot;0 0 1000 1000&quot; enable-background=&quot;new 0 0 1000 1000&quot; xml:space=&quot;preserve&quot;&gt;&lt;g&gt;&lt;path d=&quot;M153.7,153.7C57.9,249.5,10,365.3,10,499c0,135.7,47.9,251.5,143.7,347.3l0,0C249.5,942.1,363.3,990,499,990c135.7,0,251.5-47.9,347.3-143.7C942.1,750.5,990,634.7,990,499c0-135.7-47.9-249.5-143.7-345.3l0,0C750.5,57.9,634.7,10,499,10C365.3,10,249.5,57.9,153.7,153.7z M209.6,211.6l2-2C289.4,129.7,387.2,89.8,499,89.8c113.8,0,209.6,39.9,291.4,121.8c79.8,77.8,119.8,175.6,119.8,287.4c0,113.8-39.9,209.6-119.8,291.4C708.6,870.3,612.8,910.2,499,910.2c-111.8,0-209.6-39.9-287.4-119.8C129.8,708.6,89.8,612.8,89.8,499C89.8,387.2,129.8,289.4,209.6,211.6z&quot;\/&gt;&lt;path d=&quot;M293.4,331.3c0,12,4,22,12,29.9L443.1,497L305.4,632.7c-8,8-12,18-12,29.9c0,10,4,18,12,26c8,8,18,12,28,12c12,0,20-4,27.9-10L499,552.9l135.7,137.7c8,6,16,10,28,10c12,0,21.9-4,27.9-10c8-8,12-18,12-28c0-12-4-21.9-12-29.9L554.9,497l135.7-135.7c8-8,12-18,12-27.9c0-12-4-22-12-29.9c-6-8-16-12-25.9-12c-12,0-21.9,4-29.9,12L499,441.1L363.3,303.4c-8-8-18-12-29.9-12c-10,0-20,4-28,12C297.4,311.4,293.4,321.4,293.4,331.3z&quot;\/&gt;&lt;\/g&gt;&lt;\/svg&gt;&lt;\/span&gt;\t\t\t\t\t\t&lt;h6&gt;Nord-West-S\u00fcd Sicherheitsdienste GmbH &amp; Co. KG&lt;\/h6&gt;&lt;p&gt;Wermelskirchener Stra\u00dfe 27&lt;br \/&gt;D-42859 Remscheid&lt;\/p&gt;\t\t\t\t\t&lt;\/div&gt;\t\t\t \t\t \t\t \">\r\n\t\t \t\t\t\t\t \t\t\t\t\t \t\t\t<div class=\"pins_animation ihotspot_pulse\" style=\"top:-25px;left:-25px;height:50px;width:50px\"><\/div>\r\n\t\t\t \t\t\t\t\t \t\t<img decoding=\"async\" src=\"https:\/\/www2.deblois.de\/wp-content\/uploads\/2025\/06\/wappen_dbs_50_50.png\" class=\"pins_image ihotspot_hastooltop\" style=\"top:-25px;left:-25px\" alt=\"\">\r\n\t\t\t \t\t\t\t \t\t\t\t \t<\/div>\r\n\t\t <\/div>\r\n\t\t \t\t <div class=\"drag_element tips\" style=\"top:53.13%;left:86.73%;\" >\r\n\t\t \t<div class=\"point_style  ihotspot_tooltop_html\" data-placement=\"n\" data-html=\"\t\t \t\t\t                  &lt;div class=&quot;box_view_html&quot;&gt;\t\t\t\t\t&lt;span class=&quot;close_ihp&quot;&gt;\t\t\t\t\t\t&lt;svg version=&quot;1.1&quot; xmlns=&quot;http:\/\/www.w3.org\/2000\/svg&quot; xmlns:xlink=&quot;http:\/\/www.w3.org\/1999\/xlink&quot; x=&quot;0px&quot; y=&quot;0px&quot; viewBox=&quot;0 0 1000 1000&quot; enable-background=&quot;new 0 0 1000 1000&quot; xml:space=&quot;preserve&quot;&gt;&lt;g&gt;&lt;path d=&quot;M153.7,153.7C57.9,249.5,10,365.3,10,499c0,135.7,47.9,251.5,143.7,347.3l0,0C249.5,942.1,363.3,990,499,990c135.7,0,251.5-47.9,347.3-143.7C942.1,750.5,990,634.7,990,499c0-135.7-47.9-249.5-143.7-345.3l0,0C750.5,57.9,634.7,10,499,10C365.3,10,249.5,57.9,153.7,153.7z M209.6,211.6l2-2C289.4,129.7,387.2,89.8,499,89.8c113.8,0,209.6,39.9,291.4,121.8c79.8,77.8,119.8,175.6,119.8,287.4c0,113.8-39.9,209.6-119.8,291.4C708.6,870.3,612.8,910.2,499,910.2c-111.8,0-209.6-39.9-287.4-119.8C129.8,708.6,89.8,612.8,89.8,499C89.8,387.2,129.8,289.4,209.6,211.6z&quot;\/&gt;&lt;path d=&quot;M293.4,331.3c0,12,4,22,12,29.9L443.1,497L305.4,632.7c-8,8-12,18-12,29.9c0,10,4,18,12,26c8,8,18,12,28,12c12,0,20-4,27.9-10L499,552.9l135.7,137.7c8,6,16,10,28,10c12,0,21.9-4,27.9-10c8-8,12-18,12-28c0-12-4-21.9-12-29.9L554.9,497l135.7-135.7c8-8,12-18,12-27.9c0-12-4-22-12-29.9c-6-8-16-12-25.9-12c-12,0-21.9,4-29.9,12L499,441.1L363.3,303.4c-8-8-18-12-29.9-12c-10,0-20,4-28,12C297.4,311.4,293.4,321.4,293.4,331.3z&quot;\/&gt;&lt;\/g&gt;&lt;\/svg&gt;&lt;\/span&gt;\t\t\t\t\t\t&lt;h6&gt;Deutsche Werk- und Sicherheitsdienste GmbH&lt;\/h6&gt;&lt;p&gt;Magdeburger Stra\u00dfe 58&lt;br \/&gt;D-01067 Dresden&lt;\/p&gt;\t\t\t\t\t&lt;\/div&gt;\t\t\t \t\t \t\t \">\r\n\t\t \t\t\t\t\t \t\t\t\t\t \t\t\t<div class=\"pins_animation ihotspot_pulse\" style=\"top:-25px;left:-25px;height:50px;width:50px\"><\/div>\r\n\t\t\t \t\t\t\t\t \t\t<img decoding=\"async\" src=\"https:\/\/www2.deblois.de\/wp-content\/uploads\/2025\/06\/wappen_dbs_50_50.png\" class=\"pins_image ihotspot_hastooltop\" style=\"top:-25px;left:-25px\" alt=\"\">\r\n\t\t\t \t\t\t\t \t\t\t\t \t<\/div>\r\n\t\t <\/div>\r\n\t\t \t\t \r\n\t\t  \t\t \t\r\n\t <\/div>\r\n\t <\/div>\r\n\t <\/div>\r\n\t<\/div><\/div><\/div><div class=\"wpb_column vc_column_container\"><div class=\"vc_column-inner\"><div class=\"wpb_text_column ueber\"><div class=\"wpb_wrapper\"><p style=\"text-align: left;\">Locations<\/p>\n<\/div><\/div><div class=\"wpb_text_column\"><div class=\"wpb_wrapper\"><h2 style=\"text-align: left;\"><span class=\"underline\">National<\/span> employed<\/h2>\n<\/div><\/div><div class=\"w-separator size_small\"><\/div><div class=\"wpb_text_column\"><div class=\"wpb_wrapper\"><p>The DE BLOIS SECURITY group of companies serves its customers nationwide and in neighboring European countries.<\/p>\n<\/div><\/div><div class=\"w-separator size_small\"><\/div><div class=\"w-iconbox iconpos_left style_default color_primary align_left no_title\"><div class=\"w-iconbox-icon\" style=\"font-size:1.2rem;\"><i class=\"fal fa-envelope\"><\/i><\/div><div class=\"w-iconbox-meta\"><div class=\"w-iconbox-text\"><p>info@deblois.de<\/p>\n<\/div><\/div><\/div><div class=\"w-separator size_medium\"><\/div><div class=\"g-cols wpb_row via_grid cols_1 laptops-cols_inherit tablets-cols_inherit mobiles-cols_1 valign_top type_default stacking_default\" style=\"--columns-gap:3rem;\"><div class=\"wpb_column vc_column_container\"><div class=\"vc_column-inner\"><h6 class=\"w-text us_custom_29a0f245\"><span class=\"w-text-h\"><span class=\"w-text-value\">Remscheid location<\/span><\/span><\/h6><div class=\"w-separator size_custom\" style=\"height:10px\"><\/div><div class=\"w-iconbox iconpos_left style_default color_primary align_left no_title\"><div class=\"w-iconbox-icon\" style=\"font-size:1.2rem;\"><i class=\"fal fa-map-pin\"><\/i><\/div><div class=\"w-iconbox-meta\"><div class=\"w-iconbox-text\"><p>Wermelskirchener Stra\u00dfe 27<br \/>\nD-42859 Remscheid<\/p>\n<\/div><\/div><\/div><div class=\"w-separator size_custom\" style=\"height:10px\"><\/div><div class=\"w-iconbox iconpos_left style_default color_primary align_left no_title\"><div class=\"w-iconbox-icon\" style=\"font-size:1.2rem;\"><i class=\"fal fa-phone\"><\/i><\/div><div class=\"w-iconbox-meta\"><div class=\"w-iconbox-text\"><p><span>+49 (0) 2191-3701-0<\/span><\/p>\n<\/div><\/div><\/div><div class=\"w-separator size_custom\" style=\"height:10px\"><\/div><div class=\"w-iconbox iconpos_left style_default color_primary align_left no_title\"><div class=\"w-iconbox-icon\" style=\"font-size:1.2rem;\"><i class=\"fal fa-fax\"><\/i><\/div><div class=\"w-iconbox-meta\"><div class=\"w-iconbox-text\"><p><span>+49 (0) 2191-3701-30<\/span><\/p>\n<\/div><\/div><\/div><\/div><\/div><\/div><div class=\"w-separator size_medium\"><\/div><div class=\"g-cols wpb_row via_grid cols_1 laptops-cols_inherit tablets-cols_inherit mobiles-cols_1 valign_top type_default stacking_default\" style=\"--columns-gap:3rem;\"><div class=\"wpb_column vc_column_container\"><div class=\"vc_column-inner\"><h6 class=\"w-text us_custom_29a0f245\"><span class=\"w-text-h\"><span class=\"w-text-value\">Dresden location<\/span><\/span><\/h6><div class=\"w-separator size_custom\" style=\"height:10px\"><\/div><div class=\"w-iconbox iconpos_left style_default color_primary align_left no_title\"><div class=\"w-iconbox-icon\" style=\"font-size:1.2rem;\"><i class=\"fal fa-map-pin\"><\/i><\/div><div class=\"w-iconbox-meta\"><div class=\"w-iconbox-text\"><p>Magdeburger Stra\u00dfe 58<br \/>\nD-01067 Dresden<\/p>\n<\/div><\/div><\/div><div class=\"w-separator size_custom\" style=\"height:10px\"><\/div><div class=\"w-iconbox iconpos_left style_default color_primary align_left no_title\"><div class=\"w-iconbox-icon\" style=\"font-size:1.2rem;\"><i class=\"fal fa-phone\"><\/i><\/div><div class=\"w-iconbox-meta\"><div class=\"w-iconbox-text\"><p><span>+49 (0) 351-4982-111<\/span><\/p>\n<\/div><\/div><\/div><div class=\"w-separator size_custom\" style=\"height:10px\"><\/div><div class=\"w-iconbox iconpos_left style_default color_primary align_left no_title\"><div class=\"w-iconbox-icon\" style=\"font-size:1.2rem;\"><i class=\"fal fa-fax\"><\/i><\/div><div class=\"w-iconbox-meta\"><div class=\"w-iconbox-text\"><p>+49 (0) 351-4982-112<\/p>\n<\/div><\/div><\/div><\/div><\/div><\/div><\/div><\/div><\/div><\/div><\/section><section class=\"l-section wpb_row waben height_medium\"><div class=\"l-section-h i-cf\"><div class=\"g-cols vc_row via_grid cols_1 laptops-cols_inherit tablets-cols_inherit mobiles-cols_1 valign_top type_default stacking_default\"><div class=\"wpb_column vc_column_container\"><div class=\"vc_column-inner\"><div class=\"w-text ueber\"><span class=\"w-text-h\"><span class=\"w-text-value\">De Blois Security<\/span><\/span><\/div><div class=\"wpb_text_column\"><div class=\"wpb_wrapper\"><h2>Our areas of application<\/h2>\n<\/div><\/div><div class=\"w-separator size_medium\"><\/div><div class=\"g-cols wpb_row via_grid cols_2 laptops-cols_inherit tablets-cols_inherit mobiles-cols_1 valign_top type_default\" style=\"--columns-gap:3rem;\"><div class=\"wpb_column vc_column_container grow has-link\"><div class=\"vc_column-inner\"><div class=\"w-vwrapper grow leistung_neu align_none valign_top\" style=\"--vwrapper-gap:0rem\"><div class=\"w-image leistung_bild has_ratio align_none\" id=\"bild1\"><div class=\"w-image-h\"><div style=\"padding-bottom:50%\"><\/div><img decoding=\"async\" width=\"683\" height=\"1024\" src=\"https:\/\/www2.deblois.de\/wp-content\/uploads\/2025\/06\/oliver-guhr-pGmbuwbnNUQ-unsplash-683x1024.webp\" class=\"attachment-large size-large\" alt=\"Sonnenuntergang \u00fcber Stadtfluss mit historischen Geb\u00e4uden und vorbeifahrenden Booten im Vordergrund.\" loading=\"lazy\" \/><\/div><\/div><div class=\"w-separator size_custom\" style=\"height:20px\"><\/div><div class=\"wpb_text_column leistung_elm\"><div class=\"wpb_wrapper\"><h3>region <span class=\"underline\">Saxony<\/span><\/h3>\n<\/div><\/div><div class=\"w-separator size_small\"><\/div><div class=\"wpb_text_column leistung_elm\"><div class=\"wpb_wrapper\"><p>DE BLOIS SECURITY is your experienced security service provider in Saxony \u2013 with decades of experience, modern technology, and reliable service. Whether property and personal protection, cash and valuables transportation, reception services, or customized security concepts: We offer customized services for companies, public institutions, and private customers. You can rely on quality, discretion, and personal attention.<\/p>\n<\/div><\/div><div class=\"w-separator size_small\"><\/div><div class=\"w-hwrapper leistung_elm valign_top align_none\"><div class=\"w-btn-wrapper align_none\"><a class=\"w-btn us-btn-style_3 icon_atleft\" href=\"#\"><i class=\"fal fa-chevron-right\"><\/i><span class=\"w-btn-label\">More information<\/span><\/a><\/div><\/div><div class=\"w-separator size_small\"><\/div><\/div><\/div><a href=\"\/en\/standorte\/sachsen\/\" class=\"vc_column-link smooth-scroll\" aria-label=\"link\"><\/a><\/div><div class=\"wpb_column vc_column_container grow has-link\"><div class=\"vc_column-inner\"><div class=\"w-vwrapper grow leistung_neu align_none valign_top\" style=\"--vwrapper-gap:0rem\"><div class=\"w-image leistung_bild has_ratio align_none\" id=\"bild1\"><div class=\"w-image-h\"><div style=\"padding-bottom:50%\"><\/div><img decoding=\"async\" width=\"1024\" height=\"683\" src=\"https:\/\/www2.deblois.de\/wp-content\/uploads\/2025\/06\/eric-weber-KPwl1VaSyw-unsplash-1024x683.webp\" class=\"attachment-large size-large\" alt=\"Sonnenuntergang \u00fcber K\u00f6ln, mit Dom, Rhein und Hohenzollernbr\u00fccke im Vordergrund.\" loading=\"lazy\" \/><\/div><\/div><div class=\"w-separator size_custom\" style=\"height:20px\"><\/div><div class=\"wpb_text_column leistung_elm\"><div class=\"wpb_wrapper\"><h3>Region NRW<\/h3>\n<\/div><\/div><div class=\"w-separator size_small\"><\/div><div class=\"wpb_text_column leistung_elm\"><div class=\"wpb_wrapper\"><p>DE BLOIS SECURITY is your reliable partner for security in North Rhine-Westphalia \u2013 with over 50 years of tradition, modern solutions, and regional proximity. From Cologne to Dortmund, from Aachen to Bielefeld, we provide comprehensive protection: whether property protection, patrol services, cash transport, or customized security concepts. Rely on professional solutions that build trust and ensure security around the clock.<\/p>\n<\/div><\/div><div class=\"w-separator size_small\"><\/div><div class=\"w-hwrapper leistung_elm valign_top align_none\"><div class=\"w-btn-wrapper align_none\"><a class=\"w-btn us-btn-style_3 icon_atleft\" href=\"#\"><i class=\"fal fa-chevron-right\"><\/i><span class=\"w-btn-label\">More information<\/span><\/a><\/div><\/div><div class=\"w-separator size_small\"><\/div><\/div><\/div><a href=\"\/en\/standorte\/nordrhein-westfahlen\/\" class=\"vc_column-link smooth-scroll\" aria-label=\"link\"><\/a><\/div><\/div><\/div><\/div><\/div><\/div><\/section>","protected":false},"excerpt":{"rendered":"Company Headquarters &amp; Areas of Operation Locations Locations Operating nationwide The DE BLOIS SECURITY group of companies serves its customers nationwide and in neighboring European countries. info@deblois.de Remscheid Location Wermelskirchener Stra\u00dfe 27 D-42859 Remscheid +49 (0) 2191-3701-0 +49 (0) 2191-3701-30 Dresden Location Magdeburgburger Stra\u00dfe 58 D-01067 Dresden +49 (0) 351-4982-111 +49 (0) 351-4982-112 De Blois Security Our Areas of Operation Saxony Region DE BLOIS SECURITY is...","protected":false},"author":1,"featured_media":0,"parent":0,"menu_order":0,"comment_status":"closed","ping_status":"closed","template":"","meta":{"_acf_changed":false,"inline_featured_image":false,"footnotes":""},"class_list":["post-228","page","type-page","status-publish","hentry"],"acf":[],"yoast_head":"<!-- This site is optimized with the Yoast SEO plugin v26.7 - https:\/\/yoast.com\/wordpress\/plugins\/seo\/ -->\n<title>Standorte | DE BLOIS SECURITY bundesweit<\/title>\n<meta name=\"description\" content=\"DE BLOIS SECURITY: Ihr Sicherheitsdienst in NRW, Sachsen &amp; bundesweit. Vertrauen Sie auf Erfahrung, moderne Technik &amp; pers\u00f6nliche Betreuung.\" \/>\n<meta name=\"robots\" content=\"index, follow, max-snippet:-1, max-image-preview:large, max-video-preview:-1\" \/>\n<link rel=\"canonical\" href=\"https:\/\/stage.deblois.de\/standorte\/\" \/>\n<meta property=\"og:locale\" content=\"en_GB\" \/>\n<meta property=\"og:type\" content=\"article\" \/>\n<meta property=\"og:title\" content=\"Standorte | DE BLOIS SECURITY bundesweit\" \/>\n<meta property=\"og:description\" content=\"DE BLOIS SECURITY: Ihr Sicherheitsdienst in NRW, Sachsen &amp; bundesweit. Vertrauen Sie auf Erfahrung, moderne Technik &amp; pers\u00f6nliche Betreuung.\" \/>\n<meta property=\"og:url\" content=\"https:\/\/stage.deblois.de\/standorte\/\" \/>\n<meta property=\"og:site_name\" content=\"DE BLOIS SECURITY\" \/>\n<meta property=\"article:modified_time\" content=\"2025-09-29T07:40:58+00:00\" \/>\n<meta name=\"twitter:card\" content=\"summary_large_image\" \/>\n<meta name=\"twitter:label1\" content=\"Estimated reading time\" \/>\n\t<meta name=\"twitter:data1\" content=\"4 minutes\" \/>\n<script type=\"application\/ld+json\" class=\"yoast-schema-graph\">{\"@context\":\"https:\/\/schema.org\",\"@graph\":[{\"@type\":\"WebPage\",\"@id\":\"https:\/\/stage.deblois.de\/standorte\/\",\"url\":\"https:\/\/stage.deblois.de\/standorte\/\",\"name\":\"Standorte | DE BLOIS SECURITY bundesweit\",\"isPartOf\":{\"@id\":\"https:\/\/stage.deblois.de\/#website\"},\"datePublished\":\"2025-06-05T09:28:37+00:00\",\"dateModified\":\"2025-09-29T07:40:58+00:00\",\"description\":\"DE BLOIS SECURITY: Ihr Sicherheitsdienst in NRW, Sachsen & bundesweit. Vertrauen Sie auf Erfahrung, moderne Technik & pers\u00f6nliche Betreuung.\",\"breadcrumb\":{\"@id\":\"https:\/\/stage.deblois.de\/standorte\/#breadcrumb\"},\"inLanguage\":\"en-GB\",\"potentialAction\":[{\"@type\":\"ReadAction\",\"target\":[\"https:\/\/stage.deblois.de\/standorte\/\"]}]},{\"@type\":\"BreadcrumbList\",\"@id\":\"https:\/\/stage.deblois.de\/standorte\/#breadcrumb\",\"itemListElement\":[{\"@type\":\"ListItem\",\"position\":1,\"name\":\"Home\",\"item\":\"https:\/\/stage.deblois.de\/\"},{\"@type\":\"ListItem\",\"position\":2,\"name\":\"Standorte\"}]},{\"@type\":\"WebSite\",\"@id\":\"https:\/\/stage.deblois.de\/#website\",\"url\":\"https:\/\/stage.deblois.de\/\",\"name\":\"DE BLOIS SECURITY\",\"description\":\"\",\"potentialAction\":[{\"@type\":\"SearchAction\",\"target\":{\"@type\":\"EntryPoint\",\"urlTemplate\":\"https:\/\/stage.deblois.de\/?s={search_term_string}\"},\"query-input\":{\"@type\":\"PropertyValueSpecification\",\"valueRequired\":true,\"valueName\":\"search_term_string\"}}],\"inLanguage\":\"en-GB\"}]}<\/script>\n<!-- \/ Yoast SEO plugin. -->","yoast_head_json":{"title":"Locations | DE BLOIS SECURITY nationwide","description":"DE BLOIS SECURITY: Your security service in North Rhine-Westphalia, Saxony, and nationwide. Trust in our experience, modern technology, and personal service.","robots":{"index":"index","follow":"follow","max-snippet":"max-snippet:-1","max-image-preview":"max-image-preview:large","max-video-preview":"max-video-preview:-1"},"canonical":"https:\/\/stage.deblois.de\/standorte\/","og_locale":"en_GB","og_type":"article","og_title":"Standorte | DE BLOIS SECURITY bundesweit","og_description":"DE BLOIS SECURITY: Ihr Sicherheitsdienst in NRW, Sachsen & bundesweit. Vertrauen Sie auf Erfahrung, moderne Technik & pers\u00f6nliche Betreuung.","og_url":"https:\/\/stage.deblois.de\/standorte\/","og_site_name":"DE BLOIS SECURITY","article_modified_time":"2025-09-29T07:40:58+00:00","twitter_card":"summary_large_image","twitter_misc":{"Estimated reading time":"4 minutes"},"schema":{"@context":"https:\/\/schema.org","@graph":[{"@type":"WebPage","@id":"https:\/\/stage.deblois.de\/standorte\/","url":"https:\/\/stage.deblois.de\/standorte\/","name":"Locations | DE BLOIS SECURITY nationwide","isPartOf":{"@id":"https:\/\/stage.deblois.de\/#website"},"datePublished":"2025-06-05T09:28:37+00:00","dateModified":"2025-09-29T07:40:58+00:00","description":"DE BLOIS SECURITY: Your security service in North Rhine-Westphalia, Saxony, and nationwide. Trust in our experience, modern technology, and personal service.","breadcrumb":{"@id":"https:\/\/stage.deblois.de\/standorte\/#breadcrumb"},"inLanguage":"en-GB","potentialAction":[{"@type":"ReadAction","target":["https:\/\/stage.deblois.de\/standorte\/"]}]},{"@type":"BreadcrumbList","@id":"https:\/\/stage.deblois.de\/standorte\/#breadcrumb","itemListElement":[{"@type":"ListItem","position":1,"name":"Home","item":"https:\/\/stage.deblois.de\/"},{"@type":"ListItem","position":2,"name":"Standorte"}]},{"@type":"WebSite","@id":"https:\/\/stage.deblois.de\/#website","url":"https:\/\/stage.deblois.de\/","name":"DE BLOIS SECURITY","description":"","potentialAction":[{"@type":"SearchAction","target":{"@type":"EntryPoint","urlTemplate":"https:\/\/stage.deblois.de\/?s={search_term_string}"},"query-input":{"@type":"PropertyValueSpecification","valueRequired":true,"valueName":"search_term_string"}}],"inLanguage":"en-GB"}]}},"_links":{"self":[{"href":"https:\/\/www2.deblois.de\/en\/wp-json\/wp\/v2\/pages\/228","targetHints":{"allow":["GET"]}}],"collection":[{"href":"https:\/\/www2.deblois.de\/en\/wp-json\/wp\/v2\/pages"}],"about":[{"href":"https:\/\/www2.deblois.de\/en\/wp-json\/wp\/v2\/types\/page"}],"author":[{"embeddable":true,"href":"https:\/\/www2.deblois.de\/en\/wp-json\/wp\/v2\/users\/1"}],"replies":[{"embeddable":true,"href":"https:\/\/www2.deblois.de\/en\/wp-json\/wp\/v2\/comments?post=228"}],"version-history":[{"count":31,"href":"https:\/\/www2.deblois.de\/en\/wp-json\/wp\/v2\/pages\/228\/revisions"}],"predecessor-version":[{"id":849,"href":"https:\/\/www2.deblois.de\/en\/wp-json\/wp\/v2\/pages\/228\/revisions\/849"}],"wp:attachment":[{"href":"https:\/\/www2.deblois.de\/en\/wp-json\/wp\/v2\/media?parent=228"}],"curies":[{"name":"wp","href":"https:\/\/api.w.org\/{rel}","templated":true}]}}