{"id":27,"date":"2025-04-02T13:40:55","date_gmt":"2025-04-02T13:40:55","guid":{"rendered":"https:\/\/www2.deblois.de\/?page_id=27"},"modified":"2025-09-29T07:41:47","modified_gmt":"2025-09-29T07:41:47","slug":"leistungen","status":"publish","type":"page","link":"https:\/\/www2.deblois.de\/en\/leistungen\/","title":{"rendered":"Services"},"content":{"rendered":"<section class=\"l-section wpb_row waben height_small\"><div class=\"l-section-h i-cf\"><div class=\"g-cols vc_row via_grid cols_1 laptops-cols_inherit tablets-cols_inherit mobiles-cols_1 valign_top type_default stacking_default\"><div class=\"wpb_column vc_column_container\"><div class=\"vc_column-inner\"><div class=\"w-text ueber\"><span class=\"w-text-h\"><span class=\"w-text-value\">De Blois Security<\/span><\/span><\/div><div class=\"wpb_text_column\"><div class=\"wpb_wrapper\"><h1><span class=\"underline\">Services<\/span> at a glance<\/h1>\n<\/div><\/div><\/div><\/div><\/div><\/div><\/section><section class=\"l-section wpb_row height_auto\"><div class=\"l-section-h i-cf\"><div class=\"g-cols vc_row via_grid cols_1 laptops-cols_inherit tablets-cols_inherit mobiles-cols_1 valign_top type_default stacking_default\"><div class=\"wpb_column vc_column_container\"><div class=\"vc_column-inner\"><div class=\"w-separator size_medium\"><\/div><div class=\"g-cols wpb_row via_grid cols_3-1 laptops-cols_inherit tablets-cols_inherit mobiles-cols_1 valign_middle type_default stacking_default\" style=\"--columns-gap:5rem;--laptops-columns-gap:5rem;--tablets-columns-gap:5rem;--mobiles-columns-gap:2.5rem;\"><div class=\"wpb_column vc_column_container\"><div class=\"vc_column-inner\"><div class=\"wpb_text_column\"><div class=\"wpb_wrapper\"><h5>Service with standards \u2013 Because trust must be protected<\/h5>\n<p>As a true service provider, we see our work as supporting your success. We listen, analyze, and implement targeted measures \u2013 with qualified, motivated, and attentive staff. Our employees are not just security guards, they are also your calling card: friendly, reliable, and professional.<\/p>\n<p>We would be happy to work with you to develop a security concept that fits your needs \u2013 flexibly scalable, legally compliant, and economically viable.<\/p>\n<\/div><\/div><\/div><\/div><div class=\"wpb_column vc_column_container\"><div class=\"vc_column-inner\"><div class=\"w-vwrapper align_center valign_top\"><div class=\"w-image us_custom_6f4a0ea7 bild-freigestellt align_none\"><div class=\"w-image-h\"><img decoding=\"async\" width=\"655\" height=\"1000\" src=\"https:\/\/www2.deblois.de\/wp-content\/uploads\/2025\/06\/qualifikation.webp\" class=\"attachment-large size-large\" alt=\"Frau in schwarzer Weste und wei\u00dfem Hemd, tr\u00e4gt gelbes Halstuch, H\u00e4nde in der H\u00fcfte, vor wei\u00dfem Hintergrund.\" loading=\"lazy\" srcset=\"https:\/\/www2.deblois.de\/wp-content\/uploads\/2025\/06\/qualifikation.webp 655w, https:\/\/www2.deblois.de\/wp-content\/uploads\/2025\/06\/qualifikation-197x300.webp 197w, https:\/\/www2.deblois.de\/wp-content\/uploads\/2025\/06\/qualifikation-8x12.webp 8w\" sizes=\"auto, (max-width: 655px) 100vw, 655px\" \/><\/div><\/div><\/div>\n\t<div class=\"wpb_raw_code wpb_raw_html wpb_content_element us_custom_909b2fd0\" >\n\t\t<div class=\"wpb_wrapper\">\n\t\t\t<div class=\"bildlinie klein\"><\/div>\n\t\t<\/div>\n\t<\/div>\n<\/div><\/div><\/div><\/div><\/div><\/div><\/div><\/section><section class=\"l-section wpb_row height_medium\"><div class=\"l-section-h i-cf\"><div class=\"g-cols vc_row via_grid cols_1 laptops-cols_inherit tablets-cols_inherit mobiles-cols_1 valign_top type_default stacking_default\"><div class=\"wpb_column vc_column_container\"><div class=\"vc_column-inner\"><div class=\"g-cols wpb_row via_grid cols_2 laptops-cols_inherit tablets-cols_inherit mobiles-cols_1 valign_top type_default\" style=\"--columns-gap:2rem;\"><div class=\"wpb_column vc_column_container us_custom_262b332b grow has-link\"><div class=\"vc_column-inner\"><div class=\"w-hwrapper valign_middle align_left\" style=\"--hwrapper-gap:0.7rem\"><div class=\"w-iconbox iconpos_left style_default color_custom align_left no_text no_title\"><div class=\"w-iconbox-icon\" style=\"font-size:3rem;--icon-color:#ccc;\"><i class=\"fas fa-shield-alt\"><\/i><\/div><div class=\"w-iconbox-meta\"><\/div><\/div><div class=\"w-vwrapper align_left valign_top\" style=\"--vwrapper-gap:0.2rem\"><h6 class=\"w-text\"><span class=\"w-text-h\"><span class=\"w-text-value\">Property, plant and personal protection<\/span><\/span><\/h6><\/div><\/div><div class=\"w-separator size_small\"><\/div><div class=\"wpb_text_column\"><div class=\"wpb_wrapper\"><p>Reliable security service with 50 years of experience: plant security, access control &amp; security solutions.<\/p>\n<\/div><\/div><div class=\"w-separator size_small\"><\/div><div class=\"w-separator size_custom\" style=\"height:15px\"><\/div><div class=\"w-btn-wrapper align_none\"><a class=\"w-btn us-btn-style_3 us_custom_e0a94803 icon_atleft\" href=\"\/en\/leistungen\/objekt-werk-und-personenschutz\/\"><i class=\"fal fa-chevron-right\"><\/i><span class=\"w-btn-label\">Learn more<\/span><\/a><\/div><\/div><a href=\"\/en\/leistungen\/objekt-werk-und-personenschutz\/\" class=\"vc_column-link smooth-scroll\" aria-label=\"link\"><\/a><\/div><div class=\"wpb_column vc_column_container us_custom_262b332b grow has-link\"><div class=\"vc_column-inner\"><div class=\"w-hwrapper valign_middle align_left\" style=\"--hwrapper-gap:0.7rem\"><div class=\"w-iconbox iconpos_left style_default color_custom align_left no_text no_title\"><div class=\"w-iconbox-icon\" style=\"font-size:3rem;--icon-color:#ccc;\"><i class=\"fas fa-car\"><\/i><\/div><div class=\"w-iconbox-meta\"><\/div><\/div><div class=\"w-vwrapper align_left valign_top\" style=\"--vwrapper-gap:0.2rem\"><h6 class=\"w-text\"><span class=\"w-text-h\"><span class=\"w-text-value\">Precinct and patrol service<\/span><\/span><\/h6><\/div><\/div><div class=\"w-separator size_small\"><\/div><div class=\"wpb_text_column\"><div class=\"wpb_wrapper\"><p>Mobile security services for businesses and private individuals: patrol and patrol services with digital documentation and NSL.<\/p>\n<\/div><\/div><div class=\"w-separator size_small\"><\/div><div class=\"w-separator size_custom\" style=\"height:15px\"><\/div><div class=\"w-btn-wrapper align_none\"><a class=\"w-btn us-btn-style_3 us_custom_e0a94803 icon_atleft\" href=\"\/en\/leistungen\/revier-und-streifendienst\/\"><i class=\"fal fa-chevron-right\"><\/i><span class=\"w-btn-label\">Learn more<\/span><\/a><\/div><\/div><a href=\"\/en\/leistungen\/revier-und-streifendienst\/\" class=\"vc_column-link smooth-scroll\" aria-label=\"link\"><\/a><\/div><\/div><div class=\"w-separator size_custom\" style=\"height:2rem\"><\/div><div class=\"g-cols wpb_row via_grid cols_2 laptops-cols_inherit tablets-cols_inherit mobiles-cols_1 valign_top type_default\" style=\"--columns-gap:2rem;\"><div class=\"wpb_column vc_column_container us_custom_262b332b grow has-link\"><div class=\"vc_column-inner\"><div class=\"w-hwrapper valign_middle align_left\" style=\"--hwrapper-gap:0.7rem\"><div class=\"w-iconbox iconpos_left style_default color_custom align_left no_text no_title\"><div class=\"w-iconbox-icon\" style=\"font-size:3rem;--icon-color:#ccc;\"><i class=\"fas fa-sack-dollar\"><\/i><\/div><div class=\"w-iconbox-meta\"><\/div><\/div><div class=\"w-vwrapper align_left valign_top\" style=\"--vwrapper-gap:0.2rem\"><h5 class=\"w-text\"><span class=\"w-text-h\"><span class=\"w-text-value\">Valuables, receipts and money transport<\/span><\/span><\/h5><\/div><\/div><div class=\"w-separator size_small\"><\/div><div class=\"wpb_text_column\"><div class=\"wpb_wrapper\"><p>Secure cash and valuables transport by professionals. Armored vehicles, real-time monitoring, and cash processing.<\/p>\n<\/div><\/div><div class=\"w-separator size_small\"><\/div><div class=\"w-separator size_custom\" style=\"height:15px\"><\/div><div class=\"w-btn-wrapper align_none\"><a class=\"w-btn us-btn-style_3 us_custom_e0a94803 icon_atleft\" href=\"\/en\/leistungen\/wert-beleg-und-geldtransporte\/\"><i class=\"fal fa-chevron-right\"><\/i><span class=\"w-btn-label\">Learn more<\/span><\/a><\/div><\/div><a href=\"\/en\/leistungen\/wert-beleg-und-geldtransporte\/\" class=\"vc_column-link smooth-scroll\" aria-label=\"link\"><\/a><\/div><div class=\"wpb_column vc_column_container us_custom_262b332b grow has-link\"><div class=\"vc_column-inner\"><div class=\"w-hwrapper valign_middle align_left\" style=\"--hwrapper-gap:0.7rem\"><div class=\"w-iconbox iconpos_left style_default color_custom align_left no_text no_title\"><div class=\"w-iconbox-icon\" style=\"font-size:3rem;--icon-color:#ccc;\"><i class=\"fas fa-binoculars\"><\/i><\/div><div class=\"w-iconbox-meta\"><\/div><\/div><div class=\"w-vwrapper align_left valign_top\" style=\"--vwrapper-gap:0.2rem\"><h5 class=\"w-text\"><span class=\"w-text-h\"><span class=\"w-text-value\">Reception and telephone services<\/span><\/span><\/h5><\/div><\/div><div class=\"w-separator size_small\"><\/div><div class=\"wpb_text_column\"><div class=\"wpb_wrapper\"><p>Friendly. Competent. International: Reception and telephone service for your company.<\/p>\n<\/div><\/div><div class=\"w-separator size_small\"><\/div><div class=\"w-separator size_custom\" style=\"height:15px\"><\/div><div class=\"w-btn-wrapper align_none\"><a class=\"w-btn us-btn-style_3 us_custom_e0a94803 icon_atleft\" href=\"\/en\/leistungen\/empfangs-und-aufsichtsdienst\/\"><i class=\"fal fa-chevron-right\"><\/i><span class=\"w-btn-label\">Learn more<\/span><\/a><\/div><\/div><a href=\"\/en\/leistungen\/empfangs-und-aufsichtsdienst\/\" class=\"vc_column-link smooth-scroll\" aria-label=\"link\"><\/a><\/div><\/div><div class=\"w-separator size_custom\" style=\"height:2rem\"><\/div><div class=\"g-cols wpb_row via_grid cols_2 laptops-cols_inherit tablets-cols_inherit mobiles-cols_1 valign_top type_default\" style=\"--columns-gap:2rem;\"><div class=\"wpb_column vc_column_container us_custom_262b332b grow has-link\"><div class=\"vc_column-inner\"><div class=\"w-hwrapper valign_middle align_left\" style=\"--hwrapper-gap:0.7rem\"><div class=\"w-iconbox iconpos_left style_default color_custom align_left no_text no_title\"><div class=\"w-iconbox-icon\" style=\"font-size:3rem;--icon-color:#ccc;\"><i class=\"fas fa-file-chart-line\"><\/i><\/div><div class=\"w-iconbox-meta\"><\/div><\/div><div class=\"w-vwrapper align_left valign_top\" style=\"--vwrapper-gap:0.2rem\"><h5 class=\"w-text\"><span class=\"w-text-h\"><span class=\"w-text-value\">Security analyses<\/span><\/span><\/h5><\/div><\/div><div class=\"w-separator size_small\"><\/div><div class=\"wpb_text_column\"><div class=\"wpb_wrapper\"><p>Security analyses for companies and authorities: Identify risks, uncover vulnerabilities, develop solutions.<\/p>\n<\/div><\/div><div class=\"w-separator size_small\"><\/div><div class=\"w-separator size_custom\" style=\"height:15px\"><\/div><div class=\"w-btn-wrapper align_none\"><a class=\"w-btn us-btn-style_3 us_custom_e0a94803 icon_atleft\" href=\"\/en\/leistungen\/sicherheitsanalysen\/\"><i class=\"fal fa-chevron-right\"><\/i><span class=\"w-btn-label\">Learn more<\/span><\/a><\/div><\/div><a href=\"\/en\/leistungen\/sicherheitsanalysen\/\" class=\"vc_column-link smooth-scroll\" aria-label=\"link\"><\/a><\/div><div class=\"wpb_column vc_column_container us_custom_262b332b grow has-link\"><div class=\"vc_column-inner\"><div class=\"w-hwrapper valign_middle align_left\" style=\"--hwrapper-gap:0.7rem\"><div class=\"w-iconbox iconpos_left style_default color_custom align_left no_text no_title\"><div class=\"w-iconbox-icon\" style=\"font-size:3rem;--icon-color:#ccc;\"><i class=\"fas fa-user-shield\"><\/i><\/div><div class=\"w-iconbox-meta\"><\/div><\/div><div class=\"w-vwrapper align_left valign_top\" style=\"--vwrapper-gap:0.2rem\"><h5 class=\"w-text\"><span class=\"w-text-h\"><span class=\"w-text-value\">Municipal security services<\/span><\/span><\/h5><\/div><\/div><div class=\"w-separator size_small\"><\/div><div class=\"wpb_text_column\"><div class=\"wpb_wrapper\"><p>Security services for municipalities: patrols, checks, and event security. Flexible and responsive.<\/p>\n<\/div><\/div><div class=\"w-separator size_small\"><\/div><div class=\"w-separator size_custom\" style=\"height:15px\"><\/div><div class=\"w-btn-wrapper align_none\"><a class=\"w-btn us-btn-style_3 us_custom_e0a94803 icon_atleft\" href=\"\/en\/leistungen\/kommunale-sicherheitsdienste\/\"><i class=\"fal fa-chevron-right\"><\/i><span class=\"w-btn-label\">Learn more<\/span><\/a><\/div><\/div><a href=\"\/en\/leistungen\/kommunale-sicherheitsdienste\/\" class=\"vc_column-link smooth-scroll\" aria-label=\"link\"><\/a><\/div><\/div><div class=\"w-separator size_custom\" style=\"height:2rem\"><\/div><div class=\"g-cols wpb_row via_grid cols_2 laptops-cols_inherit tablets-cols_inherit mobiles-cols_1 valign_top type_default\" style=\"--columns-gap:2rem;\"><div class=\"wpb_column vc_column_container us_custom_262b332b grow has-link\"><div class=\"vc_column-inner\"><div class=\"w-hwrapper valign_middle align_left\" style=\"--hwrapper-gap:0.7rem\"><div class=\"w-iconbox iconpos_left style_default color_custom align_left no_text no_title\"><div class=\"w-iconbox-icon\" style=\"font-size:3rem;--icon-color:#ccc;\"><i class=\"fas fa-fire\"><\/i><\/div><div class=\"w-iconbox-meta\"><\/div><\/div><div class=\"w-vwrapper align_left valign_top\" style=\"--vwrapper-gap:0.2rem\"><h5 class=\"w-text\"><span class=\"w-text-h\"><span class=\"w-text-value\">Preventive fire protection<\/span><\/span><\/h5><\/div><\/div><div class=\"w-separator size_small\"><\/div><div class=\"wpb_text_column\"><div class=\"wpb_wrapper\"><p>Customized fire protection from the experts. Risk analysis, fire monitoring, and prevention \u2013 DE BLOIS SECURITY protects people, assets, and processes.<\/p>\n<\/div><\/div><div class=\"w-separator size_small\"><\/div><div class=\"w-separator size_custom\" style=\"height:15px\"><\/div><div class=\"w-btn-wrapper align_none\"><a class=\"w-btn us-btn-style_3 us_custom_e0a94803 icon_atleft\" href=\"\/en\/leistungen\/vorbeugender-brandschutz\/\"><i class=\"fal fa-chevron-right\"><\/i><span class=\"w-btn-label\">Learn more<\/span><\/a><\/div><\/div><a href=\"\/en\/leistungen\/vorbeugender-brandschutz\/\" class=\"vc_column-link smooth-scroll\" aria-label=\"link\"><\/a><\/div><div class=\"wpb_column vc_column_container us_custom_262b332b grow has-link\"><div class=\"vc_column-inner\"><div class=\"w-hwrapper valign_middle align_left\" style=\"--hwrapper-gap:0.7rem\"><div class=\"w-iconbox iconpos_left style_default color_custom align_left no_text no_title\"><div class=\"w-iconbox-icon\" style=\"font-size:3rem;--icon-color:#ccc;\"><i class=\"fas fa-building\"><\/i><\/div><div class=\"w-iconbox-meta\"><\/div><\/div><div class=\"w-vwrapper align_left valign_top\" style=\"--vwrapper-gap:0.2rem\"><h5 class=\"w-text\"><span class=\"w-text-h\"><span class=\"w-text-value\">Facility management<\/span><\/span><\/h5><\/div><\/div><div class=\"w-separator size_small\"><\/div><div class=\"wpb_text_column\"><div class=\"wpb_wrapper\"><p>Efficient facility management with DE BLOIS SECURITY: Technical, organizational, and cost-effective. For smooth processes and optimal value retention.<\/p>\n<\/div><\/div><div class=\"w-separator size_small\"><\/div><div class=\"w-separator size_custom\" style=\"height:15px\"><\/div><div class=\"w-btn-wrapper align_none\"><a class=\"w-btn us-btn-style_3 us_custom_e0a94803 icon_atleft\" href=\"\/en\/leistungen\/facility-management\/\"><i class=\"fal fa-chevron-right\"><\/i><span class=\"w-btn-label\">Learn more<\/span><\/a><\/div><\/div><a href=\"\/en\/leistungen\/facility-management\/\" class=\"vc_column-link smooth-scroll\" aria-label=\"link\"><\/a><\/div><\/div><div class=\"w-separator size_custom\" style=\"height:2rem\"><\/div><div class=\"g-cols wpb_row via_grid cols_2 laptops-cols_inherit tablets-cols_inherit mobiles-cols_1 valign_top type_default\" style=\"--columns-gap:2rem;\"><div class=\"wpb_column vc_column_container us_custom_262b332b grow has-link\"><div class=\"vc_column-inner\"><div class=\"w-hwrapper valign_middle align_left\" style=\"--hwrapper-gap:0.7rem\"><div class=\"w-iconbox iconpos_left style_default color_custom align_left no_text no_title\"><div class=\"w-iconbox-icon\" style=\"font-size:3rem;--icon-color:#ccc;\"><i class=\"fas fa-desktop-alt\"><\/i><\/div><div class=\"w-iconbox-meta\"><\/div><\/div><div class=\"w-vwrapper align_left valign_top\" style=\"--vwrapper-gap:0.2rem\"><h5 class=\"w-text\"><span class=\"w-text-h\"><span class=\"w-text-value\">Software solutions<\/span><\/span><\/h5><\/div><\/div><div class=\"w-separator size_small\"><\/div><div class=\"wpb_text_column\"><div class=\"wpb_wrapper\"><p>Digitally manage security processes with software solutions from DE BLOIS SECURITY: modular, secure, efficient.<\/p>\n<\/div><\/div><div class=\"w-separator size_small\"><\/div><div class=\"w-separator size_small\"><\/div><div class=\"w-separator size_custom\" style=\"height:15px\"><\/div><div class=\"w-btn-wrapper align_none\"><a class=\"w-btn us-btn-style_3 us_custom_e0a94803 icon_atleft\" href=\"\/en\/leistungen\/softwareloesungen\/\"><i class=\"fal fa-chevron-right\"><\/i><span class=\"w-btn-label\">Learn more<\/span><\/a><\/div><\/div><a href=\"\/en\/leistungen\/objekt-werk-und-personenschutz\/\" class=\"vc_column-link smooth-scroll\" aria-label=\"link\"><\/a><\/div><\/div><\/div><\/div><\/div><\/div><\/section>","protected":false},"excerpt":{"rendered":"De Blois Security Services at a Glance High-Quality Service \u2013 Because Trust Must Be Protected As a true service provider, we see our work as supporting your success. We listen, analyze, and implement targeted solutions \u2013 with qualified, motivated, and attentive staff. Our employees are not just security guards, they are also your calling card: friendly,...","protected":false},"author":1,"featured_media":0,"parent":0,"menu_order":0,"comment_status":"closed","ping_status":"closed","template":"","meta":{"_acf_changed":false,"inline_featured_image":false,"footnotes":""},"class_list":["post-27","page","type-page","status-publish","hentry"],"acf":[],"yoast_head":"<!-- This site is optimized with the Yoast SEO plugin v26.7 - https:\/\/yoast.com\/wordpress\/plugins\/seo\/ -->\n<title>Leistungen | DE BLOIS SECURITY<\/title>\n<meta name=\"description\" content=\"Entdecken Sie unsere Sicherheitsdienste: Objektschutz, Revierdienst, Geldtransporte, Brandschutz, Empfang &amp; mehr \u2013 individuell &amp; zuverl\u00e4ssig.\" \/>\n<meta name=\"robots\" content=\"index, follow, max-snippet:-1, max-image-preview:large, max-video-preview:-1\" \/>\n<link rel=\"canonical\" href=\"https:\/\/stage.deblois.de\/leistungen\/\" \/>\n<meta property=\"og:locale\" content=\"en_GB\" \/>\n<meta property=\"og:type\" content=\"article\" \/>\n<meta property=\"og:title\" content=\"Leistungen | DE BLOIS SECURITY\" \/>\n<meta property=\"og:description\" content=\"Entdecken Sie unsere Sicherheitsdienste: Objektschutz, Revierdienst, Geldtransporte, Brandschutz, Empfang &amp; mehr \u2013 individuell &amp; zuverl\u00e4ssig.\" \/>\n<meta property=\"og:url\" content=\"https:\/\/stage.deblois.de\/leistungen\/\" \/>\n<meta property=\"og:site_name\" content=\"DE BLOIS SECURITY\" \/>\n<meta property=\"article:modified_time\" content=\"2025-09-29T07:41:47+00:00\" \/>\n<meta name=\"twitter:card\" content=\"summary_large_image\" \/>\n<meta name=\"twitter:label1\" content=\"Estimated reading time\" \/>\n\t<meta name=\"twitter:data1\" content=\"18 minutes\" \/>\n<script type=\"application\/ld+json\" class=\"yoast-schema-graph\">{\"@context\":\"https:\/\/schema.org\",\"@graph\":[{\"@type\":\"WebPage\",\"@id\":\"https:\/\/stage.deblois.de\/leistungen\/\",\"url\":\"https:\/\/stage.deblois.de\/leistungen\/\",\"name\":\"Leistungen | DE BLOIS SECURITY\",\"isPartOf\":{\"@id\":\"https:\/\/stage.deblois.de\/#website\"},\"datePublished\":\"2025-04-02T13:40:55+00:00\",\"dateModified\":\"2025-09-29T07:41:47+00:00\",\"description\":\"Entdecken Sie unsere Sicherheitsdienste: Objektschutz, Revierdienst, Geldtransporte, Brandschutz, Empfang & mehr \u2013 individuell & zuverl\u00e4ssig.\",\"breadcrumb\":{\"@id\":\"https:\/\/stage.deblois.de\/leistungen\/#breadcrumb\"},\"inLanguage\":\"en-GB\",\"potentialAction\":[{\"@type\":\"ReadAction\",\"target\":[\"https:\/\/stage.deblois.de\/leistungen\/\"]}]},{\"@type\":\"BreadcrumbList\",\"@id\":\"https:\/\/stage.deblois.de\/leistungen\/#breadcrumb\",\"itemListElement\":[{\"@type\":\"ListItem\",\"position\":1,\"name\":\"Home\",\"item\":\"https:\/\/stage.deblois.de\/\"},{\"@type\":\"ListItem\",\"position\":2,\"name\":\"Leistungen\"}]},{\"@type\":\"WebSite\",\"@id\":\"https:\/\/stage.deblois.de\/#website\",\"url\":\"https:\/\/stage.deblois.de\/\",\"name\":\"DE BLOIS SECURITY\",\"description\":\"\",\"potentialAction\":[{\"@type\":\"SearchAction\",\"target\":{\"@type\":\"EntryPoint\",\"urlTemplate\":\"https:\/\/stage.deblois.de\/?s={search_term_string}\"},\"query-input\":{\"@type\":\"PropertyValueSpecification\",\"valueRequired\":true,\"valueName\":\"search_term_string\"}}],\"inLanguage\":\"en-GB\"}]}<\/script>\n<!-- \/ Yoast SEO plugin. -->","yoast_head_json":{"title":"Services | DE BLOIS SECURITY","description":"Discover our security services: property protection, patrol services, cash transport, fire protection, reception &amp; more \u2013 customized &amp; reliable.","robots":{"index":"index","follow":"follow","max-snippet":"max-snippet:-1","max-image-preview":"max-image-preview:large","max-video-preview":"max-video-preview:-1"},"canonical":"https:\/\/stage.deblois.de\/leistungen\/","og_locale":"en_GB","og_type":"article","og_title":"Leistungen | DE BLOIS SECURITY","og_description":"Entdecken Sie unsere Sicherheitsdienste: Objektschutz, Revierdienst, Geldtransporte, Brandschutz, Empfang & mehr \u2013 individuell & zuverl\u00e4ssig.","og_url":"https:\/\/stage.deblois.de\/leistungen\/","og_site_name":"DE BLOIS SECURITY","article_modified_time":"2025-09-29T07:41:47+00:00","twitter_card":"summary_large_image","twitter_misc":{"Estimated reading time":"18 minutes"},"schema":{"@context":"https:\/\/schema.org","@graph":[{"@type":"WebPage","@id":"https:\/\/stage.deblois.de\/leistungen\/","url":"https:\/\/stage.deblois.de\/leistungen\/","name":"Services | DE BLOIS SECURITY","isPartOf":{"@id":"https:\/\/stage.deblois.de\/#website"},"datePublished":"2025-04-02T13:40:55+00:00","dateModified":"2025-09-29T07:41:47+00:00","description":"Discover our security services: property protection, patrol services, cash transport, fire protection, reception &amp; more \u2013 customized &amp; reliable.","breadcrumb":{"@id":"https:\/\/stage.deblois.de\/leistungen\/#breadcrumb"},"inLanguage":"en-GB","potentialAction":[{"@type":"ReadAction","target":["https:\/\/stage.deblois.de\/leistungen\/"]}]},{"@type":"BreadcrumbList","@id":"https:\/\/stage.deblois.de\/leistungen\/#breadcrumb","itemListElement":[{"@type":"ListItem","position":1,"name":"Home","item":"https:\/\/stage.deblois.de\/"},{"@type":"ListItem","position":2,"name":"Leistungen"}]},{"@type":"WebSite","@id":"https:\/\/stage.deblois.de\/#website","url":"https:\/\/stage.deblois.de\/","name":"DE BLOIS SECURITY","description":"","potentialAction":[{"@type":"SearchAction","target":{"@type":"EntryPoint","urlTemplate":"https:\/\/stage.deblois.de\/?s={search_term_string}"},"query-input":{"@type":"PropertyValueSpecification","valueRequired":true,"valueName":"search_term_string"}}],"inLanguage":"en-GB"}]}},"_links":{"self":[{"href":"https:\/\/www2.deblois.de\/en\/wp-json\/wp\/v2\/pages\/27","targetHints":{"allow":["GET"]}}],"collection":[{"href":"https:\/\/www2.deblois.de\/en\/wp-json\/wp\/v2\/pages"}],"about":[{"href":"https:\/\/www2.deblois.de\/en\/wp-json\/wp\/v2\/types\/page"}],"author":[{"embeddable":true,"href":"https:\/\/www2.deblois.de\/en\/wp-json\/wp\/v2\/users\/1"}],"replies":[{"embeddable":true,"href":"https:\/\/www2.deblois.de\/en\/wp-json\/wp\/v2\/comments?post=27"}],"version-history":[{"count":65,"href":"https:\/\/www2.deblois.de\/en\/wp-json\/wp\/v2\/pages\/27\/revisions"}],"predecessor-version":[{"id":838,"href":"https:\/\/www2.deblois.de\/en\/wp-json\/wp\/v2\/pages\/27\/revisions\/838"}],"wp:attachment":[{"href":"https:\/\/www2.deblois.de\/en\/wp-json\/wp\/v2\/media?parent=27"}],"curies":[{"name":"wp","href":"https:\/\/api.w.org\/{rel}","templated":true}]}}