{"id":280,"date":"2025-06-05T12:00:23","date_gmt":"2025-06-05T12:00:23","guid":{"rendered":"https:\/\/www2.deblois.de\/?page_id=280"},"modified":"2025-09-29T07:45:16","modified_gmt":"2025-09-29T07:45:16","slug":"objekt-werk-und-personenschutz","status":"publish","type":"page","link":"https:\/\/www2.deblois.de\/en\/leistungen\/objekt-werk-und-personenschutz\/","title":{"rendered":"Property, plant and personal protection"},"content":{"rendered":"<section class=\"l-section wpb_row waben height_small\"><div class=\"l-section-h i-cf\"><div class=\"g-cols vc_row via_grid cols_1 laptops-cols_inherit tablets-cols_inherit mobiles-cols_1 valign_top type_default stacking_default\"><div class=\"wpb_column vc_column_container\"><div class=\"vc_column-inner\"><div class=\"w-text ueber\"><span class=\"w-text-h\"><span class=\"w-text-value\">Services<\/span><\/span><\/div><div class=\"wpb_text_column\"><div class=\"wpb_wrapper\"><h2><span class=\"underline\">object<\/span>\u2013 Plant and personal security<\/h2>\n<\/div><\/div><\/div><\/div><\/div><\/div><\/section><section class=\"l-section wpb_row height_auto\"><div class=\"l-section-h i-cf\"><div class=\"g-cols vc_row via_grid cols_2-1 laptops-cols_inherit tablets-cols_inherit mobiles-cols_1 valign_bottom type_default stacking_default\" style=\"--columns-gap:5rem;--laptops-columns-gap:5rem;--tablets-columns-gap:5rem;--mobiles-columns-gap:1.5rem;\"><div class=\"wpb_column vc_column_container\"><div class=\"vc_column-inner\"><div class=\"w-separator size_custom\" style=\"height:4rem\" id=\"k80a\"><style>@media(max-width:600px){ #k80a{height:1.5rem!important}}<\/style><\/div><div class=\"w-text ueber\"><span class=\"w-text-h\"><span class=\"w-text-value\">Safety with responsibility<\/span><\/span><\/div><div class=\"wpb_text_column\"><div class=\"wpb_wrapper\"><h3>Over <span class=\"underline\">50 years of experience<\/span> in property\/plant and personal protection<\/h3>\n<\/div><\/div><div class=\"w-separator size_small\"><\/div><div class=\"wpb_text_column\"><div class=\"wpb_wrapper\"><p>As an owner-managed family business with over five decades of experience,<strong> DE BLOIS SECURITY<\/strong> for reliable, modern, and customized security solutions. Our qualified employees take responsibility so you can focus on your core business.<\/p>\n<p><strong>Our security services in plant security<\/strong> are as individual as the requirements of your company \u2013 from access control to threat defense.<\/p>\n<\/div><\/div><div class=\"w-separator size_medium\"><\/div><div class=\"w-btn-wrapper align_none\"><a class=\"w-btn us-btn-style_1 icon_atleft\" href=\"\/en\/kontakt\/?ihr-betreff=Objekt-, Werk- und Personen\u00adschutz\"><i class=\"fal fa-chevron-right\"><\/i><span class=\"w-btn-label\">Request service now<\/span><\/a><\/div><div class=\"w-separator size_custom\" style=\"height:4rem\" id=\"vae8\"><style>@media(max-width:600px){ #vae8{height:1.5rem!important}}<\/style><\/div><\/div><\/div><div class=\"wpb_column vc_column_container\"><div class=\"vc_column-inner\"><div class=\"w-vwrapper align_center valign_top\"><div class=\"w-image us_custom_05287729 align_none\"><div class=\"w-image-h\"><img decoding=\"async\" width=\"398\" height=\"1000\" src=\"https:\/\/www2.deblois.de\/wp-content\/uploads\/2025\/07\/mann-knopf-ohr.webp\" class=\"attachment-full size-full\" alt=\"Mann in Anzug und Weste mit gestreifter Krawatte steht und blickt zur Seite.\" loading=\"lazy\" srcset=\"https:\/\/www2.deblois.de\/wp-content\/uploads\/2025\/07\/mann-knopf-ohr.webp 398w, https:\/\/www2.deblois.de\/wp-content\/uploads\/2025\/07\/mann-knopf-ohr-119x300.webp 119w, https:\/\/www2.deblois.de\/wp-content\/uploads\/2025\/07\/mann-knopf-ohr-5x12.webp 5w\" sizes=\"auto, (max-width: 398px) 100vw, 398px\" \/><\/div><\/div><\/div><\/div><\/div><\/div><\/div><\/section><section class=\"l-section wpb_row waben height_medium\"><div class=\"l-section-h i-cf\"><div class=\"g-cols vc_row via_grid cols_1-2 laptops-cols_inherit tablets-cols_inherit mobiles-cols_1 valign_middle type_default reversed stacking_default\" style=\"--columns-gap:5rem;--laptops-columns-gap:5rem;--tablets-columns-gap:5rem;--mobiles-columns-gap:1.5rem;\"><div class=\"wpb_column vc_column_container\"><div class=\"vc_column-inner\"><div class=\"w-vwrapper align_center valign_top\"><div class=\"w-image us_custom_f245efd1 align_none\"><div class=\"w-image-h\"><img decoding=\"async\" width=\"642\" height=\"1000\" src=\"https:\/\/www2.deblois.de\/wp-content\/uploads\/2025\/06\/walkie-talkie.webp\" class=\"attachment-full size-full\" alt=\"Sicherheitsmann in Uniform mit Funkger\u00e4t, l\u00e4chelnd, tr\u00e4gt eine schwarze Jacke mit Aufn\u00e4her und schwarze Hose.\" loading=\"lazy\" srcset=\"https:\/\/www2.deblois.de\/wp-content\/uploads\/2025\/06\/walkie-talkie.webp 642w, https:\/\/www2.deblois.de\/wp-content\/uploads\/2025\/06\/walkie-talkie-193x300.webp 193w, https:\/\/www2.deblois.de\/wp-content\/uploads\/2025\/06\/walkie-talkie-8x12.webp 8w\" sizes=\"auto, (max-width: 642px) 100vw, 642px\" \/><\/div><\/div><\/div>\n\t<div class=\"wpb_raw_code wpb_raw_html wpb_content_element us_custom_909b2fd0\" >\n\t\t<div class=\"wpb_wrapper\">\n\t\t\t<div class=\"bildlinie\"><\/div>\n\t\t<\/div>\n\t<\/div>\n<\/div><\/div><div class=\"wpb_column vc_column_container\"><div class=\"vc_column-inner\"><div class=\"w-text ueber\"><span class=\"w-text-h\"><span class=\"w-text-value\">Holistic security solutions<\/span><\/span><\/div><div class=\"wpb_text_column\"><div class=\"wpb_wrapper\"><h3>Tailor-made <span class=\"underline\">Plant security<\/span> for companies of all sizes<\/h3>\n<\/div><\/div><div class=\"w-separator size_small\"><\/div><div class=\"wpb_text_column stichpunkte\"><div class=\"wpb_wrapper\"><p>Whether it&#039;s an industrial facility, logistics center, or research facility, our security personnel are specifically trained for your specific situation. Friendly, competent, and equipped with modern uniforms, our team represents your corporate values to the outside world. Our plant security is more than just security\u2014it&#039;s your calling card.<\/p>\n<p>Our services include:<\/p>\n<ul>\n<li>Access control &amp; visitor reception \u2013 also multilingual and international<\/li>\n<li>Control of flows of people, goods and vehicles<\/li>\n<li>Inspection tours &amp; video surveillance<\/li>\n<li>Locking services &amp; locking security<\/li>\n<li>Key management &amp; documentation<\/li>\n<li>Leakage and incident management<\/li>\n<li>Instruction of rescue workers in an emergency<\/li>\n<\/ul>\n<\/div><\/div><\/div><\/div><\/div><\/div><\/section><section class=\"l-section wpb_row height_medium\"><div class=\"l-section-h i-cf\"><div class=\"g-cols vc_row via_grid cols_2-1 laptops-cols_inherit tablets-cols_inherit mobiles-cols_1 valign_middle type_default stacking_default\" style=\"--columns-gap:5rem;--laptops-columns-gap:5rem;--tablets-columns-gap:5rem;--mobiles-columns-gap:2rem;\"><div class=\"wpb_column vc_column_container\"><div class=\"vc_column-inner\"><div class=\"w-text ueber\"><span class=\"w-text-h\"><span class=\"w-text-value\">Individual and modern<\/span><\/span><\/div><div class=\"wpb_text_column\"><div class=\"wpb_wrapper\"><h3><span class=\"underline\">Intelligent<\/span> Security solutions with system<\/h3>\n<\/div><\/div><div class=\"w-separator size_small\"><\/div><div class=\"wpb_text_column\"><div class=\"wpb_wrapper\"><p>Our services extend far beyond mere personnel placement. Our offerings are complemented by modern technology, digital documentation, preventative risk analyses, and personalized security consulting.<\/p>\n<p>This creates a holistic security concept for you that integrates seamlessly into your processes \u2013 efficient, transparent and future-proof.<\/p>\n<\/div><\/div><\/div><\/div><div class=\"wpb_column vc_column_container\"><div class=\"vc_column-inner\"><div class=\"w-vwrapper align_center valign_top\"><div class=\"w-image us_custom_ca0ce04f align_none\"><div class=\"w-image-h\"><img decoding=\"async\" width=\"433\" height=\"1000\" src=\"https:\/\/www2.deblois.de\/wp-content\/uploads\/2025\/06\/karriere.webp\" class=\"attachment-full size-full\" alt=\"Frau in Uniform mit gelb-blauem Halstuch und verschr\u00e4nkten Armen vor wei\u00dfem Hintergrund.\" loading=\"lazy\" srcset=\"https:\/\/www2.deblois.de\/wp-content\/uploads\/2025\/06\/karriere.webp 433w, https:\/\/www2.deblois.de\/wp-content\/uploads\/2025\/06\/karriere-130x300.webp 130w, https:\/\/www2.deblois.de\/wp-content\/uploads\/2025\/06\/karriere-5x12.webp 5w\" sizes=\"auto, (max-width: 433px) 100vw, 433px\" \/><\/div><\/div><\/div>\n\t<div class=\"wpb_raw_code wpb_raw_html wpb_content_element us_custom_909b2fd0\" >\n\t\t<div class=\"wpb_wrapper\">\n\t\t\t<div class=\"bildlinie klein\"><\/div>\n\t\t<\/div>\n\t<\/div>\n<\/div><\/div><\/div><\/div><\/section><section class=\"l-section wpb_row height_medium\"><div class=\"l-section-h i-cf\"><div class=\"g-cols vc_row via_grid cols_1 laptops-cols_inherit tablets-cols_inherit mobiles-cols_1 valign_top type_default stacking_default\"><div class=\"wpb_column vc_column_container\"><div class=\"vc_column-inner\"><div class=\"g-cols wpb_row us_custom_0e08fea8 via_grid cols_1 laptops-cols_inherit tablets-cols_inherit mobiles-cols_1 valign_top type_default stacking_default\" style=\"--columns-gap:3rem;\"><div class=\"wpb_column vc_column_container\"><div class=\"vc_column-inner\"><div class=\"wpb_text_column\"><div class=\"wpb_wrapper\"><h3>Why DE BLOIS SECURITY?<\/h3>\n<\/div><\/div><div class=\"w-separator size_small\"><\/div><div class=\"wpb_text_column stichpunkte\"><div class=\"wpb_wrapper\"><ul>\n<li>Family business for over 50 years<\/li>\n<li>Certified specialists with \u00a734a expertise<\/li>\n<li>State-of-the-art technology &amp; digital security systems<\/li>\n<li>Individual support &amp; dedicated contact person<\/li>\n<li>Flexibly scalable services \u2013 from day shifts to 24\/7 availability<\/li>\n<\/ul>\n<\/div><\/div><\/div><\/div><\/div><div class=\"w-image us_custom_3a28b024 align_none\"><div class=\"w-image-h\"><img decoding=\"async\" width=\"40\" height=\"50\" src=\"https:\/\/www2.deblois.de\/wp-content\/uploads\/2025\/06\/wappen_dbs_50.png\" class=\"attachment-large size-large\" alt=\"\" loading=\"lazy\" srcset=\"https:\/\/www2.deblois.de\/wp-content\/uploads\/2025\/06\/wappen_dbs_50.png 40w, https:\/\/www2.deblois.de\/wp-content\/uploads\/2025\/06\/wappen_dbs_50-10x12.png 10w\" sizes=\"auto, (max-width: 40px) 100vw, 40px\" \/><\/div><\/div><\/div><\/div><\/div><\/div><\/section><section class=\"l-section wpb_row waben height_medium\"><div class=\"l-section-h i-cf\"><div class=\"g-cols vc_row via_grid cols_1-2 laptops-cols_inherit tablets-cols_inherit mobiles-cols_1 valign_middle type_default stacking_default\" style=\"--columns-gap:5rem;\"><div class=\"wpb_column vc_column_container\"><div class=\"vc_column-inner\"><div class=\"w-image align_none\"><div class=\"w-image-h\"><img decoding=\"async\" width=\"1422\" height=\"1321\" src=\"https:\/\/www2.deblois.de\/wp-content\/uploads\/2025\/06\/startbild_deblois.webp\" class=\"attachment-full size-full\" alt=\"Drei Personen in Sicherheitsuniformen, zwei tragen Anz\u00fcge, eine eine Jacke mit Funkger\u00e4t. Alle tragen Krawatten.\" loading=\"lazy\" srcset=\"https:\/\/www2.deblois.de\/wp-content\/uploads\/2025\/06\/startbild_deblois.webp 1422w, https:\/\/www2.deblois.de\/wp-content\/uploads\/2025\/06\/startbild_deblois-300x279.webp 300w, https:\/\/www2.deblois.de\/wp-content\/uploads\/2025\/06\/startbild_deblois-1024x951.webp 1024w, https:\/\/www2.deblois.de\/wp-content\/uploads\/2025\/06\/startbild_deblois-13x12.webp 13w\" sizes=\"auto, (max-width: 1422px) 100vw, 1422px\" \/><\/div><\/div>\n\t<div class=\"wpb_raw_code wpb_raw_html wpb_content_element us_custom_909b2fd0\" >\n\t\t<div class=\"wpb_wrapper\">\n\t\t\t<div class=\"bildlinie\"><\/div>\n\t\t<\/div>\n\t<\/div>\n<\/div><\/div><div class=\"wpb_column vc_column_container\"><div class=\"vc_column-inner\"><div class=\"w-text ueber\"><span class=\"w-text-h\"><span class=\"w-text-value\">Holistic security solutions<\/span><\/span><\/div><div class=\"wpb_text_column\"><div class=\"wpb_wrapper\"><h3>Her <span class=\"underline\">Security<\/span> in the best hands<\/h3>\n<\/div><\/div><div class=\"w-separator size_small\"><\/div><div class=\"wpb_text_column\"><div class=\"wpb_wrapper\"><p>Whether in daily plant security, in sensitive areas or for special requirements \u2013 with <strong>DE BLOIS SECURITY<\/strong> Choose a security service that is reputable, <strong>Reliability and innovation<\/strong> connects.<\/p>\n<p>Contact us \u2013 We will advise you personally and create a security concept tailored to your needs.<\/p>\n<\/div><\/div><div class=\"w-separator size_medium\"><\/div><div class=\"w-btn-wrapper align_none\"><a class=\"w-btn us-btn-style_1 icon_atleft\" href=\"\/en\/kontakt\/?ihr-betreff=Objekt-, Werk- und Personen\u00adschutz\"><i class=\"fal fa-chevron-right\"><\/i><span class=\"w-btn-label\">Request service now<\/span><\/a><\/div><\/div><\/div><\/div><\/div><\/section><section class=\"l-section wpb_row height_medium\"><div class=\"l-section-h i-cf\"><div class=\"g-cols vc_row via_grid cols_1 laptops-cols_inherit tablets-cols_inherit mobiles-cols_1 valign_top type_default stacking_default\"><div class=\"wpb_column vc_column_container\"><div class=\"vc_column-inner\"><div class=\"wpb_text_column\"><div class=\"wpb_wrapper\"><h3>More <span class=\"underline\">Services<\/span><\/h3>\n<\/div><\/div><div class=\"w-separator size_small\"><\/div><div class=\"g-cols wpb_row via_grid cols_3 laptops-cols_inherit tablets-cols_inherit mobiles-cols_1 valign_top type_default\" style=\"--columns-gap:2rem;\"><div class=\"wpb_column vc_column_container us_custom_a4de5dc1 grow has-link\"><div class=\"vc_column-inner\"><div class=\"w-iconbox iconpos_top style_default color_custom align_none no_text\"><div class=\"w-iconbox-icon\" style=\"font-size:2.5rem;--icon-color:#ccc;\"><i class=\"fas fa-car\"><\/i><\/div><div class=\"w-iconbox-meta\"><h6 class=\"w-iconbox-title\">Precinct and patrol service<\/h6><\/div><\/div><div class=\"w-separator size_small\"><\/div><div class=\"w-separator size_custom\" style=\"height:15px\"><\/div><div class=\"w-btn-wrapper align_none\"><a class=\"w-btn us-btn-style_3 us_custom_e0a94803 icon_atleft\" href=\"\/en\/leistungen\/revier-und-streifendienst\/\"><i class=\"fal fa-chevron-right\"><\/i><span class=\"w-btn-label\">Learn more<\/span><\/a><\/div><\/div><a href=\"\/en\/leistungen\/revier-und-streifendienst\/\" class=\"vc_column-link smooth-scroll\" aria-label=\"link\"><\/a><\/div><div class=\"wpb_column vc_column_container us_custom_a4de5dc1 grow has-link\"><div class=\"vc_column-inner\"><div class=\"w-iconbox iconpos_top style_default color_custom align_none no_text\"><div class=\"w-iconbox-icon\" style=\"font-size:2.5rem;--icon-color:#ccc;\"><i class=\"fas fa-sack-dollar\"><\/i><\/div><div class=\"w-iconbox-meta\"><h6 class=\"w-iconbox-title\">Valuables, receipts and money transport<\/h6><\/div><\/div><div class=\"w-separator size_small\"><\/div><div class=\"w-separator size_custom\" style=\"height:15px\"><\/div><div class=\"w-btn-wrapper align_none\"><a class=\"w-btn us-btn-style_3 us_custom_e0a94803 icon_atleft\" href=\"\/en\/leistungen\/wert-beleg-und-geldtransporte\/\"><i class=\"fal fa-chevron-right\"><\/i><span class=\"w-btn-label\">Learn more<\/span><\/a><\/div><\/div><a href=\"\/en\/leistungen\/wert-beleg-und-geldtransporte\/\" class=\"vc_column-link smooth-scroll\" aria-label=\"link\"><\/a><\/div><div class=\"wpb_column vc_column_container us_custom_a4de5dc1 grow has-link\"><div class=\"vc_column-inner\"><div class=\"w-iconbox iconpos_top style_default color_custom align_none no_text\"><div class=\"w-iconbox-icon\" style=\"font-size:2.5rem;--icon-color:#ccc;\"><i class=\"fas fa-binoculars\"><\/i><\/div><div class=\"w-iconbox-meta\"><h6 class=\"w-iconbox-title\">Reception and telephone services<\/h6><\/div><\/div><div class=\"w-separator size_small\"><\/div><div class=\"w-separator size_custom\" style=\"height:15px\"><\/div><div class=\"w-btn-wrapper align_none\"><a class=\"w-btn us-btn-style_3 us_custom_e0a94803 icon_atleft\" href=\"\/en\/leistungen\/empfangs-und-telefondienste\/\"><i class=\"fal fa-chevron-right\"><\/i><span class=\"w-btn-label\">Learn more<\/span><\/a><\/div><\/div><a href=\"\/en\/leistungen\/empfangs-und-telefondienste\/\" class=\"vc_column-link smooth-scroll\" aria-label=\"link\"><\/a><\/div><\/div><\/div><\/div><\/div><\/div><\/section>","protected":false},"excerpt":{"rendered":"ServicesProperty, Works, and Personal SecuritySecurity with ResponsibilityOver 50 Years of Experience in Property, Works, and Personal SecurityAs an owner-managed family business with over five decades of experience, DE BLOIS SECURITY stands for reliable, modern, and customized security solutions. Our qualified employees take responsibility so you can focus on your core business. Our security services for work security are so individual...","protected":false},"author":1,"featured_media":0,"parent":27,"menu_order":0,"comment_status":"closed","ping_status":"closed","template":"","meta":{"_acf_changed":false,"inline_featured_image":false,"footnotes":""},"class_list":["post-280","page","type-page","status-publish","hentry"],"acf":[],"yoast_head":"<!-- This site is optimized with the Yoast SEO plugin v26.7 - https:\/\/yoast.com\/wordpress\/plugins\/seo\/ -->\n<title>Sicherheitsdienst &amp; Werkschutz | DE BLOIS SECURITY<\/title>\n<meta name=\"description\" content=\"Zuverl\u00e4ssiger Sicherheitsdienst mit 50 Jahren Erfahrung: Werkschutz, Zutrittskontrolle &amp; Sicherheitsl\u00f6sungen. Jetzt individuelle Beratung anfordern.\" \/>\n<meta name=\"robots\" content=\"index, follow, max-snippet:-1, max-image-preview:large, max-video-preview:-1\" \/>\n<link rel=\"canonical\" href=\"https:\/\/stage.deblois.de\/leistungen\/objekt-werk-und-personenschutz\/\" \/>\n<meta property=\"og:locale\" content=\"en_GB\" \/>\n<meta property=\"og:type\" content=\"article\" \/>\n<meta property=\"og:title\" content=\"Sicherheitsdienst &amp; Werkschutz | DE BLOIS SECURITY\" \/>\n<meta property=\"og:description\" content=\"Zuverl\u00e4ssiger Sicherheitsdienst mit 50 Jahren Erfahrung: Werkschutz, Zutrittskontrolle &amp; Sicherheitsl\u00f6sungen. Jetzt individuelle Beratung anfordern.\" \/>\n<meta property=\"og:url\" content=\"https:\/\/stage.deblois.de\/leistungen\/objekt-werk-und-personenschutz\/\" \/>\n<meta property=\"og:site_name\" content=\"DE BLOIS SECURITY\" \/>\n<meta property=\"article:modified_time\" content=\"2025-09-29T07:45:16+00:00\" \/>\n<meta name=\"twitter:card\" content=\"summary_large_image\" \/>\n<meta name=\"twitter:label1\" content=\"Estimated reading time\" \/>\n\t<meta name=\"twitter:data1\" content=\"3 minutes\" \/>\n<script type=\"application\/ld+json\" class=\"yoast-schema-graph\">{\"@context\":\"https:\/\/schema.org\",\"@graph\":[{\"@type\":\"WebPage\",\"@id\":\"https:\/\/stage.deblois.de\/leistungen\/objekt-werk-und-personenschutz\/\",\"url\":\"https:\/\/stage.deblois.de\/leistungen\/objekt-werk-und-personenschutz\/\",\"name\":\"Sicherheitsdienst & Werkschutz | DE BLOIS SECURITY\",\"isPartOf\":{\"@id\":\"https:\/\/stage.deblois.de\/#website\"},\"datePublished\":\"2025-06-05T12:00:23+00:00\",\"dateModified\":\"2025-09-29T07:45:16+00:00\",\"description\":\"Zuverl\u00e4ssiger Sicherheitsdienst mit 50 Jahren Erfahrung: Werkschutz, Zutrittskontrolle & Sicherheitsl\u00f6sungen. Jetzt individuelle Beratung anfordern.\",\"breadcrumb\":{\"@id\":\"https:\/\/stage.deblois.de\/leistungen\/objekt-werk-und-personenschutz\/#breadcrumb\"},\"inLanguage\":\"en-GB\",\"potentialAction\":[{\"@type\":\"ReadAction\",\"target\":[\"https:\/\/stage.deblois.de\/leistungen\/objekt-werk-und-personenschutz\/\"]}]},{\"@type\":\"BreadcrumbList\",\"@id\":\"https:\/\/stage.deblois.de\/leistungen\/objekt-werk-und-personenschutz\/#breadcrumb\",\"itemListElement\":[{\"@type\":\"ListItem\",\"position\":1,\"name\":\"Home\",\"item\":\"https:\/\/stage.deblois.de\/\"},{\"@type\":\"ListItem\",\"position\":2,\"name\":\"Leistungen\",\"item\":\"https:\/\/stage.deblois.de\/leistungen\/\"},{\"@type\":\"ListItem\",\"position\":3,\"name\":\"Objekt-, Werk- und Personen\u00adschutz\"}]},{\"@type\":\"WebSite\",\"@id\":\"https:\/\/stage.deblois.de\/#website\",\"url\":\"https:\/\/stage.deblois.de\/\",\"name\":\"DE BLOIS SECURITY\",\"description\":\"\",\"potentialAction\":[{\"@type\":\"SearchAction\",\"target\":{\"@type\":\"EntryPoint\",\"urlTemplate\":\"https:\/\/stage.deblois.de\/?s={search_term_string}\"},\"query-input\":{\"@type\":\"PropertyValueSpecification\",\"valueRequired\":true,\"valueName\":\"search_term_string\"}}],\"inLanguage\":\"en-GB\"}]}<\/script>\n<!-- \/ Yoast SEO plugin. -->","yoast_head_json":{"title":"Security services &amp; plant protection | DE BLOIS SECURITY","description":"Reliable security service with 50 years of experience: plant security, access control, and security solutions. Request a personalized consultation now.","robots":{"index":"index","follow":"follow","max-snippet":"max-snippet:-1","max-image-preview":"max-image-preview:large","max-video-preview":"max-video-preview:-1"},"canonical":"https:\/\/stage.deblois.de\/leistungen\/objekt-werk-und-personenschutz\/","og_locale":"en_GB","og_type":"article","og_title":"Sicherheitsdienst & Werkschutz | DE BLOIS SECURITY","og_description":"Zuverl\u00e4ssiger Sicherheitsdienst mit 50 Jahren Erfahrung: Werkschutz, Zutrittskontrolle & Sicherheitsl\u00f6sungen. Jetzt individuelle Beratung anfordern.","og_url":"https:\/\/stage.deblois.de\/leistungen\/objekt-werk-und-personenschutz\/","og_site_name":"DE BLOIS SECURITY","article_modified_time":"2025-09-29T07:45:16+00:00","twitter_card":"summary_large_image","twitter_misc":{"Estimated reading time":"3 minutes"},"schema":{"@context":"https:\/\/schema.org","@graph":[{"@type":"WebPage","@id":"https:\/\/stage.deblois.de\/leistungen\/objekt-werk-und-personenschutz\/","url":"https:\/\/stage.deblois.de\/leistungen\/objekt-werk-und-personenschutz\/","name":"Security services &amp; plant protection | DE BLOIS SECURITY","isPartOf":{"@id":"https:\/\/stage.deblois.de\/#website"},"datePublished":"2025-06-05T12:00:23+00:00","dateModified":"2025-09-29T07:45:16+00:00","description":"Reliable security service with 50 years of experience: plant security, access control, and security solutions. Request a personalized consultation now.","breadcrumb":{"@id":"https:\/\/stage.deblois.de\/leistungen\/objekt-werk-und-personenschutz\/#breadcrumb"},"inLanguage":"en-GB","potentialAction":[{"@type":"ReadAction","target":["https:\/\/stage.deblois.de\/leistungen\/objekt-werk-und-personenschutz\/"]}]},{"@type":"BreadcrumbList","@id":"https:\/\/stage.deblois.de\/leistungen\/objekt-werk-und-personenschutz\/#breadcrumb","itemListElement":[{"@type":"ListItem","position":1,"name":"Home","item":"https:\/\/stage.deblois.de\/"},{"@type":"ListItem","position":2,"name":"Leistungen","item":"https:\/\/stage.deblois.de\/leistungen\/"},{"@type":"ListItem","position":3,"name":"Objekt-, Werk- und Personen\u00adschutz"}]},{"@type":"WebSite","@id":"https:\/\/stage.deblois.de\/#website","url":"https:\/\/stage.deblois.de\/","name":"DE BLOIS SECURITY","description":"","potentialAction":[{"@type":"SearchAction","target":{"@type":"EntryPoint","urlTemplate":"https:\/\/stage.deblois.de\/?s={search_term_string}"},"query-input":{"@type":"PropertyValueSpecification","valueRequired":true,"valueName":"search_term_string"}}],"inLanguage":"en-GB"}]}},"_links":{"self":[{"href":"https:\/\/www2.deblois.de\/en\/wp-json\/wp\/v2\/pages\/280","targetHints":{"allow":["GET"]}}],"collection":[{"href":"https:\/\/www2.deblois.de\/en\/wp-json\/wp\/v2\/pages"}],"about":[{"href":"https:\/\/www2.deblois.de\/en\/wp-json\/wp\/v2\/types\/page"}],"author":[{"embeddable":true,"href":"https:\/\/www2.deblois.de\/en\/wp-json\/wp\/v2\/users\/1"}],"replies":[{"embeddable":true,"href":"https:\/\/www2.deblois.de\/en\/wp-json\/wp\/v2\/comments?post=280"}],"version-history":[{"count":39,"href":"https:\/\/www2.deblois.de\/en\/wp-json\/wp\/v2\/pages\/280\/revisions"}],"predecessor-version":[{"id":876,"href":"https:\/\/www2.deblois.de\/en\/wp-json\/wp\/v2\/pages\/280\/revisions\/876"}],"up":[{"embeddable":true,"href":"https:\/\/www2.deblois.de\/en\/wp-json\/wp\/v2\/pages\/27"}],"wp:attachment":[{"href":"https:\/\/www2.deblois.de\/en\/wp-json\/wp\/v2\/media?parent=280"}],"curies":[{"name":"wp","href":"https:\/\/api.w.org\/{rel}","templated":true}]}}