{"id":29,"date":"2025-04-02T13:41:08","date_gmt":"2025-04-02T13:41:08","guid":{"rendered":"https:\/\/www2.deblois.de\/?page_id=29"},"modified":"2025-09-29T07:41:21","modified_gmt":"2025-09-29T07:41:21","slug":"unternehmen","status":"publish","type":"page","link":"https:\/\/www2.deblois.de\/en\/unternehmen\/","title":{"rendered":"Pursue"},"content":{"rendered":"<section class=\"l-section wpb_row waben height_small\"><div class=\"l-section-h i-cf\"><div class=\"g-cols vc_row via_grid cols_1 laptops-cols_inherit tablets-cols_inherit mobiles-cols_1 valign_top type_default stacking_default\"><div class=\"wpb_column vc_column_container\"><div class=\"vc_column-inner\"><div class=\"w-text ueber\"><span class=\"w-text-h\"><span class=\"w-text-value\">The company<\/span><\/span><\/div><div class=\"wpb_text_column\"><div class=\"wpb_wrapper\"><h1>About DE BLOIS SECURITY<\/h1>\n<\/div><\/div><\/div><\/div><\/div><\/div><\/section><section class=\"l-section wpb_row height_medium\"><div class=\"l-section-h i-cf\"><div class=\"g-cols vc_row via_grid cols_1 laptops-cols_inherit tablets-cols_inherit mobiles-cols_1 valign_middle type_default stacking_default\"><div class=\"wpb_column vc_column_container\"><div class=\"vc_column-inner\"><div class=\"w-text ueber\"><span class=\"w-text-h\"><span class=\"w-text-value\">Personal. Reliable. Flexible.<\/span><\/span><\/div><div class=\"wpb_text_column\"><div class=\"wpb_wrapper\"><h2>Security from <span class=\"underline\">Responsibility<\/span><\/h2>\n<\/div><\/div><div class=\"w-separator size_small\"><\/div><div class=\"g-cols wpb_row via_grid cols_3-2 laptops-cols_inherit tablets-cols_inherit mobiles-cols_1 valign_middle type_default stacking_default\" style=\"--columns-gap:5rem;--laptops-columns-gap:5rem;--tablets-columns-gap:5rem;--mobiles-columns-gap:1.5rem;\"><div class=\"wpb_column vc_column_container\"><div class=\"vc_column-inner\"><div class=\"wpb_text_column stichpunkte\"><div class=\"wpb_wrapper\"><p><strong>\u201cYour safety is our job.\u201d<\/strong><\/p>\n<p>We have been following this guiding principle with passion for over 50 years. Whether for industry, business, public institutions or private customers: Our wide range of services in the field of <strong>Security management, property protection, personal protection, patrol services, reception services, facility services, valuables transport or security analyses<\/strong> covers all relevant requirements for a modern security concept.<\/p>\n<h6>What makes us special:<\/h6>\n<ul>\n<li><strong>Family-run &amp; value-oriented<\/strong>: Personal customer loyalty and handshake quality<\/li>\n<li><strong>50+ years of experience<\/strong>: Trust through competence and consistency<\/li>\n<li><strong>Individual security solutions<\/strong>: Tailor-made concepts instead of standards<\/li>\n<li><strong>Modern &amp; reliable<\/strong>: Use of the latest technologies and complete documentation<\/li>\n<li><strong>Nationwide presence<\/strong>: Regionally rooted \u2013 operating throughout Germany<\/li>\n<\/ul>\n<\/div><\/div><\/div><\/div><div class=\"wpb_column vc_column_container\"><div class=\"vc_column-inner\"><div class=\"w-image bild-freigestellt align_none\"><div class=\"w-image-h\"><img decoding=\"async\" width=\"1024\" height=\"951\" src=\"https:\/\/www2.deblois.de\/wp-content\/uploads\/2025\/06\/startbild_deblois-1024x951.webp\" class=\"attachment-large size-large\" alt=\"Drei Personen in Sicherheitsuniformen, zwei tragen Anz\u00fcge, eine eine Jacke mit Funkger\u00e4t. Alle tragen Krawatten.\" loading=\"lazy\" srcset=\"https:\/\/www2.deblois.de\/wp-content\/uploads\/2025\/06\/startbild_deblois-1024x951.webp 1024w, https:\/\/www2.deblois.de\/wp-content\/uploads\/2025\/06\/startbild_deblois-300x279.webp 300w, https:\/\/www2.deblois.de\/wp-content\/uploads\/2025\/06\/startbild_deblois-13x12.webp 13w, https:\/\/www2.deblois.de\/wp-content\/uploads\/2025\/06\/startbild_deblois.webp 1422w\" sizes=\"auto, (max-width: 1024px) 100vw, 1024px\" \/><\/div><\/div>\n\t<div class=\"wpb_raw_code wpb_raw_html wpb_content_element us_custom_909b2fd0\" >\n\t\t<div class=\"wpb_wrapper\">\n\t\t\t<div class=\"bildlinie\"><\/div>\n\t\t<\/div>\n\t<\/div>\n<\/div><\/div><\/div><\/div><\/div><\/div><\/div><\/section><section class=\"l-section wpb_row waben height_medium\" id=\"philosophie\"><div class=\"l-section-h i-cf\"><div class=\"g-cols vc_row via_grid cols_1-2 laptops-cols_inherit tablets-cols_inherit mobiles-cols_1 valign_top type_default stacking_default\" style=\"--columns-gap:5rem;--laptops-columns-gap:5rem;--tablets-columns-gap:5rem;--mobiles-columns-gap:1.5rem;\"><div class=\"wpb_column vc_column_container type_sticky\"><div class=\"vc_column-inner\"><div class=\"w-text ueber\"><span class=\"w-text-h\"><span class=\"w-text-value\">Our mission statement<\/span><\/span><\/div><div class=\"wpb_text_column\"><div class=\"wpb_wrapper\"><h2>philosophy<\/h2>\n<\/div><\/div><\/div><\/div><div class=\"wpb_column vc_column_container\"><div class=\"vc_column-inner\"><div class=\"wpb_text_column\"><div class=\"wpb_wrapper\"><p><strong>Competence, quality, service and trusting partnership<\/strong> \u2013 these values shape the collaboration within the DE BLOIS SECURITY group and with our partners.<\/p>\n<p>As a family business with over 50 years of experience in the market, we combine tradition and expertise to create a reliable foundation. Our many years of experience make us a trusted partner who understands your requirements and provides long-term support.<\/p>\n<p>We place the greatest emphasis on professional expertise, a consistent focus on our clients&#039; individual needs, and the responsible and confidential handling of sensitive information. We always ensure a balance between effort and benefit.<\/p>\n<p>Our services and solutions are guided by the principle of sustainability. We support you in making long-term, strategic decisions that focus on economic efficiency, environmental responsibility, and people \u2013 because only together can ideas become viable realities.<\/p>\n<p>This also includes continuously developing the qualifications of our staff, promoting new skills and designing organizational structures in a targeted yet prudent manner.<\/p>\n<p>With this philosophy and selected partners, we form a strong network that is committed and reliable to preserving and further developing your values.<\/p>\n<p>We always keep this clear goal in mind \u2013 and are fully committed to it.<\/p>\n<\/div><\/div><\/div><\/div><\/div><\/div><\/section><section class=\"l-section wpb_row height_medium\" id=\"qualifikation\"><div class=\"l-section-h i-cf\"><div class=\"g-cols vc_row via_grid cols_1-2 laptops-cols_inherit tablets-cols_inherit mobiles-cols_1 valign_middle type_default reversed stacking_default\" style=\"--columns-gap:5rem;--laptops-columns-gap:5rem;--tablets-columns-gap:5rem;--mobiles-columns-gap:1.5rem;\"><div class=\"wpb_column vc_column_container\"><div class=\"vc_column-inner\"><div class=\"w-vwrapper align_center valign_top\"><div class=\"w-image us_custom_066ff62d bild-freigestellt align_none\"><div class=\"w-image-h\"><img decoding=\"async\" width=\"655\" height=\"1000\" src=\"https:\/\/www2.deblois.de\/wp-content\/uploads\/2025\/06\/qualifikation.webp\" class=\"attachment-large size-large\" alt=\"Frau in schwarzer Weste und wei\u00dfem Hemd, tr\u00e4gt gelbes Halstuch, H\u00e4nde in der H\u00fcfte, vor wei\u00dfem Hintergrund.\" loading=\"lazy\" srcset=\"https:\/\/www2.deblois.de\/wp-content\/uploads\/2025\/06\/qualifikation.webp 655w, https:\/\/www2.deblois.de\/wp-content\/uploads\/2025\/06\/qualifikation-197x300.webp 197w, https:\/\/www2.deblois.de\/wp-content\/uploads\/2025\/06\/qualifikation-8x12.webp 8w\" sizes=\"auto, (max-width: 655px) 100vw, 655px\" \/><\/div><\/div><\/div>\n\t<div class=\"wpb_raw_code wpb_raw_html wpb_content_element us_custom_909b2fd0\" >\n\t\t<div class=\"wpb_wrapper\">\n\t\t\t<div class=\"bildlinie klein\"><\/div>\n\t\t<\/div>\n\t<\/div>\n<\/div><\/div><div class=\"wpb_column vc_column_container\"><div class=\"vc_column-inner\"><div class=\"w-text ueber\"><span class=\"w-text-h\"><span class=\"w-text-value\">Security = Trust + Competence<\/span><\/span><\/div><div class=\"wpb_text_column\"><div class=\"wpb_wrapper\"><h2>qualification<\/h2>\n<\/div><\/div><div class=\"w-separator size_small\"><\/div><div class=\"wpb_text_column\"><div class=\"wpb_wrapper\"><p><strong>Our employees are the most valuable asset of the DE BLOIS SECURITY group.<\/strong><\/p>\n<p>Qualifications, commitment, and a sense of responsibility form the basis for our mutual success \u2013 and thus for your safety. Right from the selection stage, we place great importance on understanding your individual requirements. This way, you decide who will work for you.<\/p>\n<p>Targeted, practical on-site training, as well as ongoing professional development, ensure a high professional standard at all times. We specifically promote our team&#039;s social skills and motivation. Regular feedback sessions ensure quality and satisfaction on both sides.<\/p>\n<p>Our professional demeanor \u2013 supported by a consistent and respectful appearance \u2013 creates trust and acceptance among customers and partners alike.<\/p>\n<p>The result of our employee-oriented HR strategy is reflected in high employee retention and a management level that is largely made up of our own junior staff.<\/p>\n<p>Convince yourself of our expertise and commitment.<\/p>\n<\/div><\/div><\/div><\/div><\/div><\/div><\/section><section class=\"l-section wpb_row height_auto width_full\"><div class=\"l-section-h i-cf\"><div class=\"g-cols vc_row via_grid cols_1 laptops-cols_inherit tablets-cols_inherit mobiles-cols_1 valign_top type_default stacking_default\"><div class=\"wpb_column vc_column_container\"><div class=\"vc_column-inner\"><section class=\"l-section wpb_row height_medium\"><div class=\"l-section-h i-cf\"><div class=\"g-cols vc_row via_grid cols_1 laptops-cols_inherit tablets-cols_inherit mobiles-cols_1 valign_top type_default stacking_default\"><div class=\"wpb_column vc_column_container\"><div class=\"vc_column-inner\"><div class=\"g-cols wpb_row us_custom_dd5a0c5b via_grid cols_1-3 laptops-cols_inherit tablets-cols_inherit mobiles-cols_1 valign_bottom type_default reversed stacking_default\" style=\"--columns-gap:3rem;--laptops-columns-gap:3rem;--tablets-columns-gap:3rem;--mobiles-columns-gap:0rem;\"><div class=\"wpb_column vc_column_container\"><div class=\"vc_column-inner\"><div class=\"w-vwrapper align_center valign_top\"><div class=\"w-image us_custom_fbeec13c align_none\"><div class=\"w-image-h\"><img decoding=\"async\" width=\"433\" height=\"1000\" src=\"https:\/\/www2.deblois.de\/wp-content\/uploads\/2025\/06\/karriere.webp\" class=\"attachment-large size-large\" alt=\"Frau in Uniform mit gelb-blauem Halstuch und verschr\u00e4nkten Armen vor wei\u00dfem Hintergrund.\" loading=\"lazy\" srcset=\"https:\/\/www2.deblois.de\/wp-content\/uploads\/2025\/06\/karriere.webp 433w, https:\/\/www2.deblois.de\/wp-content\/uploads\/2025\/06\/karriere-130x300.webp 130w, https:\/\/www2.deblois.de\/wp-content\/uploads\/2025\/06\/karriere-5x12.webp 5w\" sizes=\"auto, (max-width: 433px) 100vw, 433px\" \/><\/div><\/div><\/div><\/div><\/div><div class=\"wpb_column vc_column_container us_custom_404052fc\"><div class=\"vc_column-inner\"><div class=\"w-separator size_medium\"><\/div><div class=\"wpb_text_column\"><div class=\"wpb_wrapper\"><h2>Get started at DE BLOIS!<\/h2>\n<\/div><\/div><div class=\"w-separator size_small\"><\/div><div class=\"wpb_text_column\"><div class=\"wpb_wrapper\"><p>The DE BLOIS SECURITY group of companies is characterized by competence, quality and service \u2013 for a trusting collaboration.<\/p>\n<\/div><\/div><div class=\"w-separator size_medium\"><\/div><div class=\"w-btn-wrapper align_none\"><a class=\"w-btn us-btn-style_5\" href=\"\/en\/karriere\/#stellenangebote\"><span class=\"w-btn-label\">Our job offers<\/span><\/a><\/div><div class=\"w-btn-wrapper align_none\"><a class=\"w-btn us-btn-style_1 icon_atleft\" target=\"_blank\" href=\"\/en\/blitzbewerbung\/\"><i class=\"fal fa-chevron-right\"><\/i><span class=\"w-btn-label\">Apply with one click<\/span><\/a><\/div><div class=\"w-separator hide_on_mobiles size_medium\"><\/div><\/div><\/div><\/div><div class=\"w-image us_custom_3a28b024 align_none\"><div class=\"w-image-h\"><img decoding=\"async\" width=\"40\" height=\"50\" src=\"https:\/\/www2.deblois.de\/wp-content\/uploads\/2025\/06\/wappen_dbs_50.png\" class=\"attachment-large size-large\" alt=\"\" loading=\"lazy\" srcset=\"https:\/\/www2.deblois.de\/wp-content\/uploads\/2025\/06\/wappen_dbs_50.png 40w, https:\/\/www2.deblois.de\/wp-content\/uploads\/2025\/06\/wappen_dbs_50-10x12.png 10w\" sizes=\"auto, (max-width: 40px) 100vw, 40px\" \/><\/div><\/div><\/div><\/div><\/div><\/div><\/section>\n<\/div><\/div><\/div><\/div><\/section><section class=\"l-section wpb_row waben height_medium\" id=\"zertifikate\"><div class=\"l-section-h i-cf\"><div class=\"g-cols vc_row via_grid cols_2-1 laptops-cols_inherit tablets-cols_inherit mobiles-cols_1 valign_middle type_default stacking_default\"><div class=\"wpb_column vc_column_container\"><div class=\"vc_column-inner\"><div class=\"w-text ueber\"><span class=\"w-text-h\"><span class=\"w-text-value\">With letter and seal!<\/span><\/span><\/div><div class=\"wpb_text_column\"><div class=\"wpb_wrapper\"><h2>Certificates<\/h2>\n<\/div><\/div><div class=\"w-separator size_small\"><\/div><div class=\"wpb_text_column stichpunkte\"><div class=\"wpb_wrapper\"><p>The DE BLOIS SECURITY Group is distinguished by its expertise, quality, and service \u2013 ensuring a trusting partnership. Our performance is demonstrated by recognized certificates:<\/p>\n<ul>\n<li>Consistent assessment and improvement of customer satisfaction through a quality management system according to DIN EN ISO 9001:2015<\/li>\n<li>Implementation of sustainability and environmental protection through an environmental management system according to DIN EN ISO 14001:2015<\/li>\n<li>Application of the national standard DIN 77200-1:2022-10 by the security services of the DE BLOIS SECURITY group<\/li>\n<li>Coordination of all operations, especially in the event of accidents, by a VdS-certified emergency call and service control center<\/li>\n<\/ul>\n<p>Let us convince you that we keep our promises.<\/p>\n<\/div><\/div><\/div><\/div><div class=\"wpb_column vc_column_container\"><div class=\"vc_column-inner\"><div class=\"w-image align_none\"><div class=\"w-image-h\"><img decoding=\"async\" width=\"1000\" height=\"972\" src=\"https:\/\/www2.deblois.de\/wp-content\/uploads\/2025\/06\/broschuere.webp\" class=\"attachment-large size-large\" alt=\"Zwei M\u00e4nner in Anzug und Hemd betrachten zusammen ein aufgeschlagenes Buch oder Magazin.\" loading=\"lazy\" srcset=\"https:\/\/www2.deblois.de\/wp-content\/uploads\/2025\/06\/broschuere.webp 1000w, https:\/\/www2.deblois.de\/wp-content\/uploads\/2025\/06\/broschuere-300x292.webp 300w, https:\/\/www2.deblois.de\/wp-content\/uploads\/2025\/06\/broschuere-12x12.webp 12w\" sizes=\"auto, (max-width: 1000px) 100vw, 1000px\" \/><\/div><\/div>\n\t<div class=\"wpb_raw_code wpb_raw_html wpb_content_element us_custom_909b2fd0\" >\n\t\t<div class=\"wpb_wrapper\">\n\t\t\t<div class=\"bildlinie\"><\/div>\n\t\t<\/div>\n\t<\/div>\n<\/div><\/div><\/div><\/div><\/section><section class=\"l-section wpb_row height_auto\" id=\"referenzen\"><div class=\"l-section-h i-cf\"><div class=\"g-cols vc_row via_grid cols_1-2 laptops-cols_inherit tablets-cols_inherit mobiles-cols_1 valign_bottom type_default reversed stacking_default\" style=\"--columns-gap:5rem;--laptops-columns-gap:5rem;--tablets-columns-gap:5rem;--mobiles-columns-gap:1.5rem;\"><div class=\"wpb_column vc_column_container\"><div class=\"vc_column-inner\"><div class=\"w-vwrapper align_center valign_top\"><div class=\"w-image us_custom_4db63881 bild-freigestellt align_none\"><div class=\"w-image-h\"><img decoding=\"async\" width=\"398\" height=\"1000\" src=\"https:\/\/www2.deblois.de\/wp-content\/uploads\/2025\/07\/mann-knopf-ohr.webp\" class=\"attachment-large size-large\" alt=\"Mann in Anzug und Weste mit gestreifter Krawatte steht und blickt zur Seite.\" loading=\"lazy\" srcset=\"https:\/\/www2.deblois.de\/wp-content\/uploads\/2025\/07\/mann-knopf-ohr.webp 398w, https:\/\/www2.deblois.de\/wp-content\/uploads\/2025\/07\/mann-knopf-ohr-119x300.webp 119w, https:\/\/www2.deblois.de\/wp-content\/uploads\/2025\/07\/mann-knopf-ohr-5x12.webp 5w\" sizes=\"auto, (max-width: 398px) 100vw, 398px\" \/><\/div><\/div><\/div><\/div><\/div><div class=\"wpb_column vc_column_container\"><div class=\"vc_column-inner\"><div class=\"w-separator size_custom\" style=\"height:4rem\" id=\"bfdd\"><style>@media(max-width:600px){ #bfdd{height:1.5rem!important}}<\/style><\/div><div class=\"w-text ueber\"><span class=\"w-text-h\"><span class=\"w-text-value\">Security is an individual feeling<\/span><\/span><\/div><div class=\"wpb_text_column\"><div class=\"wpb_wrapper\"><h2>References<\/h2>\n<\/div><\/div><div class=\"w-separator size_small\"><\/div><div class=\"wpb_text_column\"><div class=\"wpb_wrapper\"><p>Everyone understands and feels something different about this, and we \u2013 the DE BLOIS SECURITY group of companies \u2013 take this principle as the basis of our work when it comes to protecting and preserving the sensitive assets in your living and working areas in a contemporary manner.<\/p>\n<p>For you, this means that there are no standard, off-the-shelf offers; instead, our entire service profile is tailored to your needs. High-quality and transparent services are a given. As is the documentation of all requirements in a service manual and the balanced ratio between effort and benefit.<\/p>\n<p>We have been successfully operating in the market since 1973 and have gained experience in many industries and across a wide range of tasks. Please ask for references that match your requirements \u2013 we will be happy to provide you with the relevant information and contacts.<\/p>\n<p>Challenge us!<\/p>\n<\/div><\/div><div class=\"w-separator size_custom\" style=\"height:4rem\" id=\"j1eb\"><style>@media(max-width:600px){ #j1eb{height:0!important}}<\/style><\/div><\/div><\/div><\/div><\/div><\/section>","protected":false},"excerpt":{"rendered":"The Company About DE BLOIS SECURITY Personal. Reliable. Flexible. Security with Responsibility &quot;Your security is our responsibility.&quot; We have passionately followed this guiding principle for over 50 years. Whether for industry, business, public institutions, or private customers: Our broad range of services in the areas of security management, property protection, personal protection, patrol services, reception services, facility services, valuables transport, and security analyses covers all relevant requirements for a...","protected":false},"author":1,"featured_media":0,"parent":0,"menu_order":0,"comment_status":"closed","ping_status":"closed","template":"","meta":{"_acf_changed":false,"inline_featured_image":false,"footnotes":""},"class_list":["post-29","page","type-page","status-publish","hentry"],"acf":[],"yoast_head":"<!-- This site is optimized with the Yoast SEO plugin v26.7 - https:\/\/yoast.com\/wordpress\/plugins\/seo\/ -->\n<title>\u00dcber uns \u2013 DE BLOIS SECURITY seit 1973<\/title>\n<meta name=\"description\" content=\"Seit \u00fcber 50 Jahren bietet DE BLOIS SECURITY ma\u00dfgeschneiderte Sicherheitsl\u00f6sungen \u2013 kompetent, verl\u00e4sslich und bundesweit f\u00fcr Sie im Einsatz.\" \/>\n<meta name=\"robots\" content=\"index, follow, max-snippet:-1, max-image-preview:large, max-video-preview:-1\" \/>\n<link rel=\"canonical\" href=\"https:\/\/stage.deblois.de\/unternehmen\/\" \/>\n<meta property=\"og:locale\" content=\"en_GB\" \/>\n<meta property=\"og:type\" content=\"article\" \/>\n<meta property=\"og:title\" content=\"\u00dcber uns \u2013 DE BLOIS SECURITY seit 1973\" \/>\n<meta property=\"og:description\" content=\"Seit \u00fcber 50 Jahren bietet DE BLOIS SECURITY ma\u00dfgeschneiderte Sicherheitsl\u00f6sungen \u2013 kompetent, verl\u00e4sslich und bundesweit f\u00fcr Sie im Einsatz.\" \/>\n<meta property=\"og:url\" content=\"https:\/\/stage.deblois.de\/unternehmen\/\" \/>\n<meta property=\"og:site_name\" content=\"DE BLOIS SECURITY\" \/>\n<meta property=\"article:modified_time\" content=\"2025-09-29T07:41:21+00:00\" \/>\n<meta name=\"twitter:card\" content=\"summary_large_image\" \/>\n<meta name=\"twitter:label1\" content=\"Estimated reading time\" \/>\n\t<meta name=\"twitter:data1\" content=\"5 minutes\" \/>\n<script type=\"application\/ld+json\" class=\"yoast-schema-graph\">{\"@context\":\"https:\/\/schema.org\",\"@graph\":[{\"@type\":\"WebPage\",\"@id\":\"https:\/\/stage.deblois.de\/unternehmen\/\",\"url\":\"https:\/\/stage.deblois.de\/unternehmen\/\",\"name\":\"\u00dcber uns \u2013 DE BLOIS SECURITY seit 1973\",\"isPartOf\":{\"@id\":\"https:\/\/stage.deblois.de\/#website\"},\"datePublished\":\"2025-04-02T13:41:08+00:00\",\"dateModified\":\"2025-09-29T07:41:21+00:00\",\"description\":\"Seit \u00fcber 50 Jahren bietet DE BLOIS SECURITY ma\u00dfgeschneiderte Sicherheitsl\u00f6sungen \u2013 kompetent, verl\u00e4sslich und bundesweit f\u00fcr Sie im Einsatz.\",\"breadcrumb\":{\"@id\":\"https:\/\/stage.deblois.de\/unternehmen\/#breadcrumb\"},\"inLanguage\":\"en-GB\",\"potentialAction\":[{\"@type\":\"ReadAction\",\"target\":[\"https:\/\/stage.deblois.de\/unternehmen\/\"]}]},{\"@type\":\"BreadcrumbList\",\"@id\":\"https:\/\/stage.deblois.de\/unternehmen\/#breadcrumb\",\"itemListElement\":[{\"@type\":\"ListItem\",\"position\":1,\"name\":\"Home\",\"item\":\"https:\/\/stage.deblois.de\/\"},{\"@type\":\"ListItem\",\"position\":2,\"name\":\"Unternehmen\"}]},{\"@type\":\"WebSite\",\"@id\":\"https:\/\/stage.deblois.de\/#website\",\"url\":\"https:\/\/stage.deblois.de\/\",\"name\":\"DE BLOIS SECURITY\",\"description\":\"\",\"potentialAction\":[{\"@type\":\"SearchAction\",\"target\":{\"@type\":\"EntryPoint\",\"urlTemplate\":\"https:\/\/stage.deblois.de\/?s={search_term_string}\"},\"query-input\":{\"@type\":\"PropertyValueSpecification\",\"valueRequired\":true,\"valueName\":\"search_term_string\"}}],\"inLanguage\":\"en-GB\"}]}<\/script>\n<!-- \/ Yoast SEO plugin. -->","yoast_head_json":{"title":"About us \u2013 DE BLOIS SECURITY since 1973","description":"For over 50 years, DE BLOIS SECURITY has been providing tailor-made security solutions \u2013 competent, reliable and available to you nationwide.","robots":{"index":"index","follow":"follow","max-snippet":"max-snippet:-1","max-image-preview":"max-image-preview:large","max-video-preview":"max-video-preview:-1"},"canonical":"https:\/\/stage.deblois.de\/unternehmen\/","og_locale":"en_GB","og_type":"article","og_title":"\u00dcber uns \u2013 DE BLOIS SECURITY seit 1973","og_description":"Seit \u00fcber 50 Jahren bietet DE BLOIS SECURITY ma\u00dfgeschneiderte Sicherheitsl\u00f6sungen \u2013 kompetent, verl\u00e4sslich und bundesweit f\u00fcr Sie im Einsatz.","og_url":"https:\/\/stage.deblois.de\/unternehmen\/","og_site_name":"DE BLOIS SECURITY","article_modified_time":"2025-09-29T07:41:21+00:00","twitter_card":"summary_large_image","twitter_misc":{"Estimated reading time":"5 minutes"},"schema":{"@context":"https:\/\/schema.org","@graph":[{"@type":"WebPage","@id":"https:\/\/stage.deblois.de\/unternehmen\/","url":"https:\/\/stage.deblois.de\/unternehmen\/","name":"About us \u2013 DE BLOIS SECURITY since 1973","isPartOf":{"@id":"https:\/\/stage.deblois.de\/#website"},"datePublished":"2025-04-02T13:41:08+00:00","dateModified":"2025-09-29T07:41:21+00:00","description":"For over 50 years, DE BLOIS SECURITY has been providing tailor-made security solutions \u2013 competent, reliable and available to you nationwide.","breadcrumb":{"@id":"https:\/\/stage.deblois.de\/unternehmen\/#breadcrumb"},"inLanguage":"en-GB","potentialAction":[{"@type":"ReadAction","target":["https:\/\/stage.deblois.de\/unternehmen\/"]}]},{"@type":"BreadcrumbList","@id":"https:\/\/stage.deblois.de\/unternehmen\/#breadcrumb","itemListElement":[{"@type":"ListItem","position":1,"name":"Home","item":"https:\/\/stage.deblois.de\/"},{"@type":"ListItem","position":2,"name":"Unternehmen"}]},{"@type":"WebSite","@id":"https:\/\/stage.deblois.de\/#website","url":"https:\/\/stage.deblois.de\/","name":"DE BLOIS SECURITY","description":"","potentialAction":[{"@type":"SearchAction","target":{"@type":"EntryPoint","urlTemplate":"https:\/\/stage.deblois.de\/?s={search_term_string}"},"query-input":{"@type":"PropertyValueSpecification","valueRequired":true,"valueName":"search_term_string"}}],"inLanguage":"en-GB"}]}},"_links":{"self":[{"href":"https:\/\/www2.deblois.de\/en\/wp-json\/wp\/v2\/pages\/29","targetHints":{"allow":["GET"]}}],"collection":[{"href":"https:\/\/www2.deblois.de\/en\/wp-json\/wp\/v2\/pages"}],"about":[{"href":"https:\/\/www2.deblois.de\/en\/wp-json\/wp\/v2\/types\/page"}],"author":[{"embeddable":true,"href":"https:\/\/www2.deblois.de\/en\/wp-json\/wp\/v2\/users\/1"}],"replies":[{"embeddable":true,"href":"https:\/\/www2.deblois.de\/en\/wp-json\/wp\/v2\/comments?post=29"}],"version-history":[{"count":86,"href":"https:\/\/www2.deblois.de\/en\/wp-json\/wp\/v2\/pages\/29\/revisions"}],"predecessor-version":[{"id":848,"href":"https:\/\/www2.deblois.de\/en\/wp-json\/wp\/v2\/pages\/29\/revisions\/848"}],"wp:attachment":[{"href":"https:\/\/www2.deblois.de\/en\/wp-json\/wp\/v2\/media?parent=29"}],"curies":[{"name":"wp","href":"https:\/\/api.w.org\/{rel}","templated":true}]}}