{"id":378,"date":"2025-06-06T08:01:22","date_gmt":"2025-06-06T08:01:22","guid":{"rendered":"https:\/\/www2.deblois.de\/?page_id=378"},"modified":"2025-09-28T20:08:00","modified_gmt":"2025-09-28T20:08:00","slug":"revier-und-streifendienst","status":"publish","type":"page","link":"https:\/\/www2.deblois.de\/en\/leistungen\/revier-und-streifendienst\/","title":{"rendered":"Precinct and patrol service"},"content":{"rendered":"<section class=\"l-section wpb_row waben height_small\"><div class=\"l-section-h i-cf\"><div class=\"g-cols vc_row via_grid cols_1 laptops-cols_inherit tablets-cols_inherit mobiles-cols_1 valign_top type_default stacking_default\"><div class=\"wpb_column vc_column_container\"><div class=\"vc_column-inner\"><div class=\"w-text ueber\"><span class=\"w-text-h\"><span class=\"w-text-value\">Mobile security with a system<\/span><\/span><\/div><div class=\"wpb_text_column\"><div class=\"wpb_wrapper\"><h2>Precinct and patrol service<\/h2>\n<\/div><\/div><\/div><\/div><\/div><\/div><\/section><section class=\"l-section wpb_row height_auto\"><div class=\"l-section-h i-cf\"><div class=\"g-cols vc_row via_grid cols_2-1 laptops-cols_inherit tablets-cols_inherit mobiles-cols_1 valign_bottom type_default stacking_default\" style=\"--columns-gap:5rem;--laptops-columns-gap:5rem;--tablets-columns-gap:5rem;--mobiles-columns-gap:1.5rem;\"><div class=\"wpb_column vc_column_container\"><div class=\"vc_column-inner\"><div class=\"w-separator size_custom\" style=\"height:4rem\" id=\"a1d4\"><style>@media(max-width:600px){ #a1d4{height:1.5rem!important}}<\/style><\/div><div class=\"wpb_text_column\"><div class=\"wpb_wrapper\"><p>Declining respect for other people&#039;s property, vandalism, theft, and rising burglaries are leading to a growing need for security \u2013 both in commercial and residential areas. Our patrol and patrol services offer an efficient, flexible, and cost-effective solution when permanent on-site security is not necessary or cost-effective.<\/p>\n<p>As a family business with over 50 years of experience, we offer you this service as an ideal complement or alternative to stationary plant security.<\/p>\n<\/div><\/div><div class=\"w-separator size_medium\"><\/div><div class=\"w-btn-wrapper align_none\"><a class=\"w-btn us-btn-style_1 icon_atleft\" href=\"\/en\/kontakt\/?ihr-betreff=Revier- und Streifen\u00ad\u00addienst\"><i class=\"fal fa-chevron-right\"><\/i><span class=\"w-btn-label\">Request service now<\/span><\/a><\/div><div class=\"w-separator size_custom\" style=\"height:4rem\" id=\"n3ec\"><style>@media(max-width:600px){ #n3ec{height:1.5rem!important}}<\/style><\/div><\/div><\/div><div class=\"wpb_column vc_column_container\"><div class=\"vc_column-inner\"><div class=\"w-vwrapper align_center valign_top\"><div class=\"w-image us_custom_a85bc024 align_none\"><div class=\"w-image-h\"><img decoding=\"async\" width=\"569\" height=\"1000\" src=\"https:\/\/www2.deblois.de\/wp-content\/uploads\/2025\/07\/mann-jacke-hinten-walkie-talkie.webp\" class=\"attachment-full size-full\" alt=\"Mann in schwarzer Jacke mit De Blois Security-Logo, h\u00e4lt Funkger\u00e4t am Ohr.\" loading=\"lazy\" srcset=\"https:\/\/www2.deblois.de\/wp-content\/uploads\/2025\/07\/mann-jacke-hinten-walkie-talkie.webp 569w, https:\/\/www2.deblois.de\/wp-content\/uploads\/2025\/07\/mann-jacke-hinten-walkie-talkie-171x300.webp 171w, https:\/\/www2.deblois.de\/wp-content\/uploads\/2025\/07\/mann-jacke-hinten-walkie-talkie-7x12.webp 7w\" sizes=\"auto, (max-width: 569px) 100vw, 569px\" \/><\/div><\/div><\/div><\/div><\/div><\/div><\/div><\/section><section class=\"l-section wpb_row waben height_auto\"><div class=\"l-section-h i-cf\"><div class=\"g-cols vc_row via_grid cols_1-2 laptops-cols_inherit tablets-cols_inherit mobiles-cols_1 valign_bottom type_default reversed stacking_default\" style=\"--columns-gap:1.5rem;\"><div class=\"wpb_column vc_column_container\"><div class=\"vc_column-inner\"><div class=\"w-vwrapper align_center valign_top\"><div class=\"w-image us_custom_ede3fffe align_none\"><div class=\"w-image-h\"><img decoding=\"async\" width=\"398\" height=\"1000\" src=\"https:\/\/www2.deblois.de\/wp-content\/uploads\/2025\/07\/mann-knopf-ohr.webp\" class=\"attachment-full size-full\" alt=\"Mann in Anzug und Weste mit gestreifter Krawatte steht und blickt zur Seite.\" loading=\"lazy\" srcset=\"https:\/\/www2.deblois.de\/wp-content\/uploads\/2025\/07\/mann-knopf-ohr.webp 398w, https:\/\/www2.deblois.de\/wp-content\/uploads\/2025\/07\/mann-knopf-ohr-119x300.webp 119w, https:\/\/www2.deblois.de\/wp-content\/uploads\/2025\/07\/mann-knopf-ohr-5x12.webp 5w\" sizes=\"auto, (max-width: 398px) 100vw, 398px\" \/><\/div><\/div><\/div><\/div><\/div><div class=\"wpb_column vc_column_container\"><div class=\"vc_column-inner\"><div class=\"w-separator size_large\"><\/div><div class=\"w-text ueber\"><span class=\"w-text-h\"><span class=\"w-text-value\">day and night<\/span><\/span><\/div><div class=\"wpb_text_column\"><div class=\"wpb_wrapper\"><h3>Your property always in view<\/h3>\n<\/div><\/div><div class=\"w-separator size_small\"><\/div><div class=\"wpb_text_column stichpunkte\"><div class=\"wpb_wrapper\"><p>Our patrol officers inspect your properties at set or changing times \u2013 depending on the risk potential, location, and individual requirements. We inspect the exterior and interior areas, conduct security patrols, and monitor for irregularities such as unauthorized access, open windows, leaks, or fire hazards.<\/p>\n<p>Typical services provided by the patrol service include:<\/p>\n<ul>\n<li>Control of doors, gates and windows<\/li>\n<li>Check lighting and access<\/li>\n<li>Early detection of fire or water damage<\/li>\n<li>Complete documentation of all checkpoints<\/li>\n<li>Immediate reaction in case of abnormalities or alarms<\/li>\n<li>Deployment of additional personnel if necessary<\/li>\n<\/ul>\n<\/div><\/div><div class=\"w-separator size_large\"><\/div><\/div><\/div><\/div><\/div><\/section><section class=\"l-section wpb_row height_medium\"><div class=\"l-section-h i-cf\"><div class=\"g-cols vc_row via_grid cols_2-1 laptops-cols_inherit tablets-cols_inherit mobiles-cols_1 valign_middle type_default stacking_default\" style=\"--columns-gap:1.5rem;\"><div class=\"wpb_column vc_column_container\"><div class=\"vc_column-inner\"><div class=\"w-text ueber\"><span class=\"w-text-h\"><span class=\"w-text-value\">Real-time control<\/span><\/span><\/div><div class=\"wpb_text_column\"><div class=\"wpb_wrapper\"><h3>Efficient coordination via VdS-certified control center<\/h3>\n<\/div><\/div><div class=\"w-separator size_small\"><\/div><div class=\"wpb_text_column\"><div class=\"wpb_wrapper\"><p>All patrol and patrol services are centrally controlled via our certified emergency call and service control center (NSL). This guarantees short response times \u2013 especially in the event of alarm tracking, security technology failure, or unusual incidents. Thanks to GPS-monitored emergency vehicles, we know the location of our teams at all times \u2013 and can respond flexibly, even to spontaneous calls.<\/p>\n<\/div><\/div><\/div><\/div><div class=\"wpb_column vc_column_container\"><div class=\"vc_column-inner\"><div class=\"w-vwrapper align_center valign_top\"><div class=\"w-image us_custom_984b78ae align_none\"><div class=\"w-image-h\"><img decoding=\"async\" width=\"485\" height=\"1000\" src=\"https:\/\/www2.deblois.de\/wp-content\/uploads\/2025\/07\/mann-raute.webp\" class=\"attachment-full size-full\" alt=\"Mann in einem schwarzen Anzug mit gestreifter Krawatte und Sicherheitsabzeichen steht mit verschr\u00e4nkten H\u00e4nden.\" loading=\"lazy\" srcset=\"https:\/\/www2.deblois.de\/wp-content\/uploads\/2025\/07\/mann-raute.webp 485w, https:\/\/www2.deblois.de\/wp-content\/uploads\/2025\/07\/mann-raute-146x300.webp 146w, https:\/\/www2.deblois.de\/wp-content\/uploads\/2025\/07\/mann-raute-6x12.webp 6w\" sizes=\"auto, (max-width: 485px) 100vw, 485px\" \/><\/div><\/div><\/div><div class=\"w-html\"><div class=\"bildlinie\"><\/div><\/div><\/div><\/div><\/div><\/div><\/section><section class=\"l-section wpb_row height_medium\"><div class=\"l-section-h i-cf\"><div class=\"g-cols vc_row via_grid cols_2-1 laptops-cols_inherit tablets-cols_inherit mobiles-cols_1 valign_middle type_default stacking_default\" style=\"--columns-gap:5rem;--laptops-columns-gap:5rem;--tablets-columns-gap:5rem;--mobiles-columns-gap:1.5rem;\"><div class=\"wpb_column vc_column_container\"><div class=\"vc_column-inner\"><div class=\"w-text ueber\"><span class=\"w-text-h\"><span class=\"w-text-value\">Real-time control<\/span><\/span><\/div><div class=\"wpb_text_column\"><div class=\"wpb_wrapper\"><h3>Transparency through digital guard control systems<\/h3>\n<\/div><\/div><div class=\"w-separator size_small\"><\/div><div class=\"wpb_text_column\"><div class=\"wpb_wrapper\"><p>All controls are carried out using modern <strong>Guard control systems (e.g. NFC or QR supported)<\/strong> Documented \u2013 tamper-proof, traceable, and visible in real time. This provides you with full transparency regarding deployment times, inspection routes, and any anomalies discovered.<\/p>\n<\/div><\/div><\/div><\/div><div class=\"wpb_column vc_column_container\"><div class=\"vc_column-inner\"><div class=\"w-vwrapper align_center valign_top\"><div class=\"w-image us_custom_0ee32ec4 align_none\"><div class=\"w-image-h\"><img decoding=\"async\" width=\"1000\" height=\"972\" src=\"https:\/\/www2.deblois.de\/wp-content\/uploads\/2025\/06\/broschuere.webp\" class=\"attachment-full size-full\" alt=\"Zwei M\u00e4nner in Anzug und Hemd betrachten zusammen ein aufgeschlagenes Buch oder Magazin.\" loading=\"lazy\" srcset=\"https:\/\/www2.deblois.de\/wp-content\/uploads\/2025\/06\/broschuere.webp 1000w, https:\/\/www2.deblois.de\/wp-content\/uploads\/2025\/06\/broschuere-300x292.webp 300w, https:\/\/www2.deblois.de\/wp-content\/uploads\/2025\/06\/broschuere-12x12.webp 12w\" sizes=\"auto, (max-width: 1000px) 100vw, 1000px\" \/><\/div><\/div><\/div><div class=\"w-html\"><div class=\"bildlinie\"><\/div><\/div><\/div><\/div><\/div><\/div><\/section><section class=\"l-section wpb_row height_medium\"><div class=\"l-section-h i-cf\"><div class=\"g-cols vc_row via_grid cols_1 laptops-cols_inherit tablets-cols_inherit mobiles-cols_1 valign_top type_default stacking_default\"><div class=\"wpb_column vc_column_container\"><div class=\"vc_column-inner\"><div class=\"g-cols wpb_row us_custom_0e08fea8 via_grid cols_1 laptops-cols_inherit tablets-cols_inherit mobiles-cols_1 valign_top type_default stacking_default\" style=\"--columns-gap:3rem;\"><div class=\"wpb_column vc_column_container\"><div class=\"vc_column-inner\"><div class=\"wpb_text_column\"><div class=\"wpb_wrapper\"><h3>Your benefits at a glance<\/h3>\n<\/div><\/div><div class=\"w-separator size_small\"><\/div><div class=\"wpb_text_column stichpunkte\"><div class=\"wpb_wrapper\"><ul>\n<li>Flexible protection for properties without permanent surveillance<\/li>\n<li>Cost-effective security solution for small to medium-sized properties<\/li>\n<li>Certified emergency call and service control center with alarm management<\/li>\n<li>Experienced, qualified security personnel<\/li>\n<li>Digital evidence &amp; logging through control systems<\/li>\n<li>Fast response by GPS-supported emergency vehicles<\/li>\n<\/ul>\n<\/div><\/div><\/div><\/div><\/div><div class=\"w-image us_custom_3a28b024 align_none\"><div class=\"w-image-h\"><img decoding=\"async\" width=\"40\" height=\"50\" src=\"https:\/\/www2.deblois.de\/wp-content\/uploads\/2025\/06\/wappen_dbs_50.png\" class=\"attachment-large size-large\" alt=\"\" loading=\"lazy\" srcset=\"https:\/\/www2.deblois.de\/wp-content\/uploads\/2025\/06\/wappen_dbs_50.png 40w, https:\/\/www2.deblois.de\/wp-content\/uploads\/2025\/06\/wappen_dbs_50-10x12.png 10w\" sizes=\"auto, (max-width: 40px) 100vw, 40px\" \/><\/div><\/div><\/div><\/div><\/div><\/div><\/section><section class=\"l-section wpb_row waben height_medium\"><div class=\"l-section-h i-cf\"><div class=\"g-cols vc_row via_grid cols_1-2 laptops-cols_inherit tablets-cols_inherit mobiles-cols_1 valign_middle type_default stacking_default\" style=\"--columns-gap:5rem;\"><div class=\"wpb_column vc_column_container\"><div class=\"vc_column-inner\"><div class=\"w-image align_none\"><div class=\"w-image-h\"><img decoding=\"async\" width=\"1422\" height=\"1321\" src=\"https:\/\/www2.deblois.de\/wp-content\/uploads\/2025\/06\/startbild_deblois.webp\" class=\"attachment-full size-full\" alt=\"Drei Personen in Sicherheitsuniformen, zwei tragen Anz\u00fcge, eine eine Jacke mit Funkger\u00e4t. Alle tragen Krawatten.\" loading=\"lazy\" srcset=\"https:\/\/www2.deblois.de\/wp-content\/uploads\/2025\/06\/startbild_deblois.webp 1422w, https:\/\/www2.deblois.de\/wp-content\/uploads\/2025\/06\/startbild_deblois-300x279.webp 300w, https:\/\/www2.deblois.de\/wp-content\/uploads\/2025\/06\/startbild_deblois-1024x951.webp 1024w, https:\/\/www2.deblois.de\/wp-content\/uploads\/2025\/06\/startbild_deblois-13x12.webp 13w\" sizes=\"auto, (max-width: 1422px) 100vw, 1422px\" \/><\/div><\/div><div class=\"w-html\"><div class=\"bildlinie\"><\/div><\/div><\/div><\/div><div class=\"wpb_column vc_column_container\"><div class=\"vc_column-inner\"><div class=\"w-text ueber\"><span class=\"w-text-h\"><span class=\"w-text-value\">Our target objects<\/span><\/span><\/div><div class=\"wpb_text_column\"><div class=\"wpb_wrapper\"><h3>Who is our patrol and patrol service suitable for?<\/h3>\n<\/div><\/div><div class=\"w-separator size_small\"><\/div><div class=\"wpb_text_column stichpunkte\"><div class=\"wpb_wrapper\"><p>Our mobile security service is particularly suitable for:<\/p>\n<ul>\n<li>Commercial properties, warehouses, construction sites<\/li>\n<li>Car dealerships, solar parks, outdoor areas<\/li>\n<li>Residential complexes, holiday parks and underground car parks<\/li>\n<li>Office building outside business hours<\/li>\n<li>Branch operations with multiple locations<\/li>\n<\/ul>\n<\/div><\/div><\/div><\/div><\/div><\/div><\/section><section class=\"l-section wpb_row height_medium\"><div class=\"l-section-h i-cf\"><div class=\"g-cols vc_row via_grid cols_2-1 laptops-cols_inherit tablets-cols_inherit mobiles-cols_1 valign_middle type_default stacking_default\" style=\"--columns-gap:5rem;--laptops-columns-gap:5rem;--tablets-columns-gap:5rem;--mobiles-columns-gap:1.5rem;\"><div class=\"wpb_column vc_column_container\"><div class=\"vc_column-inner\"><div class=\"w-text ueber\"><span class=\"w-text-h\"><span class=\"w-text-value\">Tailor-made mobile security<\/span><\/span><\/div><div class=\"wpb_text_column\"><div class=\"wpb_wrapper\"><h3>Trust in mobile security with concept<\/h3>\n<\/div><\/div><div class=\"w-separator size_small\"><\/div><div class=\"wpb_text_column\"><div class=\"wpb_wrapper\"><p>With DE BLOIS SECURITY&#039;s patrol and patrol services, you can reliably protect your properties \u2013 whenever and wherever you need them, without unnecessary costs. Trust in our experience, modern technology, and maximum operational readiness.<\/p>\n<p>Contact us \u2013 We will advise you personally and create a security concept tailored to your needs.<\/p>\n<\/div><\/div><div class=\"w-separator size_medium\"><\/div><div class=\"w-btn-wrapper align_none\"><a class=\"w-btn us-btn-style_1 icon_atleft\" href=\"\/en\/kontakt\/?ihr-betreff=Revier- und Streifen\u00ad\u00addienst\"><i class=\"fal fa-chevron-right\"><\/i><span class=\"w-btn-label\">Request service now<\/span><\/a><\/div><\/div><\/div><div class=\"wpb_column vc_column_container\"><div class=\"vc_column-inner\"><div class=\"w-vwrapper align_center valign_top\"><div class=\"w-image us_custom_93eccfb2 align_none\"><div class=\"w-image-h\"><img decoding=\"async\" width=\"637\" height=\"1000\" src=\"https:\/\/www2.deblois.de\/wp-content\/uploads\/2025\/07\/frau.webp\" class=\"attachment-full size-full\" alt=\"Eine l\u00e4chelnde Frau in Uniform mit Krawatte und Weste, H\u00e4nde in die H\u00fcften gest\u00fctzt, vor wei\u00dfem Hintergrund.\" loading=\"lazy\" srcset=\"https:\/\/www2.deblois.de\/wp-content\/uploads\/2025\/07\/frau.webp 637w, https:\/\/www2.deblois.de\/wp-content\/uploads\/2025\/07\/frau-191x300.webp 191w, https:\/\/www2.deblois.de\/wp-content\/uploads\/2025\/07\/frau-8x12.webp 8w\" sizes=\"auto, (max-width: 637px) 100vw, 637px\" \/><\/div><\/div><\/div><div class=\"w-html\"><div class=\"bildlinie klein\"><\/div><\/div><\/div><\/div><\/div><\/div><\/section><section class=\"l-section wpb_row height_medium\"><div class=\"l-section-h i-cf\"><div class=\"g-cols vc_row via_grid cols_1 laptops-cols_inherit tablets-cols_inherit mobiles-cols_1 valign_top type_default stacking_default\"><div class=\"wpb_column vc_column_container\"><div class=\"vc_column-inner\"><div class=\"wpb_text_column\"><div class=\"wpb_wrapper\"><h3>More <span class=\"underline\">Services<\/span><\/h3>\n<\/div><\/div><div class=\"w-separator size_small\"><\/div><div class=\"g-cols wpb_row via_grid cols_3 laptops-cols_inherit tablets-cols_inherit mobiles-cols_1 valign_top type_default\" style=\"--columns-gap:2rem;\"><div class=\"wpb_column vc_column_container us_custom_a4de5dc1 grow has-link\"><div class=\"vc_column-inner\"><div class=\"w-iconbox iconpos_top style_default color_custom align_none no_text\"><div class=\"w-iconbox-icon\" style=\"font-size:2.5rem;--icon-color:#ccc;\"><i class=\"fas fa-sack-dollar\"><\/i><\/div><div class=\"w-iconbox-meta\"><h6 class=\"w-iconbox-title\">Valuables, receipts and money transport<\/h6><\/div><\/div><div class=\"w-separator size_small\"><\/div><div class=\"w-separator size_custom\" style=\"height:15px\"><\/div><div class=\"w-btn-wrapper align_none\"><a class=\"w-btn us-btn-style_3 us_custom_e0a94803 icon_atleft\" href=\"\/en\/leistungen\/wert-beleg-und-geldtransporte\/\"><i class=\"fal fa-chevron-right\"><\/i><span class=\"w-btn-label\">Learn more<\/span><\/a><\/div><\/div><a href=\"\/en\/leistungen\/wert-beleg-und-geldtransporte\/\" class=\"vc_column-link smooth-scroll\" aria-label=\"link\"><\/a><\/div><div class=\"wpb_column vc_column_container us_custom_a4de5dc1 grow has-link\"><div class=\"vc_column-inner\"><div class=\"w-iconbox iconpos_top style_default color_custom align_none no_text\"><div class=\"w-iconbox-icon\" style=\"font-size:2.5rem;--icon-color:#ccc;\"><i class=\"fas fa-binoculars\"><\/i><\/div><div class=\"w-iconbox-meta\"><h6 class=\"w-iconbox-title\">Reception and telephone service<\/h6><\/div><\/div><div class=\"w-separator size_small\"><\/div><div class=\"w-separator size_custom\" style=\"height:15px\"><\/div><div class=\"w-btn-wrapper align_none\"><a class=\"w-btn us-btn-style_3 us_custom_e0a94803 icon_atleft\" href=\"\/en\/leistungen\/empfangs-und-telefondienste\/\"><i class=\"fal fa-chevron-right\"><\/i><span class=\"w-btn-label\">Learn more<\/span><\/a><\/div><\/div><a href=\"\/en\/leistungen\/empfangs-und-telefondienste\/\" class=\"vc_column-link smooth-scroll\" aria-label=\"link\"><\/a><\/div><div class=\"wpb_column vc_column_container us_custom_a4de5dc1 grow has-link\"><div class=\"vc_column-inner\"><div class=\"w-iconbox iconpos_top style_default color_custom align_none no_text\"><div class=\"w-iconbox-icon\" style=\"font-size:2.5rem;--icon-color:#ccc;\"><i class=\"fas fa-file-chart-line\"><\/i><\/div><div class=\"w-iconbox-meta\"><h6 class=\"w-iconbox-title\">Security analyses<\/h6><\/div><\/div><div class=\"w-separator size_small\"><\/div><div class=\"w-separator size_custom\" style=\"height:15px\"><\/div><div class=\"w-btn-wrapper align_none\"><a class=\"w-btn us-btn-style_3 us_custom_e0a94803 icon_atleft\" href=\"\/en\/leistungen\/sicherheitsanalysen\/\"><i class=\"fal fa-chevron-right\"><\/i><span class=\"w-btn-label\">Learn more<\/span><\/a><\/div><\/div><a href=\"\/en\/leistungen\/sicherheitsanalysen\/\" class=\"vc_column-link smooth-scroll\" aria-label=\"link\"><\/a><\/div><\/div><\/div><\/div><\/div><\/div><\/section>","protected":false},"excerpt":{"rendered":"Mobile Security with a Systematic Patrol and Watch Service. Declining respect for other people&#039;s property, vandalism, theft, and rising burglaries are leading to a growing need for security \u2013 both in commercial and residential areas. Our patrol and watch services offer an efficient, flexible, and cost-effective solution when permanent on-site security is not necessary or cost-effective. As a family business...","protected":false},"author":1,"featured_media":0,"parent":27,"menu_order":0,"comment_status":"closed","ping_status":"closed","template":"","meta":{"_acf_changed":false,"inline_featured_image":false,"footnotes":""},"class_list":["post-378","page","type-page","status-publish","hentry"],"acf":[],"yoast_head":"<!-- This site is optimized with the Yoast SEO plugin v26.7 - https:\/\/yoast.com\/wordpress\/plugins\/seo\/ -->\n<title>Revier- und Streifendienst | Mobiler Objektschutz von Profis<\/title>\n<meta name=\"description\" content=\"Mobile Sicherheitsdienste f\u00fcr Gewerbe &amp; Privat: Revier- &amp; Streifendienst mit digitaler Dokumentation &amp; NSL. Jetzt DE BLOIS SECURITY beauftragen!\" \/>\n<meta name=\"robots\" content=\"index, follow, max-snippet:-1, max-image-preview:large, max-video-preview:-1\" \/>\n<link rel=\"canonical\" href=\"https:\/\/stage.deblois.de\/leistungen\/revier-und-streifendienst\/\" \/>\n<meta property=\"og:locale\" content=\"en_GB\" \/>\n<meta property=\"og:type\" content=\"article\" \/>\n<meta property=\"og:title\" content=\"Revier- und Streifendienst | Mobiler Objektschutz von Profis\" \/>\n<meta property=\"og:description\" content=\"Mobile Sicherheitsdienste f\u00fcr Gewerbe &amp; Privat: Revier- &amp; Streifendienst mit digitaler Dokumentation &amp; NSL. Jetzt DE BLOIS SECURITY beauftragen!\" \/>\n<meta property=\"og:url\" content=\"https:\/\/stage.deblois.de\/leistungen\/revier-und-streifendienst\/\" \/>\n<meta property=\"og:site_name\" content=\"DE BLOIS SECURITY\" \/>\n<meta property=\"article:modified_time\" content=\"2025-09-28T20:08:00+00:00\" \/>\n<meta name=\"twitter:card\" content=\"summary_large_image\" \/>\n<meta name=\"twitter:label1\" content=\"Estimated reading time\" \/>\n\t<meta name=\"twitter:data1\" content=\"4 minutes\" \/>\n<script type=\"application\/ld+json\" class=\"yoast-schema-graph\">{\"@context\":\"https:\/\/schema.org\",\"@graph\":[{\"@type\":\"WebPage\",\"@id\":\"https:\/\/stage.deblois.de\/leistungen\/revier-und-streifendienst\/\",\"url\":\"https:\/\/stage.deblois.de\/leistungen\/revier-und-streifendienst\/\",\"name\":\"Revier- und Streifendienst | Mobiler Objektschutz von Profis\",\"isPartOf\":{\"@id\":\"https:\/\/stage.deblois.de\/#website\"},\"datePublished\":\"2025-06-06T08:01:22+00:00\",\"dateModified\":\"2025-09-28T20:08:00+00:00\",\"description\":\"Mobile Sicherheitsdienste f\u00fcr Gewerbe & Privat: Revier- & Streifendienst mit digitaler Dokumentation & NSL. Jetzt DE BLOIS SECURITY beauftragen!\",\"breadcrumb\":{\"@id\":\"https:\/\/stage.deblois.de\/leistungen\/revier-und-streifendienst\/#breadcrumb\"},\"inLanguage\":\"en-GB\",\"potentialAction\":[{\"@type\":\"ReadAction\",\"target\":[\"https:\/\/stage.deblois.de\/leistungen\/revier-und-streifendienst\/\"]}]},{\"@type\":\"BreadcrumbList\",\"@id\":\"https:\/\/stage.deblois.de\/leistungen\/revier-und-streifendienst\/#breadcrumb\",\"itemListElement\":[{\"@type\":\"ListItem\",\"position\":1,\"name\":\"Home\",\"item\":\"https:\/\/stage.deblois.de\/\"},{\"@type\":\"ListItem\",\"position\":2,\"name\":\"Leistungen\",\"item\":\"https:\/\/stage.deblois.de\/leistungen\/\"},{\"@type\":\"ListItem\",\"position\":3,\"name\":\"Revier- und Streifen\u00addienst\"}]},{\"@type\":\"WebSite\",\"@id\":\"https:\/\/stage.deblois.de\/#website\",\"url\":\"https:\/\/stage.deblois.de\/\",\"name\":\"DE BLOIS SECURITY\",\"description\":\"\",\"potentialAction\":[{\"@type\":\"SearchAction\",\"target\":{\"@type\":\"EntryPoint\",\"urlTemplate\":\"https:\/\/stage.deblois.de\/?s={search_term_string}\"},\"query-input\":{\"@type\":\"PropertyValueSpecification\",\"valueRequired\":true,\"valueName\":\"search_term_string\"}}],\"inLanguage\":\"en-GB\"}]}<\/script>\n<!-- \/ Yoast SEO plugin. -->","yoast_head_json":{"title":"Patrol service | Mobile property protection by professionals","description":"Mobile security services for businesses and private individuals: patrol and patrol services with digital documentation and NSL. Hire DE BLOIS SECURITY now!","robots":{"index":"index","follow":"follow","max-snippet":"max-snippet:-1","max-image-preview":"max-image-preview:large","max-video-preview":"max-video-preview:-1"},"canonical":"https:\/\/stage.deblois.de\/leistungen\/revier-und-streifendienst\/","og_locale":"en_GB","og_type":"article","og_title":"Revier- und Streifendienst | Mobiler Objektschutz von Profis","og_description":"Mobile Sicherheitsdienste f\u00fcr Gewerbe & Privat: Revier- & Streifendienst mit digitaler Dokumentation & NSL. Jetzt DE BLOIS SECURITY beauftragen!","og_url":"https:\/\/stage.deblois.de\/leistungen\/revier-und-streifendienst\/","og_site_name":"DE BLOIS SECURITY","article_modified_time":"2025-09-28T20:08:00+00:00","twitter_card":"summary_large_image","twitter_misc":{"Estimated reading time":"4 minutes"},"schema":{"@context":"https:\/\/schema.org","@graph":[{"@type":"WebPage","@id":"https:\/\/stage.deblois.de\/leistungen\/revier-und-streifendienst\/","url":"https:\/\/stage.deblois.de\/leistungen\/revier-und-streifendienst\/","name":"Patrol service | Mobile property protection by professionals","isPartOf":{"@id":"https:\/\/stage.deblois.de\/#website"},"datePublished":"2025-06-06T08:01:22+00:00","dateModified":"2025-09-28T20:08:00+00:00","description":"Mobile security services for businesses and private individuals: patrol and patrol services with digital documentation and NSL. Hire DE BLOIS SECURITY now!","breadcrumb":{"@id":"https:\/\/stage.deblois.de\/leistungen\/revier-und-streifendienst\/#breadcrumb"},"inLanguage":"en-GB","potentialAction":[{"@type":"ReadAction","target":["https:\/\/stage.deblois.de\/leistungen\/revier-und-streifendienst\/"]}]},{"@type":"BreadcrumbList","@id":"https:\/\/stage.deblois.de\/leistungen\/revier-und-streifendienst\/#breadcrumb","itemListElement":[{"@type":"ListItem","position":1,"name":"Home","item":"https:\/\/stage.deblois.de\/"},{"@type":"ListItem","position":2,"name":"Leistungen","item":"https:\/\/stage.deblois.de\/leistungen\/"},{"@type":"ListItem","position":3,"name":"Revier- und Streifen\u00addienst"}]},{"@type":"WebSite","@id":"https:\/\/stage.deblois.de\/#website","url":"https:\/\/stage.deblois.de\/","name":"DE BLOIS SECURITY","description":"","potentialAction":[{"@type":"SearchAction","target":{"@type":"EntryPoint","urlTemplate":"https:\/\/stage.deblois.de\/?s={search_term_string}"},"query-input":{"@type":"PropertyValueSpecification","valueRequired":true,"valueName":"search_term_string"}}],"inLanguage":"en-GB"}]}},"_links":{"self":[{"href":"https:\/\/www2.deblois.de\/en\/wp-json\/wp\/v2\/pages\/378","targetHints":{"allow":["GET"]}}],"collection":[{"href":"https:\/\/www2.deblois.de\/en\/wp-json\/wp\/v2\/pages"}],"about":[{"href":"https:\/\/www2.deblois.de\/en\/wp-json\/wp\/v2\/types\/page"}],"author":[{"embeddable":true,"href":"https:\/\/www2.deblois.de\/en\/wp-json\/wp\/v2\/users\/1"}],"replies":[{"embeddable":true,"href":"https:\/\/www2.deblois.de\/en\/wp-json\/wp\/v2\/comments?post=378"}],"version-history":[{"count":21,"href":"https:\/\/www2.deblois.de\/en\/wp-json\/wp\/v2\/pages\/378\/revisions"}],"predecessor-version":[{"id":844,"href":"https:\/\/www2.deblois.de\/en\/wp-json\/wp\/v2\/pages\/378\/revisions\/844"}],"up":[{"embeddable":true,"href":"https:\/\/www2.deblois.de\/en\/wp-json\/wp\/v2\/pages\/27"}],"wp:attachment":[{"href":"https:\/\/www2.deblois.de\/en\/wp-json\/wp\/v2\/media?parent=378"}],"curies":[{"name":"wp","href":"https:\/\/api.w.org\/{rel}","templated":true}]}}