{"id":380,"date":"2025-06-06T08:01:49","date_gmt":"2025-06-06T08:01:49","guid":{"rendered":"https:\/\/www2.deblois.de\/?page_id=380"},"modified":"2025-09-28T20:41:25","modified_gmt":"2025-09-28T20:41:25","slug":"empfangs-und-telefondienste","status":"publish","type":"page","link":"https:\/\/www2.deblois.de\/en\/leistungen\/empfangs-und-telefondienste\/","title":{"rendered":"Reception and telephone services"},"content":{"rendered":"<section class=\"l-section wpb_row waben height_small\"><div class=\"l-section-h i-cf\"><div class=\"g-cols vc_row via_grid cols_1 laptops-cols_inherit tablets-cols_inherit mobiles-cols_1 valign_top type_default stacking_default\"><div class=\"wpb_column vc_column_container\"><div class=\"vc_column-inner\"><div class=\"w-text ueber\"><span class=\"w-text-h\"><span class=\"w-text-value\">Professional communication with personality<\/span><\/span><\/div><div class=\"wpb_text_column\"><div class=\"wpb_wrapper\"><h2>Reception and telephone services<\/h2>\n<\/div><\/div><\/div><\/div><\/div><\/div><\/section><section class=\"l-section wpb_row height_auto\"><div class=\"l-section-h i-cf\"><div class=\"g-cols vc_row via_grid cols_2-1 laptops-cols_inherit tablets-cols_inherit mobiles-cols_1 valign_bottom type_default stacking_default\" style=\"--columns-gap:5rem;--laptops-columns-gap:5rem;--tablets-columns-gap:5rem;--mobiles-columns-gap:1.5rem;\"><div class=\"wpb_column vc_column_container\"><div class=\"vc_column-inner\"><div class=\"w-separator size_custom\" style=\"height:4rem\" id=\"r995\"><style>@media(max-width:600px){ #r995{height:1.5rem!important}}<\/style><\/div><div class=\"wpb_text_column\"><div class=\"wpb_wrapper\"><p><strong>The first impression counts \u2013 we make sure it is convincing<\/strong><\/p>\n<p>Whether visitors, customers, partners, or suppliers: Anyone who enters your premises or contacts your company by phone expects competence, friendliness, and reliability. Our trained reception and telephone service staff represent your company the way you want: friendly, service-oriented, and confident.<\/p>\n<p>As an experienced family business with over 50 years of experience in security and service, we ensure that your first impression is a lasting, positive one.<\/p>\n<\/div><\/div><div class=\"w-separator size_medium\"><\/div><div class=\"w-btn-wrapper align_none\"><a class=\"w-btn us-btn-style_1 icon_atleft\" href=\"\/en\/kontakt\/?ihr-betreff=Empfangs- und Telefondienste\"><i class=\"fal fa-chevron-right\"><\/i><span class=\"w-btn-label\">Request service now<\/span><\/a><\/div><div class=\"w-separator size_custom\" style=\"height:4rem\" id=\"ob3c\"><style>@media(max-width:600px){ #ob3c{height:0!important}}<\/style><\/div><\/div><\/div><div class=\"wpb_column vc_column_container\"><div class=\"vc_column-inner\"><div class=\"w-vwrapper align_center valign_top\"><div class=\"w-image us_custom_6f1c5bbf align_none\"><div class=\"w-image-h\"><img decoding=\"async\" width=\"449\" height=\"1000\" src=\"https:\/\/www2.deblois.de\/wp-content\/uploads\/2025\/07\/mann-gefaltete-haende.webp\" class=\"attachment-full size-full\" alt=\"Mann in Sicherheitsuniform mit Krawatte und Ansteckmikrofon, frontal stehend.\" loading=\"lazy\" srcset=\"https:\/\/www2.deblois.de\/wp-content\/uploads\/2025\/07\/mann-gefaltete-haende.webp 449w, https:\/\/www2.deblois.de\/wp-content\/uploads\/2025\/07\/mann-gefaltete-haende-135x300.webp 135w, https:\/\/www2.deblois.de\/wp-content\/uploads\/2025\/07\/mann-gefaltete-haende-5x12.webp 5w\" sizes=\"auto, (max-width: 449px) 100vw, 449px\" \/><\/div><\/div><\/div><\/div><\/div><\/div><\/div><\/section><section class=\"l-section wpb_row waben height_medium\"><div class=\"l-section-h i-cf\"><div class=\"g-cols vc_row via_grid cols_1-2 laptops-cols_inherit tablets-cols_inherit mobiles-cols_1 valign_middle type_default reversed stacking_default\" style=\"--columns-gap:5rem;--laptops-columns-gap:5rem;--tablets-columns-gap:5rem;--mobiles-columns-gap:1.5rem;\"><div class=\"wpb_column vc_column_container\"><div class=\"vc_column-inner\"><div class=\"w-vwrapper align_center valign_top\"><div class=\"w-image us_custom_cdf4a3ad align_none\"><div class=\"w-image-h\"><img decoding=\"async\" width=\"1422\" height=\"1321\" src=\"https:\/\/www2.deblois.de\/wp-content\/uploads\/2025\/06\/startbild_deblois.webp\" class=\"attachment-full size-full\" alt=\"Drei Personen in Sicherheitsuniformen, zwei tragen Anz\u00fcge, eine eine Jacke mit Funkger\u00e4t. Alle tragen Krawatten.\" loading=\"lazy\" srcset=\"https:\/\/www2.deblois.de\/wp-content\/uploads\/2025\/06\/startbild_deblois.webp 1422w, https:\/\/www2.deblois.de\/wp-content\/uploads\/2025\/06\/startbild_deblois-300x279.webp 300w, https:\/\/www2.deblois.de\/wp-content\/uploads\/2025\/06\/startbild_deblois-1024x951.webp 1024w, https:\/\/www2.deblois.de\/wp-content\/uploads\/2025\/06\/startbild_deblois-13x12.webp 13w\" sizes=\"auto, (max-width: 1422px) 100vw, 1422px\" \/><\/div><\/div><\/div><div class=\"w-html\"><div class=\"bildlinie\"><\/div><\/div><\/div><\/div><div class=\"wpb_column vc_column_container\"><div class=\"vc_column-inner\"><div class=\"w-text ueber\"><span class=\"w-text-h\"><span class=\"w-text-value\">Your demands are our standard<\/span><\/span><\/div><div class=\"wpb_text_column\"><div class=\"wpb_wrapper\"><h3>Representative. Service-oriented. International.<\/h3>\n<\/div><\/div><div class=\"w-separator size_small\"><\/div><div class=\"wpb_text_column stichpunkte\"><div class=\"wpb_wrapper\"><p>Our reception and telephone staff are not only proficient in common communication standards, but also in the art of discreet, culturally sensitive, and multilingual customer service. We see ourselves as an extended part of your team\u2014with the highest standards of professionalism, discretion, and efficiency.<\/p>\n<p>Our services at a glance:<\/p>\n<ul>\n<li>Friendly welcome and support of guests &amp; business partners<\/li>\n<li>Professional answering and forwarding of telephone calls<\/li>\n<li>Organization of visitor badges &amp; seminar rooms<\/li>\n<li>Key management &amp; access coordination<\/li>\n<li>Mail processing, parcel acceptance &amp; forwarding<\/li>\n<li>Lost and found services &amp; services related to stays<\/li>\n<li>International communication skills &amp; culturally sensitive demeanor<\/li>\n<\/ul>\n<\/div><\/div><\/div><\/div><\/div><\/div><\/section><section class=\"l-section wpb_row height_medium\"><div class=\"l-section-h i-cf\"><div class=\"g-cols vc_row via_grid cols_2-1 laptops-cols_inherit tablets-cols_inherit mobiles-cols_1 valign_middle type_default stacking_default\" style=\"--columns-gap:5rem;--laptops-columns-gap:5rem;--tablets-columns-gap:5rem;--mobiles-columns-gap:1.5rem;\"><div class=\"wpb_column vc_column_container\"><div class=\"vc_column-inner\"><div class=\"w-text ueber\"><span class=\"w-text-h\"><span class=\"w-text-value\">Service as individual as your company<\/span><\/span><\/div><div class=\"wpb_text_column\"><div class=\"wpb_wrapper\"><h3>Tailor-made reception services for every industry<\/h3>\n<\/div><\/div><div class=\"w-separator size_small\"><\/div><div class=\"wpb_text_column stichpunkte\"><div class=\"wpb_wrapper\"><p>Whether you&#039;re a law firm, corporation, hospital, or industrial company \u2013 our reception and telephone services are tailored precisely to your organizational structure and external image. We not only handle typical tasks but also support you with customized service requests, such as:<\/p>\n<ul>\n<li>Vehicle rental &amp; parking organization<\/li>\n<li>Flower service &amp; guest service<\/li>\n<li>Coordination of conference and event rooms<\/li>\n<li>VIP receptions &amp; multilingual visitor guidance<\/li>\n<\/ul>\n<\/div><\/div><\/div><\/div><div class=\"wpb_column vc_column_container\"><div class=\"vc_column-inner\"><div class=\"w-vwrapper align_center valign_top\"><div class=\"w-image us_custom_6e6b371a align_none\"><div class=\"w-image-h\"><img decoding=\"async\" width=\"950\" height=\"1000\" src=\"https:\/\/www2.deblois.de\/wp-content\/uploads\/2025\/07\/maenner-zeigefinger.webp\" class=\"attachment-full size-full\" alt=\"Zwei M\u00e4nner, einer zeigt in eine Richtung, der andere tr\u00e4gt eine Sicherheitsuniform.\" loading=\"lazy\" srcset=\"https:\/\/www2.deblois.de\/wp-content\/uploads\/2025\/07\/maenner-zeigefinger.webp 950w, https:\/\/www2.deblois.de\/wp-content\/uploads\/2025\/07\/maenner-zeigefinger-285x300.webp 285w, https:\/\/www2.deblois.de\/wp-content\/uploads\/2025\/07\/maenner-zeigefinger-11x12.webp 11w\" sizes=\"auto, (max-width: 950px) 100vw, 950px\" \/><\/div><\/div><\/div><div class=\"w-html\"><div class=\"bildlinie\"><\/div><\/div><\/div><\/div><\/div><\/div><\/section><section class=\"l-section wpb_row height_medium\"><div class=\"l-section-h i-cf\"><div class=\"g-cols vc_row via_grid cols_1 laptops-cols_inherit tablets-cols_inherit mobiles-cols_1 valign_top type_default stacking_default\"><div class=\"wpb_column vc_column_container\"><div class=\"vc_column-inner\"><div class=\"g-cols wpb_row us_custom_0e08fea8 via_grid cols_1 laptops-cols_inherit tablets-cols_inherit mobiles-cols_1 valign_top type_default stacking_default\" style=\"--columns-gap:3rem;\"><div class=\"wpb_column vc_column_container\"><div class=\"vc_column-inner\"><div class=\"wpb_text_column\"><div class=\"wpb_wrapper\"><h3>Your advantages with DE BLOIS SECURITY<\/h3>\n<\/div><\/div><div class=\"w-separator size_small\"><\/div><div class=\"wpb_text_column stichpunkte\"><div class=\"wpb_wrapper\"><p>Our valuables transport services are aimed at:<\/p>\n<ul>\n<li>Over 50 years of experience in the service and security sector<\/li>\n<li>Trained, discreet &amp; friendly staff<\/li>\n<li>Adaptation to your corporate culture &amp; CI<\/li>\n<li>Flexible working hours \u2013 from part-time to 24\/7 staffing<\/li>\n<li>Confidential handling of sensitive information<\/li>\n<li>Multilingualism &amp; cultural sensitivity<\/li>\n<\/ul>\n<\/div><\/div><\/div><\/div><\/div><div class=\"w-image us_custom_3a28b024 align_none\"><div class=\"w-image-h\"><img decoding=\"async\" width=\"40\" height=\"50\" src=\"https:\/\/www2.deblois.de\/wp-content\/uploads\/2025\/06\/wappen_dbs_50.png\" class=\"attachment-large size-large\" alt=\"\" loading=\"lazy\" srcset=\"https:\/\/www2.deblois.de\/wp-content\/uploads\/2025\/06\/wappen_dbs_50.png 40w, https:\/\/www2.deblois.de\/wp-content\/uploads\/2025\/06\/wappen_dbs_50-10x12.png 10w\" sizes=\"auto, (max-width: 40px) 100vw, 40px\" \/><\/div><\/div><\/div><\/div><\/div><\/div><\/section><section class=\"l-section wpb_row waben height_medium\"><div class=\"l-section-h i-cf\"><div class=\"g-cols vc_row via_grid cols_1-2 laptops-cols_inherit tablets-cols_inherit mobiles-cols_1 valign_middle type_default reversed stacking_default\" style=\"--columns-gap:5rem;--laptops-columns-gap:5rem;--tablets-columns-gap:5rem;--mobiles-columns-gap:1.5rem;\"><div class=\"wpb_column vc_column_container\"><div class=\"vc_column-inner\"><div class=\"w-vwrapper align_center valign_top\"><div class=\"w-image us_custom_7a0ed3f6 align_none\"><div class=\"w-image-h\"><img decoding=\"async\" width=\"637\" height=\"1000\" src=\"https:\/\/www2.deblois.de\/wp-content\/uploads\/2025\/07\/frau.webp\" class=\"attachment-full size-full\" alt=\"Eine l\u00e4chelnde Frau in Uniform mit Krawatte und Weste, H\u00e4nde in die H\u00fcften gest\u00fctzt, vor wei\u00dfem Hintergrund.\" loading=\"lazy\" srcset=\"https:\/\/www2.deblois.de\/wp-content\/uploads\/2025\/07\/frau.webp 637w, https:\/\/www2.deblois.de\/wp-content\/uploads\/2025\/07\/frau-191x300.webp 191w, https:\/\/www2.deblois.de\/wp-content\/uploads\/2025\/07\/frau-8x12.webp 8w\" sizes=\"auto, (max-width: 637px) 100vw, 637px\" \/><\/div><\/div><\/div><div class=\"w-html\"><div class=\"bildlinie klein\"><\/div><\/div><\/div><\/div><div class=\"wpb_column vc_column_container\"><div class=\"vc_column-inner\"><div class=\"w-text ueber\"><span class=\"w-text-h\"><span class=\"w-text-value\">Trust begins on the phone<\/span><\/span><\/div><div class=\"wpb_text_column\"><div class=\"wpb_wrapper\"><h3>For communication that leaves an impression<\/h3>\n<\/div><\/div><div class=\"w-separator size_small\"><\/div><div class=\"wpb_text_column stichpunkte\"><div class=\"wpb_wrapper\"><p>With the reception and telephone services of DE BLOIS SECURITY, you can rely on quality, service orientation, and absolute reliability \u2013 from the first ring to the last visit.<\/p>\n<p>Get a free, no-obligation consultation now \u2013 together we\u2019ll create a professional first impression.<\/p>\n<\/div><\/div><div class=\"w-separator size_medium\"><\/div><div class=\"w-btn-wrapper align_none\"><a class=\"w-btn us-btn-style_1 icon_atleft\" href=\"\/en\/kontakt\/?ihr-betreff=Empfangs- und Telefondienste\"><i class=\"fal fa-chevron-right\"><\/i><span class=\"w-btn-label\">Request service now<\/span><\/a><\/div><\/div><\/div><\/div><\/div><\/section><section class=\"l-section wpb_row height_medium\"><div class=\"l-section-h i-cf\"><div class=\"g-cols vc_row via_grid cols_1 laptops-cols_inherit tablets-cols_inherit mobiles-cols_1 valign_top type_default stacking_default\"><div class=\"wpb_column vc_column_container\"><div class=\"vc_column-inner\"><div class=\"wpb_text_column\"><div class=\"wpb_wrapper\"><h3>More <span class=\"underline\">Services<\/span><\/h3>\n<\/div><\/div><div class=\"w-separator size_small\"><\/div><div class=\"g-cols wpb_row via_grid cols_3 laptops-cols_inherit tablets-cols_inherit mobiles-cols_1 valign_top type_default\" style=\"--columns-gap:2rem;\"><div class=\"wpb_column vc_column_container us_custom_a4de5dc1 grow has-link\"><div class=\"vc_column-inner\"><div class=\"w-iconbox iconpos_top style_default color_custom align_none no_text\"><div class=\"w-iconbox-icon\" style=\"font-size:2.5rem;--icon-color:#ccc;\"><i class=\"fas fa-file-chart-line\"><\/i><\/div><div class=\"w-iconbox-meta\"><h6 class=\"w-iconbox-title\">Security analyses<\/h6><\/div><\/div><div class=\"w-separator size_small\"><\/div><div class=\"w-separator size_custom\" style=\"height:15px\"><\/div><div class=\"w-btn-wrapper align_none\"><a class=\"w-btn us-btn-style_3 us_custom_e0a94803 icon_atleft\" href=\"\/en\/leistungen\/sicherheitsanalysen\/\"><i class=\"fal fa-chevron-right\"><\/i><span class=\"w-btn-label\">Learn more<\/span><\/a><\/div><\/div><a href=\"\/en\/leistungen\/sicherheitsanalysen\/\" class=\"vc_column-link smooth-scroll\" aria-label=\"link\"><\/a><\/div><div class=\"wpb_column vc_column_container us_custom_a4de5dc1 grow has-link\"><div class=\"vc_column-inner\"><div class=\"w-iconbox iconpos_top style_default color_custom align_none no_text\"><div class=\"w-iconbox-icon\" style=\"font-size:2.5rem;--icon-color:#ccc;\"><i class=\"fas fa-user-shield\"><\/i><\/div><div class=\"w-iconbox-meta\"><h6 class=\"w-iconbox-title\">Municipal security services<\/h6><\/div><\/div><div class=\"w-separator size_small\"><\/div><div class=\"w-separator size_custom\" style=\"height:15px\"><\/div><div class=\"w-btn-wrapper align_none\"><a class=\"w-btn us-btn-style_3 us_custom_e0a94803 icon_atleft\" href=\"\/en\/leistungen\/kommunale-sicherheitsdienste\/\"><i class=\"fal fa-chevron-right\"><\/i><span class=\"w-btn-label\">Learn more<\/span><\/a><\/div><\/div><a href=\"\/en\/leistungen\/kommunale-sicherheitsdienste\/\" class=\"vc_column-link smooth-scroll\" aria-label=\"link\"><\/a><\/div><div class=\"wpb_column vc_column_container us_custom_a4de5dc1 grow has-link\"><div class=\"vc_column-inner\"><div class=\"w-iconbox iconpos_top style_default color_custom align_none no_text\"><div class=\"w-iconbox-icon\" style=\"font-size:2.5rem;--icon-color:#ccc;\"><i class=\"fas fa-fire\"><\/i><\/div><div class=\"w-iconbox-meta\"><h6 class=\"w-iconbox-title\">Preventive fire protection<\/h6><\/div><\/div><div class=\"w-separator size_small\"><\/div><div class=\"w-separator size_custom\" style=\"height:15px\"><\/div><div class=\"w-btn-wrapper align_none\"><a class=\"w-btn us-btn-style_3 us_custom_e0a94803 icon_atleft\" href=\"\/en\/leistungen\/vorbeugender-brandschutz\/\"><i class=\"fal fa-chevron-right\"><\/i><span class=\"w-btn-label\">Learn more<\/span><\/a><\/div><\/div><a href=\"\/en\/leistungen\/vorbeugender-brandschutz\/\" class=\"vc_column-link smooth-scroll\" aria-label=\"link\"><\/a><\/div><\/div><\/div><\/div><\/div><\/div><\/section>","protected":false},"excerpt":{"rendered":"Professional communication with personality Reception and telephone services First impressions count \u2013 we make sure they impress. Whether visitors, customers, partners, or suppliers: Anyone who enters your premises or contacts your company by phone expects competence, friendliness, and reliability. Our trained reception and telephone service staff represent your company the way you want: friendly,...","protected":false},"author":1,"featured_media":0,"parent":27,"menu_order":0,"comment_status":"closed","ping_status":"closed","template":"","meta":{"_acf_changed":false,"inline_featured_image":false,"footnotes":""},"class_list":["post-380","page","type-page","status-publish","hentry"],"acf":[],"yoast_head":"<!-- This site is optimized with the Yoast SEO plugin v26.7 - https:\/\/yoast.com\/wordpress\/plugins\/seo\/ -->\n<title>Empfangs- &amp; Telefondienst | DE BLOIS SECURITY Services<\/title>\n<meta name=\"description\" content=\"Freundlich. Kompetent. International: Empfangs- &amp; Telefondienst f\u00fcr Ihr Unternehmen. Jetztma\u00dfgeschneiderte Servicel\u00f6sung sichern \u2013 DE BLOIS SECURITY.\" \/>\n<meta name=\"robots\" content=\"index, follow, max-snippet:-1, max-image-preview:large, max-video-preview:-1\" \/>\n<link rel=\"canonical\" href=\"https:\/\/stage.deblois.de\/leistungen\/empfangs-und-telefondienste\/\" \/>\n<meta property=\"og:locale\" content=\"en_GB\" \/>\n<meta property=\"og:type\" content=\"article\" \/>\n<meta property=\"og:title\" content=\"Empfangs- &amp; Telefondienst | DE BLOIS SECURITY Services\" \/>\n<meta property=\"og:description\" content=\"Freundlich. Kompetent. International: Empfangs- &amp; Telefondienst f\u00fcr Ihr Unternehmen. Jetztma\u00dfgeschneiderte Servicel\u00f6sung sichern \u2013 DE BLOIS SECURITY.\" \/>\n<meta property=\"og:url\" content=\"https:\/\/stage.deblois.de\/leistungen\/empfangs-und-telefondienste\/\" \/>\n<meta property=\"og:site_name\" content=\"DE BLOIS SECURITY\" \/>\n<meta property=\"article:modified_time\" content=\"2025-09-28T20:41:25+00:00\" \/>\n<meta name=\"twitter:card\" content=\"summary_large_image\" \/>\n<meta name=\"twitter:label1\" content=\"Estimated reading time\" \/>\n\t<meta name=\"twitter:data1\" content=\"3 minutes\" \/>\n<script type=\"application\/ld+json\" class=\"yoast-schema-graph\">{\"@context\":\"https:\/\/schema.org\",\"@graph\":[{\"@type\":\"WebPage\",\"@id\":\"https:\/\/stage.deblois.de\/leistungen\/empfangs-und-telefondienste\/\",\"url\":\"https:\/\/stage.deblois.de\/leistungen\/empfangs-und-telefondienste\/\",\"name\":\"Empfangs- & Telefondienst | DE BLOIS SECURITY Services\",\"isPartOf\":{\"@id\":\"https:\/\/stage.deblois.de\/#website\"},\"datePublished\":\"2025-06-06T08:01:49+00:00\",\"dateModified\":\"2025-09-28T20:41:25+00:00\",\"description\":\"Freundlich. Kompetent. International: Empfangs- & Telefondienst f\u00fcr Ihr Unternehmen. Jetztma\u00dfgeschneiderte Servicel\u00f6sung sichern \u2013 DE BLOIS SECURITY.\",\"breadcrumb\":{\"@id\":\"https:\/\/stage.deblois.de\/leistungen\/empfangs-und-telefondienste\/#breadcrumb\"},\"inLanguage\":\"en-GB\",\"potentialAction\":[{\"@type\":\"ReadAction\",\"target\":[\"https:\/\/stage.deblois.de\/leistungen\/empfangs-und-telefondienste\/\"]}]},{\"@type\":\"BreadcrumbList\",\"@id\":\"https:\/\/stage.deblois.de\/leistungen\/empfangs-und-telefondienste\/#breadcrumb\",\"itemListElement\":[{\"@type\":\"ListItem\",\"position\":1,\"name\":\"Home\",\"item\":\"https:\/\/stage.deblois.de\/\"},{\"@type\":\"ListItem\",\"position\":2,\"name\":\"Leistungen\",\"item\":\"https:\/\/stage.deblois.de\/leistungen\/\"},{\"@type\":\"ListItem\",\"position\":3,\"name\":\"Empfangs- und Telefondienste\"}]},{\"@type\":\"WebSite\",\"@id\":\"https:\/\/stage.deblois.de\/#website\",\"url\":\"https:\/\/stage.deblois.de\/\",\"name\":\"DE BLOIS SECURITY\",\"description\":\"\",\"potentialAction\":[{\"@type\":\"SearchAction\",\"target\":{\"@type\":\"EntryPoint\",\"urlTemplate\":\"https:\/\/stage.deblois.de\/?s={search_term_string}\"},\"query-input\":{\"@type\":\"PropertyValueSpecification\",\"valueRequired\":true,\"valueName\":\"search_term_string\"}}],\"inLanguage\":\"en-GB\"}]}<\/script>\n<!-- \/ Yoast SEO plugin. -->","yoast_head_json":{"title":"Reception &amp; Telephone Service | DE BLOIS SECURITY Services","description":"Friendly. Competent. International: Reception and telephone service for your company. Secure a customized service solution now \u2013 DE BLOIS SECURITY.","robots":{"index":"index","follow":"follow","max-snippet":"max-snippet:-1","max-image-preview":"max-image-preview:large","max-video-preview":"max-video-preview:-1"},"canonical":"https:\/\/stage.deblois.de\/leistungen\/empfangs-und-telefondienste\/","og_locale":"en_GB","og_type":"article","og_title":"Empfangs- & Telefondienst | DE BLOIS SECURITY Services","og_description":"Freundlich. Kompetent. International: Empfangs- & Telefondienst f\u00fcr Ihr Unternehmen. Jetztma\u00dfgeschneiderte Servicel\u00f6sung sichern \u2013 DE BLOIS SECURITY.","og_url":"https:\/\/stage.deblois.de\/leistungen\/empfangs-und-telefondienste\/","og_site_name":"DE BLOIS SECURITY","article_modified_time":"2025-09-28T20:41:25+00:00","twitter_card":"summary_large_image","twitter_misc":{"Estimated reading time":"3 minutes"},"schema":{"@context":"https:\/\/schema.org","@graph":[{"@type":"WebPage","@id":"https:\/\/stage.deblois.de\/leistungen\/empfangs-und-telefondienste\/","url":"https:\/\/stage.deblois.de\/leistungen\/empfangs-und-telefondienste\/","name":"Reception &amp; Telephone Service | DE BLOIS SECURITY Services","isPartOf":{"@id":"https:\/\/stage.deblois.de\/#website"},"datePublished":"2025-06-06T08:01:49+00:00","dateModified":"2025-09-28T20:41:25+00:00","description":"Friendly. Competent. International: Reception and telephone service for your company. Secure a customized service solution now \u2013 DE BLOIS SECURITY.","breadcrumb":{"@id":"https:\/\/stage.deblois.de\/leistungen\/empfangs-und-telefondienste\/#breadcrumb"},"inLanguage":"en-GB","potentialAction":[{"@type":"ReadAction","target":["https:\/\/stage.deblois.de\/leistungen\/empfangs-und-telefondienste\/"]}]},{"@type":"BreadcrumbList","@id":"https:\/\/stage.deblois.de\/leistungen\/empfangs-und-telefondienste\/#breadcrumb","itemListElement":[{"@type":"ListItem","position":1,"name":"Home","item":"https:\/\/stage.deblois.de\/"},{"@type":"ListItem","position":2,"name":"Leistungen","item":"https:\/\/stage.deblois.de\/leistungen\/"},{"@type":"ListItem","position":3,"name":"Empfangs- und Telefondienste"}]},{"@type":"WebSite","@id":"https:\/\/stage.deblois.de\/#website","url":"https:\/\/stage.deblois.de\/","name":"DE BLOIS SECURITY","description":"","potentialAction":[{"@type":"SearchAction","target":{"@type":"EntryPoint","urlTemplate":"https:\/\/stage.deblois.de\/?s={search_term_string}"},"query-input":{"@type":"PropertyValueSpecification","valueRequired":true,"valueName":"search_term_string"}}],"inLanguage":"en-GB"}]}},"_links":{"self":[{"href":"https:\/\/www2.deblois.de\/en\/wp-json\/wp\/v2\/pages\/380","targetHints":{"allow":["GET"]}}],"collection":[{"href":"https:\/\/www2.deblois.de\/en\/wp-json\/wp\/v2\/pages"}],"about":[{"href":"https:\/\/www2.deblois.de\/en\/wp-json\/wp\/v2\/types\/page"}],"author":[{"embeddable":true,"href":"https:\/\/www2.deblois.de\/en\/wp-json\/wp\/v2\/users\/1"}],"replies":[{"embeddable":true,"href":"https:\/\/www2.deblois.de\/en\/wp-json\/wp\/v2\/comments?post=380"}],"version-history":[{"count":11,"href":"https:\/\/www2.deblois.de\/en\/wp-json\/wp\/v2\/pages\/380\/revisions"}],"predecessor-version":[{"id":857,"href":"https:\/\/www2.deblois.de\/en\/wp-json\/wp\/v2\/pages\/380\/revisions\/857"}],"up":[{"embeddable":true,"href":"https:\/\/www2.deblois.de\/en\/wp-json\/wp\/v2\/pages\/27"}],"wp:attachment":[{"href":"https:\/\/www2.deblois.de\/en\/wp-json\/wp\/v2\/media?parent=380"}],"curies":[{"name":"wp","href":"https:\/\/api.w.org\/{rel}","templated":true}]}}