{"id":384,"date":"2025-06-06T08:02:48","date_gmt":"2025-06-06T08:02:48","guid":{"rendered":"https:\/\/www2.deblois.de\/?page_id=384"},"modified":"2025-09-28T20:53:41","modified_gmt":"2025-09-28T20:53:41","slug":"kommunale-sicherheitsdienste","status":"publish","type":"page","link":"https:\/\/www2.deblois.de\/en\/leistungen\/kommunale-sicherheitsdienste\/","title":{"rendered":"Municipal security services"},"content":{"rendered":"<section class=\"l-section wpb_row waben height_small\"><div class=\"l-section-h i-cf\"><div class=\"g-cols vc_row via_grid cols_1 laptops-cols_inherit tablets-cols_inherit mobiles-cols_1 valign_top type_default stacking_default\"><div class=\"wpb_column vc_column_container\"><div class=\"vc_column-inner\"><div class=\"w-text ueber\"><span class=\"w-text-h\"><span class=\"w-text-value\">Security that creates closeness<\/span><\/span><\/div><div class=\"wpb_text_column\"><div class=\"wpb_wrapper\"><h2>Municipal security services<\/h2>\n<\/div><\/div><\/div><\/div><\/div><\/div><\/section><section class=\"l-section wpb_row height_auto\"><div class=\"l-section-h i-cf\"><div class=\"g-cols vc_row via_grid cols_2-1 laptops-cols_inherit tablets-cols_inherit mobiles-cols_1 valign_bottom type_default stacking_default\" style=\"--columns-gap:5rem;--laptops-columns-gap:5rem;--tablets-columns-gap:5rem;--mobiles-columns-gap:1.5rem;\"><div class=\"wpb_column vc_column_container\"><div class=\"vc_column-inner\"><div class=\"w-separator size_custom\" style=\"height:4rem\" id=\"y13a\"><style>@media(max-width:600px){ #y13a{height:1.5rem!important}}<\/style><\/div><div class=\"w-text ueber\"><span class=\"w-text-h\"><span class=\"w-text-value\">Visible presence. Tangible relief.<\/span><\/span><\/div><div class=\"wpb_text_column\"><div class=\"wpb_wrapper\"><h3>Flexible solutions for cities &amp; municipalities<\/h3>\n<p>A safe city is a city worth living in. Whether in public spaces, on public transport, or at events \u2013 <strong>municipal security<\/strong> is a central issue that directly impacts the well-being of citizens.<\/p>\n<p>DE BLOIS SECURITY supports municipalities with customized security solutions. With over 50 years of experience, specially trained personnel, and a strong focus on community engagement, we contribute to sustainably strengthening the sense of security in your community.<\/p>\n<\/div><\/div><div class=\"w-separator size_medium\"><\/div><div class=\"w-btn-wrapper align_none\"><a class=\"w-btn us-btn-style_1 icon_atleft\" href=\"\/en\/kontakt\/?ihr-betreff=Kommunale Sicherheitsdienste\"><i class=\"fal fa-chevron-right\"><\/i><span class=\"w-btn-label\">Request service now<\/span><\/a><\/div><div class=\"w-separator size_custom\" style=\"height:4rem\" id=\"j34f\"><style>@media(max-width:600px){ #j34f{height:0!important}}<\/style><\/div><\/div><\/div><div class=\"wpb_column vc_column_container\"><div class=\"vc_column-inner\"><div class=\"w-vwrapper align_center valign_top\"><div class=\"w-image us_custom_1fb948fc align_none\"><div class=\"w-image-h\"><img decoding=\"async\" width=\"380\" height=\"1000\" src=\"https:\/\/www2.deblois.de\/wp-content\/uploads\/2025\/07\/frau-arm.webp\" class=\"attachment-full size-full\" alt=\"Person in schwarzer Sicherheitsuniform mit Wappen und Krawatte, steht seitlich und schaut in die Kamera.\" loading=\"lazy\" srcset=\"https:\/\/www2.deblois.de\/wp-content\/uploads\/2025\/07\/frau-arm.webp 380w, https:\/\/www2.deblois.de\/wp-content\/uploads\/2025\/07\/frau-arm-114x300.webp 114w, https:\/\/www2.deblois.de\/wp-content\/uploads\/2025\/07\/frau-arm-5x12.webp 5w\" sizes=\"auto, (max-width: 380px) 100vw, 380px\" \/><\/div><\/div><\/div><\/div><\/div><\/div><\/div><\/section><section class=\"l-section wpb_row waben height_medium\"><div class=\"l-section-h i-cf\"><div class=\"g-cols vc_row via_grid cols_1-2 laptops-cols_inherit tablets-cols_inherit mobiles-cols_1 valign_middle type_default reversed stacking_default\" style=\"--columns-gap:5rem;--laptops-columns-gap:5rem;--tablets-columns-gap:5rem;--mobiles-columns-gap:1.5rem;\"><div class=\"wpb_column vc_column_container\"><div class=\"vc_column-inner\"><div class=\"w-vwrapper align_center valign_top\"><div class=\"w-image us_custom_a5be0d58 align_none\"><div class=\"w-image-h\"><img decoding=\"async\" width=\"950\" height=\"1000\" src=\"https:\/\/www2.deblois.de\/wp-content\/uploads\/2025\/07\/maenner-zeigefinger.webp\" class=\"attachment-full size-full\" alt=\"Zwei M\u00e4nner, einer zeigt in eine Richtung, der andere tr\u00e4gt eine Sicherheitsuniform.\" loading=\"lazy\" srcset=\"https:\/\/www2.deblois.de\/wp-content\/uploads\/2025\/07\/maenner-zeigefinger.webp 950w, https:\/\/www2.deblois.de\/wp-content\/uploads\/2025\/07\/maenner-zeigefinger-285x300.webp 285w, https:\/\/www2.deblois.de\/wp-content\/uploads\/2025\/07\/maenner-zeigefinger-11x12.webp 11w\" sizes=\"auto, (max-width: 950px) 100vw, 950px\" \/><\/div><\/div><\/div><div class=\"w-html\"><div class=\"bildlinie\"><\/div><\/div><\/div><\/div><div class=\"wpb_column vc_column_container\"><div class=\"vc_column-inner\"><div class=\"w-text ueber\"><span class=\"w-text-h\"><span class=\"w-text-value\">Municipal security with responsibility<\/span><\/span><\/div><div class=\"wpb_text_column\"><div class=\"wpb_wrapper\"><h3>Security for public spaces \u2013 professional and citizen-oriented<\/h3>\n<\/div><\/div><div class=\"w-separator size_small\"><\/div><div class=\"wpb_text_column stichpunkte\"><div class=\"wpb_wrapper\"><p>Our municipal security services build trust through presence and clear structures. We work closely with regulatory authorities, public transport companies, event organizers, and the police \u2013 through traditional contracting or public-private partnerships (PPPs).<\/p>\n<p>Our services for municipalities include:<\/p>\n<ul>\n<li>Preventive patrols in pedestrian zones and green spaces<\/li>\n<li>Ticket checks &amp; escort services in public transport<\/li>\n<li>Stewardship and security services at city festivals, markets &amp; open-air events<\/li>\n<li>School route checks &amp; escort protection<\/li>\n<li>Support in temporary hazardous situations (e.g. pandemics, major emergencies)<\/li>\n<li>Uniformed presence to deter vandalism and harassment<\/li>\n<li>Accompanying municipal law enforcement officers \u2013 e.g., in the field<\/li>\n<\/ul>\n<\/div><\/div><\/div><\/div><\/div><\/div><\/section><section class=\"l-section wpb_row height_medium\"><div class=\"l-section-h i-cf\"><div class=\"g-cols vc_row via_grid cols_1 laptops-cols_inherit tablets-cols_inherit mobiles-cols_1 valign_top type_default stacking_default\"><div class=\"wpb_column vc_column_container\"><div class=\"vc_column-inner\"><div class=\"g-cols wpb_row us_custom_0e08fea8 via_grid cols_1 laptops-cols_inherit tablets-cols_inherit mobiles-cols_1 valign_top type_default stacking_default\" style=\"--columns-gap:3rem;\"><div class=\"wpb_column vc_column_container\"><div class=\"vc_column-inner\"><div class=\"wpb_text_column\"><div class=\"wpb_wrapper\"><h3>More security, less effort \u2013 for your administration<\/h3>\n<\/div><\/div><div class=\"w-separator size_small\"><\/div><div class=\"wpb_text_column stichpunkte\"><div class=\"wpb_wrapper\"><p>By working with DE BLOIS SECURITY, municipalities benefit from a high level of flexibility, professional support, and a professional image. Our emergency personnel are highly trained, reliable, and wear coordinated uniforms \u2013 engaging with the public and de-escalating.<\/p>\n<p>Your advantages:<\/p>\n<ul>\n<li>Professional security personnel on call or by standing order<\/li>\n<li>High citizen acceptance through trained, friendly presence<\/li>\n<li>Relief of municipal budgets through targeted outsourcing<\/li>\n<li>Transparent documentation &amp; cooperation with regulatory authorities<\/li>\n<li>Modular security solutions \u2013 individually adaptable<\/li>\n<\/ul>\n<\/div><\/div><\/div><\/div><\/div><div class=\"w-image us_custom_3a28b024 align_none\"><div class=\"w-image-h\"><img decoding=\"async\" width=\"40\" height=\"50\" src=\"https:\/\/www2.deblois.de\/wp-content\/uploads\/2025\/06\/wappen_dbs_50.png\" class=\"attachment-large size-large\" alt=\"\" loading=\"lazy\" srcset=\"https:\/\/www2.deblois.de\/wp-content\/uploads\/2025\/06\/wappen_dbs_50.png 40w, https:\/\/www2.deblois.de\/wp-content\/uploads\/2025\/06\/wappen_dbs_50-10x12.png 10w\" sizes=\"auto, (max-width: 40px) 100vw, 40px\" \/><\/div><\/div><\/div><\/div><\/div><\/div><\/section><section class=\"l-section wpb_row height_medium\"><div class=\"l-section-h i-cf\"><div class=\"g-cols vc_row via_grid cols_1-2 laptops-cols_inherit tablets-cols_inherit mobiles-cols_1 valign_middle type_default reversed stacking_default\" style=\"--columns-gap:5rem;--laptops-columns-gap:5rem;--tablets-columns-gap:5rem;--mobiles-columns-gap:1.5rem;\"><div class=\"wpb_column vc_column_container\"><div class=\"vc_column-inner\"><div class=\"w-vwrapper align_center valign_top\"><div class=\"w-image us_custom_8f4b9c75 align_none\"><div class=\"w-image-h\"><img decoding=\"async\" width=\"569\" height=\"1000\" src=\"https:\/\/www2.deblois.de\/wp-content\/uploads\/2025\/07\/mann-jacke-hinten-walkie-talkie.webp\" class=\"attachment-full size-full\" alt=\"Mann in schwarzer Jacke mit De Blois Security-Logo, h\u00e4lt Funkger\u00e4t am Ohr.\" loading=\"lazy\" srcset=\"https:\/\/www2.deblois.de\/wp-content\/uploads\/2025\/07\/mann-jacke-hinten-walkie-talkie.webp 569w, https:\/\/www2.deblois.de\/wp-content\/uploads\/2025\/07\/mann-jacke-hinten-walkie-talkie-171x300.webp 171w, https:\/\/www2.deblois.de\/wp-content\/uploads\/2025\/07\/mann-jacke-hinten-walkie-talkie-7x12.webp 7w\" sizes=\"auto, (max-width: 569px) 100vw, 569px\" \/><\/div><\/div><\/div><div class=\"w-html\"><div class=\"bildlinie klein\"><\/div><\/div><\/div><\/div><div class=\"wpb_column vc_column_container\"><div class=\"vc_column-inner\"><div class=\"w-text ueber\"><span class=\"w-text-h\"><span class=\"w-text-value\">Achieve more together<\/span><\/span><\/div><div class=\"wpb_text_column\"><div class=\"wpb_wrapper\"><h3>Security with tradition and future<\/h3>\n<\/div><\/div><div class=\"w-separator size_small\"><\/div><div class=\"wpb_text_column stichpunkte\"><div class=\"wpb_wrapper\"><p>Security is a shared responsibility. Working closely with the police, public order authorities, and public transport operators, we ensure smooth operations and a heightened sense of security in public spaces. We open up new opportunities for innovative security concepts \u2013 efficient, legally compliant, and accepted.<\/p>\n<\/div><\/div><\/div><\/div><\/div><\/div><\/section><section class=\"l-section wpb_row height_medium\"><div class=\"l-section-h i-cf\"><div class=\"g-cols vc_row via_grid cols_2-1 laptops-cols_inherit tablets-cols_inherit mobiles-cols_1 valign_middle type_default stacking_default\" style=\"--columns-gap:5rem;--laptops-columns-gap:5rem;--tablets-columns-gap:5rem;--mobiles-columns-gap:1.5rem;\"><div class=\"wpb_column vc_column_container\"><div class=\"vc_column-inner\"><div class=\"w-text ueber\"><span class=\"w-text-h\"><span class=\"w-text-value\">Reliability meets innovation<\/span><\/span><\/div><div class=\"wpb_text_column\"><div class=\"wpb_wrapper\"><h3>Trust through competence and presence<\/h3>\n<\/div><\/div><div class=\"w-separator size_small\"><\/div><div class=\"wpb_text_column stichpunkte\"><div class=\"wpb_wrapper\"><p>The people of your city will notice \u2013 and appreciate \u2013 our presence. Whether supporting law enforcement or carrying out specific tasks, DE BLOIS SECURITY is your equal partner for municipal security.<\/p>\n<p><strong>Contact us \u2013 together we will develop a security concept for your city or municipality.<\/strong><\/p>\n<\/div><\/div><div class=\"w-separator size_medium\"><\/div><div class=\"w-btn-wrapper align_none\"><a class=\"w-btn us-btn-style_1 icon_atleft\" href=\"\/en\/kontakt\/?ihr-betreff=Kommunale Sicherheitsdienste\"><i class=\"fal fa-chevron-right\"><\/i><span class=\"w-btn-label\">Request service now<\/span><\/a><\/div><\/div><\/div><div class=\"wpb_column vc_column_container\"><div class=\"vc_column-inner\"><div class=\"w-vwrapper align_center valign_top\"><div class=\"w-image us_custom_8a1d5abc align_none\"><div class=\"w-image-h\"><img decoding=\"async\" width=\"433\" height=\"1000\" src=\"https:\/\/www2.deblois.de\/wp-content\/uploads\/2025\/06\/karriere.webp\" class=\"attachment-full size-full\" alt=\"Frau in Uniform mit gelb-blauem Halstuch und verschr\u00e4nkten Armen vor wei\u00dfem Hintergrund.\" loading=\"lazy\" srcset=\"https:\/\/www2.deblois.de\/wp-content\/uploads\/2025\/06\/karriere.webp 433w, https:\/\/www2.deblois.de\/wp-content\/uploads\/2025\/06\/karriere-130x300.webp 130w, https:\/\/www2.deblois.de\/wp-content\/uploads\/2025\/06\/karriere-5x12.webp 5w\" sizes=\"auto, (max-width: 433px) 100vw, 433px\" \/><\/div><\/div><\/div><div class=\"w-html\"><div class=\"bildlinie klein\"><\/div><\/div><\/div><\/div><\/div><\/div><\/section><section class=\"l-section wpb_row height_medium\"><div class=\"l-section-h i-cf\"><div class=\"g-cols vc_row via_grid cols_1 laptops-cols_inherit tablets-cols_inherit mobiles-cols_1 valign_top type_default stacking_default\"><div class=\"wpb_column vc_column_container\"><div class=\"vc_column-inner\"><div class=\"wpb_text_column\"><div class=\"wpb_wrapper\"><h3>More <span class=\"underline\">Services<\/span><\/h3>\n<\/div><\/div><div class=\"w-separator size_small\"><\/div><div class=\"g-cols wpb_row via_grid cols_3 laptops-cols_inherit tablets-cols_inherit mobiles-cols_1 valign_top type_default\" style=\"--columns-gap:2rem;\"><div class=\"wpb_column vc_column_container us_custom_a4de5dc1 grow has-link\"><div class=\"vc_column-inner\"><div class=\"w-iconbox iconpos_top style_default color_custom align_none no_text\"><div class=\"w-iconbox-icon\" style=\"font-size:2.5rem;--icon-color:#ccc;\"><i class=\"fas fa-fire\"><\/i><\/div><div class=\"w-iconbox-meta\"><h6 class=\"w-iconbox-title\">Preventive fire protection<\/h6><\/div><\/div><div class=\"w-separator size_small\"><\/div><div class=\"w-separator size_custom\" style=\"height:15px\"><\/div><div class=\"w-btn-wrapper align_none\"><a class=\"w-btn us-btn-style_3 us_custom_e0a94803 icon_atleft\" href=\"\/en\/leistungen\/vorbeugender-brandschutz\/\"><i class=\"fal fa-chevron-right\"><\/i><span class=\"w-btn-label\">Learn more<\/span><\/a><\/div><\/div><a href=\"\/en\/leistungen\/vorbeugender-brandschutz\/\" class=\"vc_column-link smooth-scroll\" aria-label=\"link\"><\/a><\/div><div class=\"wpb_column vc_column_container us_custom_a4de5dc1 grow has-link\"><div class=\"vc_column-inner\"><div class=\"w-iconbox iconpos_top style_default color_custom align_none no_text\"><div class=\"w-iconbox-icon\" style=\"font-size:2.5rem;--icon-color:#ccc;\"><i class=\"fas fa-building\"><\/i><\/div><div class=\"w-iconbox-meta\"><h6 class=\"w-iconbox-title\">Facility Management<\/h6><\/div><\/div><div class=\"w-separator size_small\"><\/div><div class=\"w-separator size_custom\" style=\"height:15px\"><\/div><div class=\"w-btn-wrapper align_none\"><a class=\"w-btn us-btn-style_3 us_custom_e0a94803 icon_atleft\" href=\"\/en\/leistungen\/facility-management\/\"><i class=\"fal fa-chevron-right\"><\/i><span class=\"w-btn-label\">Learn more<\/span><\/a><\/div><\/div><a href=\"\/en\/leistungen\/facility-management\/\" class=\"vc_column-link smooth-scroll\" aria-label=\"link\"><\/a><\/div><div class=\"wpb_column vc_column_container us_custom_a4de5dc1 grow has-link\"><div class=\"vc_column-inner\"><div class=\"w-iconbox iconpos_top style_default color_custom align_none no_text\"><div class=\"w-iconbox-icon\" style=\"font-size:2.5rem;--icon-color:#ccc;\"><i class=\"fas fa-desktop-alt\"><\/i><\/div><div class=\"w-iconbox-meta\"><h6 class=\"w-iconbox-title\">Software solutions<\/h6><\/div><\/div><div class=\"w-separator size_small\"><\/div><div class=\"w-separator size_custom\" style=\"height:15px\"><\/div><div class=\"w-btn-wrapper align_none\"><a class=\"w-btn us-btn-style_3 us_custom_e0a94803 icon_atleft\" href=\"\/en\/leistungen\/softwareloesungen\/\"><i class=\"fal fa-chevron-right\"><\/i><span class=\"w-btn-label\">Learn more<\/span><\/a><\/div><\/div><a href=\"\/en\/leistungen\/softwareloesungen\/\" class=\"vc_column-link smooth-scroll\" aria-label=\"link\"><\/a><\/div><\/div><\/div><\/div><\/div><\/div><\/section>","protected":false},"excerpt":{"rendered":"Security that creates proximity. Municipal security services. Visible presence. Tangible relief. Flexible solutions for cities and municipalities. A safe city is a livable city. Whether in public spaces, on public transport, or at events \u2013 municipal security is a key issue that directly impacts the well-being of its citizens. DE BLOIS SECURITY supports municipalities with customized security solutions. With...","protected":false},"author":1,"featured_media":0,"parent":27,"menu_order":0,"comment_status":"closed","ping_status":"closed","template":"","meta":{"_acf_changed":false,"inline_featured_image":false,"footnotes":""},"class_list":["post-384","page","type-page","status-publish","hentry"],"acf":[],"yoast_head":"<!-- This site is optimized with the Yoast SEO plugin v26.7 - https:\/\/yoast.com\/wordpress\/plugins\/seo\/ -->\n<title>Kommunale Sicherheitsdienste | DE BLOIS SECURITY f\u00fcr St\u00e4dte<\/title>\n<meta name=\"description\" content=\"Sicherheitsdienste f\u00fcr Kommunen: Streifen, Kontrollen &amp; Eventschutz. Flexibel &amp; b\u00fcrgernah. DE BLOIS SECURITY \u2013 Ihr Partner f\u00fcr kommunale Sicherheit.\" \/>\n<meta name=\"robots\" content=\"index, follow, max-snippet:-1, max-image-preview:large, max-video-preview:-1\" \/>\n<link rel=\"canonical\" href=\"https:\/\/stage.deblois.de\/leistungen\/kommunale-sicherheitsdienste\/\" \/>\n<meta property=\"og:locale\" content=\"en_GB\" \/>\n<meta property=\"og:type\" content=\"article\" \/>\n<meta property=\"og:title\" content=\"Kommunale Sicherheitsdienste | DE BLOIS SECURITY f\u00fcr St\u00e4dte\" \/>\n<meta property=\"og:description\" content=\"Sicherheitsdienste f\u00fcr Kommunen: Streifen, Kontrollen &amp; Eventschutz. Flexibel &amp; b\u00fcrgernah. DE BLOIS SECURITY \u2013 Ihr Partner f\u00fcr kommunale Sicherheit.\" \/>\n<meta property=\"og:url\" content=\"https:\/\/stage.deblois.de\/leistungen\/kommunale-sicherheitsdienste\/\" \/>\n<meta property=\"og:site_name\" content=\"DE BLOIS SECURITY\" \/>\n<meta property=\"article:modified_time\" content=\"2025-09-28T20:53:41+00:00\" \/>\n<meta name=\"twitter:card\" content=\"summary_large_image\" \/>\n<meta name=\"twitter:label1\" content=\"Estimated reading time\" \/>\n\t<meta name=\"twitter:data1\" content=\"3 minutes\" \/>\n<script type=\"application\/ld+json\" class=\"yoast-schema-graph\">{\"@context\":\"https:\/\/schema.org\",\"@graph\":[{\"@type\":\"WebPage\",\"@id\":\"https:\/\/stage.deblois.de\/leistungen\/kommunale-sicherheitsdienste\/\",\"url\":\"https:\/\/stage.deblois.de\/leistungen\/kommunale-sicherheitsdienste\/\",\"name\":\"Kommunale Sicherheitsdienste | DE BLOIS SECURITY f\u00fcr St\u00e4dte\",\"isPartOf\":{\"@id\":\"https:\/\/stage.deblois.de\/#website\"},\"datePublished\":\"2025-06-06T08:02:48+00:00\",\"dateModified\":\"2025-09-28T20:53:41+00:00\",\"description\":\"Sicherheitsdienste f\u00fcr Kommunen: Streifen, Kontrollen & Eventschutz. Flexibel & b\u00fcrgernah. DE BLOIS SECURITY \u2013 Ihr Partner f\u00fcr kommunale Sicherheit.\",\"breadcrumb\":{\"@id\":\"https:\/\/stage.deblois.de\/leistungen\/kommunale-sicherheitsdienste\/#breadcrumb\"},\"inLanguage\":\"en-GB\",\"potentialAction\":[{\"@type\":\"ReadAction\",\"target\":[\"https:\/\/stage.deblois.de\/leistungen\/kommunale-sicherheitsdienste\/\"]}]},{\"@type\":\"BreadcrumbList\",\"@id\":\"https:\/\/stage.deblois.de\/leistungen\/kommunale-sicherheitsdienste\/#breadcrumb\",\"itemListElement\":[{\"@type\":\"ListItem\",\"position\":1,\"name\":\"Home\",\"item\":\"https:\/\/stage.deblois.de\/\"},{\"@type\":\"ListItem\",\"position\":2,\"name\":\"Leistungen\",\"item\":\"https:\/\/stage.deblois.de\/leistungen\/\"},{\"@type\":\"ListItem\",\"position\":3,\"name\":\"Kommunale Sicherheitsdienste\"}]},{\"@type\":\"WebSite\",\"@id\":\"https:\/\/stage.deblois.de\/#website\",\"url\":\"https:\/\/stage.deblois.de\/\",\"name\":\"DE BLOIS SECURITY\",\"description\":\"\",\"potentialAction\":[{\"@type\":\"SearchAction\",\"target\":{\"@type\":\"EntryPoint\",\"urlTemplate\":\"https:\/\/stage.deblois.de\/?s={search_term_string}\"},\"query-input\":{\"@type\":\"PropertyValueSpecification\",\"valueRequired\":true,\"valueName\":\"search_term_string\"}}],\"inLanguage\":\"en-GB\"}]}<\/script>\n<!-- \/ Yoast SEO plugin. -->","yoast_head_json":{"title":"Municipal security services | DE BLOIS SECURITY for cities","description":"Security services for municipalities: patrols, checks, and event security. Flexible and responsive. DE BLOIS SECURITY \u2013 your partner for municipal security.","robots":{"index":"index","follow":"follow","max-snippet":"max-snippet:-1","max-image-preview":"max-image-preview:large","max-video-preview":"max-video-preview:-1"},"canonical":"https:\/\/stage.deblois.de\/leistungen\/kommunale-sicherheitsdienste\/","og_locale":"en_GB","og_type":"article","og_title":"Kommunale Sicherheitsdienste | DE BLOIS SECURITY f\u00fcr St\u00e4dte","og_description":"Sicherheitsdienste f\u00fcr Kommunen: Streifen, Kontrollen & Eventschutz. Flexibel & b\u00fcrgernah. DE BLOIS SECURITY \u2013 Ihr Partner f\u00fcr kommunale Sicherheit.","og_url":"https:\/\/stage.deblois.de\/leistungen\/kommunale-sicherheitsdienste\/","og_site_name":"DE BLOIS SECURITY","article_modified_time":"2025-09-28T20:53:41+00:00","twitter_card":"summary_large_image","twitter_misc":{"Estimated reading time":"3 minutes"},"schema":{"@context":"https:\/\/schema.org","@graph":[{"@type":"WebPage","@id":"https:\/\/stage.deblois.de\/leistungen\/kommunale-sicherheitsdienste\/","url":"https:\/\/stage.deblois.de\/leistungen\/kommunale-sicherheitsdienste\/","name":"Municipal security services | DE BLOIS SECURITY for cities","isPartOf":{"@id":"https:\/\/stage.deblois.de\/#website"},"datePublished":"2025-06-06T08:02:48+00:00","dateModified":"2025-09-28T20:53:41+00:00","description":"Security services for municipalities: patrols, checks, and event security. Flexible and responsive. DE BLOIS SECURITY \u2013 your partner for municipal security.","breadcrumb":{"@id":"https:\/\/stage.deblois.de\/leistungen\/kommunale-sicherheitsdienste\/#breadcrumb"},"inLanguage":"en-GB","potentialAction":[{"@type":"ReadAction","target":["https:\/\/stage.deblois.de\/leistungen\/kommunale-sicherheitsdienste\/"]}]},{"@type":"BreadcrumbList","@id":"https:\/\/stage.deblois.de\/leistungen\/kommunale-sicherheitsdienste\/#breadcrumb","itemListElement":[{"@type":"ListItem","position":1,"name":"Home","item":"https:\/\/stage.deblois.de\/"},{"@type":"ListItem","position":2,"name":"Leistungen","item":"https:\/\/stage.deblois.de\/leistungen\/"},{"@type":"ListItem","position":3,"name":"Kommunale Sicherheitsdienste"}]},{"@type":"WebSite","@id":"https:\/\/stage.deblois.de\/#website","url":"https:\/\/stage.deblois.de\/","name":"DE BLOIS SECURITY","description":"","potentialAction":[{"@type":"SearchAction","target":{"@type":"EntryPoint","urlTemplate":"https:\/\/stage.deblois.de\/?s={search_term_string}"},"query-input":{"@type":"PropertyValueSpecification","valueRequired":true,"valueName":"search_term_string"}}],"inLanguage":"en-GB"}]}},"_links":{"self":[{"href":"https:\/\/www2.deblois.de\/en\/wp-json\/wp\/v2\/pages\/384","targetHints":{"allow":["GET"]}}],"collection":[{"href":"https:\/\/www2.deblois.de\/en\/wp-json\/wp\/v2\/pages"}],"about":[{"href":"https:\/\/www2.deblois.de\/en\/wp-json\/wp\/v2\/types\/page"}],"author":[{"embeddable":true,"href":"https:\/\/www2.deblois.de\/en\/wp-json\/wp\/v2\/users\/1"}],"replies":[{"embeddable":true,"href":"https:\/\/www2.deblois.de\/en\/wp-json\/wp\/v2\/comments?post=384"}],"version-history":[{"count":10,"href":"https:\/\/www2.deblois.de\/en\/wp-json\/wp\/v2\/pages\/384\/revisions"}],"predecessor-version":[{"id":859,"href":"https:\/\/www2.deblois.de\/en\/wp-json\/wp\/v2\/pages\/384\/revisions\/859"}],"up":[{"embeddable":true,"href":"https:\/\/www2.deblois.de\/en\/wp-json\/wp\/v2\/pages\/27"}],"wp:attachment":[{"href":"https:\/\/www2.deblois.de\/en\/wp-json\/wp\/v2\/media?parent=384"}],"curies":[{"name":"wp","href":"https:\/\/api.w.org\/{rel}","templated":true}]}}