{"id":386,"date":"2025-06-06T08:03:06","date_gmt":"2025-06-06T08:03:06","guid":{"rendered":"https:\/\/www2.deblois.de\/?page_id=386"},"modified":"2025-09-28T20:45:33","modified_gmt":"2025-09-28T20:45:33","slug":"sicherheitsanalysen","status":"publish","type":"page","link":"https:\/\/www2.deblois.de\/en\/leistungen\/sicherheitsanalysen\/","title":{"rendered":"Security analyses"},"content":{"rendered":"<section class=\"l-section wpb_row waben height_small\"><div class=\"l-section-h i-cf\"><div class=\"g-cols vc_row via_grid cols_1 laptops-cols_inherit tablets-cols_inherit mobiles-cols_1 valign_top type_default stacking_default\"><div class=\"wpb_column vc_column_container\"><div class=\"vc_column-inner\"><div class=\"w-text ueber\"><span class=\"w-text-h\"><span class=\"w-text-value\">Identify risks. Develop solutions.<\/span><\/span><\/div><div class=\"wpb_text_column\"><div class=\"wpb_wrapper\"><h2>Security analyses<\/h2>\n<\/div><\/div><\/div><\/div><\/div><\/div><\/section><section class=\"l-section wpb_row height_auto\"><div class=\"l-section-h i-cf\"><div class=\"g-cols vc_row via_grid cols_2-1 laptops-cols_inherit tablets-cols_inherit mobiles-cols_1 valign_bottom type_default stacking_default\" style=\"--columns-gap:5rem;--laptops-columns-gap:5rem;--tablets-columns-gap:5rem;--mobiles-columns-gap:1.5rem;\"><div class=\"wpb_column vc_column_container\"><div class=\"vc_column-inner\"><div class=\"w-separator size_custom\" style=\"height:4rem\" id=\"ld5e\"><style>@media(max-width:600px){ #ld5e{height:1.5rem!important}}<\/style><\/div><div class=\"wpb_text_column\"><div class=\"wpb_wrapper\"><p>A sound security analysis is the foundation of any effective security concept. Whether it&#039;s an industrial company, a government office, or an educational institution \u2013 every facility presents specific hazard potentials that must be identified and specifically addressed. The Group <strong>DE BLOIS SECURITY<\/strong> draws on over 50 years of experience to realistically assess weak points and develop practical, economically viable solutions.<\/p>\n<p>Our security analyses aim not only to identify threats but also to provide concrete recommendations on how risks can be efficiently minimized \u2013 technically, organizationally, and in terms of personnel.<\/p>\n<\/div><\/div><div class=\"w-separator size_medium\"><\/div><div class=\"w-btn-wrapper align_none\"><a class=\"w-btn us-btn-style_1 icon_atleft\" href=\"\/en\/kontakt\/?ihr-betreff=Sicherheits\u00adanalysen\"><i class=\"fal fa-chevron-right\"><\/i><span class=\"w-btn-label\">Request service now<\/span><\/a><\/div><div class=\"w-separator size_custom\" style=\"height:4rem\" id=\"bee2\"><style>@media(max-width:600px){ #bee2{height:0!important}}<\/style><\/div><\/div><\/div><div class=\"wpb_column vc_column_container\"><div class=\"vc_column-inner\"><div class=\"w-vwrapper align_center valign_top\"><div class=\"w-image us_custom_404b0d7e align_none\"><div class=\"w-image-h\"><img decoding=\"async\" width=\"596\" height=\"1000\" src=\"https:\/\/www2.deblois.de\/wp-content\/uploads\/2025\/07\/frau-block.webp\" class=\"attachment-full size-full\" alt=\"Frau in Uniform mit Krawatte schreibt auf einem Klemmbrett.\" loading=\"lazy\" srcset=\"https:\/\/www2.deblois.de\/wp-content\/uploads\/2025\/07\/frau-block.webp 596w, https:\/\/www2.deblois.de\/wp-content\/uploads\/2025\/07\/frau-block-179x300.webp 179w, https:\/\/www2.deblois.de\/wp-content\/uploads\/2025\/07\/frau-block-7x12.webp 7w\" sizes=\"auto, (max-width: 596px) 100vw, 596px\" \/><\/div><\/div><\/div><\/div><\/div><\/div><\/div><\/section><section class=\"l-section wpb_row waben height_medium\"><div class=\"l-section-h i-cf\"><div class=\"g-cols vc_row via_grid cols_1-2 laptops-cols_inherit tablets-cols_inherit mobiles-cols_1 valign_middle type_default reversed stacking_default\" style=\"--columns-gap:5rem;--laptops-columns-gap:5rem;--tablets-columns-gap:5rem;--mobiles-columns-gap:1.5rem;\"><div class=\"wpb_column vc_column_container\"><div class=\"vc_column-inner\"><div class=\"w-vwrapper align_center valign_top\"><div class=\"w-image us_custom_6f4a0ea7 align_none\"><div class=\"w-image-h\"><img decoding=\"async\" width=\"1000\" height=\"972\" src=\"https:\/\/www2.deblois.de\/wp-content\/uploads\/2025\/06\/broschuere.webp\" class=\"attachment-full size-full\" alt=\"Zwei M\u00e4nner in Anzug und Hemd betrachten zusammen ein aufgeschlagenes Buch oder Magazin.\" loading=\"lazy\" srcset=\"https:\/\/www2.deblois.de\/wp-content\/uploads\/2025\/06\/broschuere.webp 1000w, https:\/\/www2.deblois.de\/wp-content\/uploads\/2025\/06\/broschuere-300x292.webp 300w, https:\/\/www2.deblois.de\/wp-content\/uploads\/2025\/06\/broschuere-12x12.webp 12w\" sizes=\"auto, (max-width: 1000px) 100vw, 1000px\" \/><\/div><\/div><\/div><div class=\"w-html\"><div class=\"bildlinie\"><\/div><\/div><\/div><\/div><div class=\"wpb_column vc_column_container\"><div class=\"vc_column-inner\"><div class=\"w-text ueber\"><span class=\"w-text-h\"><span class=\"w-text-value\">Understand before protecting<\/span><\/span><\/div><div class=\"wpb_text_column\"><div class=\"wpb_wrapper\"><h3>Tailor-made analysis instead of standard solution<\/h3>\n<\/div><\/div><div class=\"w-separator size_small\"><\/div><div class=\"wpb_text_column stichpunkte\"><div class=\"wpb_wrapper\"><p>At the heart of every security analysis is a comprehensive review of your existing security measures \u2013 both physical and organizational. We analyze your geographical environment, the structural conditions of your site, and the access regulations for employees, visitors, and suppliers. Internal processes such as the handling of confidential data, valuables, or hazardous substances are also reviewed for potential security gaps.<\/p>\n<p>Based on your individual security policy, we work with you to define realistic protection goals. These form the foundation for our assessment of the current situation and serve to meaningfully derive potential threat scenarios.<\/p>\n<p>As part of the analysis, we evaluate not only existing security technology but also its interaction with internal processes. This allows us to identify optimization potential and develop concrete measures \u2013 whether through targeted organizational adjustments or technical modernization.<\/p>\n<\/div><\/div><\/div><\/div><\/div><\/div><\/section><section class=\"l-section wpb_row height_medium\"><div class=\"l-section-h i-cf\"><div class=\"g-cols vc_row via_grid cols_2-1 laptops-cols_inherit tablets-cols_inherit mobiles-cols_1 valign_middle type_default stacking_default\" style=\"--columns-gap:5rem;--laptops-columns-gap:5rem;--tablets-columns-gap:5rem;--mobiles-columns-gap:1.5rem;\"><div class=\"wpb_column vc_column_container\"><div class=\"vc_column-inner\"><div class=\"w-text ueber\"><span class=\"w-text-h\"><span class=\"w-text-value\">From concept to reality<\/span><\/span><\/div><div class=\"wpb_text_column\"><div class=\"wpb_wrapper\"><h3>From analysis to implementation \u2013 with an experienced partner<\/h3>\n<\/div><\/div><div class=\"w-separator size_small\"><\/div><div class=\"wpb_text_column stichpunkte\"><div class=\"wpb_wrapper\"><p>Our services don&#039;t end with the analysis. Upon request, we can assist you:<\/p>\n<ul>\n<li>in the technical implementation of recommended measures (e.g. video surveillance,<br \/>\nAccess control systems)<\/li>\n<li>in the organizational integration into your business processes<\/li>\n<li>in training employees and setting up internal security structures<\/li>\n<li>through regular re-audits or continuous safety consulting<\/li>\n<\/ul>\n<p>You alone decide which action steps you want to take \u2013 we provide the sound basis for your decision.<\/p>\n<\/div><\/div><\/div><\/div><div class=\"wpb_column vc_column_container\"><div class=\"vc_column-inner\"><div class=\"w-vwrapper align_center valign_top\"><div class=\"w-image us_custom_16bcac69 align_none\"><div class=\"w-image-h\"><img decoding=\"async\" width=\"485\" height=\"1000\" src=\"https:\/\/www2.deblois.de\/wp-content\/uploads\/2025\/07\/mann-raute.webp\" class=\"attachment-full size-full\" alt=\"Mann in einem schwarzen Anzug mit gestreifter Krawatte und Sicherheitsabzeichen steht mit verschr\u00e4nkten H\u00e4nden.\" loading=\"lazy\" srcset=\"https:\/\/www2.deblois.de\/wp-content\/uploads\/2025\/07\/mann-raute.webp 485w, https:\/\/www2.deblois.de\/wp-content\/uploads\/2025\/07\/mann-raute-146x300.webp 146w, https:\/\/www2.deblois.de\/wp-content\/uploads\/2025\/07\/mann-raute-6x12.webp 6w\" sizes=\"auto, (max-width: 485px) 100vw, 485px\" \/><\/div><\/div><\/div><div class=\"w-html\"><div class=\"bildlinie klein\"><\/div><\/div><\/div><\/div><\/div><\/div><\/section><section class=\"l-section wpb_row height_medium\"><div class=\"l-section-h i-cf\"><div class=\"g-cols vc_row via_grid cols_1 laptops-cols_inherit tablets-cols_inherit mobiles-cols_1 valign_top type_default stacking_default\"><div class=\"wpb_column vc_column_container\"><div class=\"vc_column-inner\"><div class=\"g-cols wpb_row us_custom_0e08fea8 via_grid cols_1 laptops-cols_inherit tablets-cols_inherit mobiles-cols_1 valign_top type_default stacking_default\" style=\"--columns-gap:3rem;\"><div class=\"wpb_column vc_column_container\"><div class=\"vc_column-inner\"><div class=\"wpb_text_column\"><div class=\"wpb_wrapper\"><h3>Your advantage: an experienced partner at your side<\/h3>\n<\/div><\/div><div class=\"w-separator size_small\"><\/div><div class=\"wpb_text_column stichpunkte\"><div class=\"wpb_wrapper\"><p>DE BLOIS SECURITY security analyses offer you a structured approach, individually tailored to your industry and risk situation. We see ourselves not only as a service provider, but as a partner who offers you clarity, security, and confidence in your decisions. Our many years of expertise allow us to solve even complex requirements pragmatically and effectively \u2013 with an eye on your processes, your budget, and your corporate responsibility.<\/p>\n<\/div><\/div><\/div><\/div><\/div><div class=\"w-image us_custom_3a28b024 align_none\"><div class=\"w-image-h\"><img decoding=\"async\" width=\"40\" height=\"50\" src=\"https:\/\/www2.deblois.de\/wp-content\/uploads\/2025\/06\/wappen_dbs_50.png\" class=\"attachment-large size-large\" alt=\"\" loading=\"lazy\" srcset=\"https:\/\/www2.deblois.de\/wp-content\/uploads\/2025\/06\/wappen_dbs_50.png 40w, https:\/\/www2.deblois.de\/wp-content\/uploads\/2025\/06\/wappen_dbs_50-10x12.png 10w\" sizes=\"auto, (max-width: 40px) 100vw, 40px\" \/><\/div><\/div><\/div><\/div><\/div><\/div><\/section><section class=\"l-section wpb_row waben height_medium\"><div class=\"l-section-h i-cf\"><div class=\"g-cols vc_row via_grid cols_1-2 laptops-cols_inherit tablets-cols_inherit mobiles-cols_1 valign_middle type_default reversed stacking_default\" style=\"--columns-gap:5rem;--laptops-columns-gap:5rem;--tablets-columns-gap:5rem;--mobiles-columns-gap:1.5rem;\"><div class=\"wpb_column vc_column_container\"><div class=\"vc_column-inner\"><div class=\"w-vwrapper align_center valign_top\"><div class=\"w-image us_custom_12447d03 align_none\"><div class=\"w-image-h\"><img decoding=\"async\" width=\"542\" height=\"1000\" src=\"https:\/\/www2.deblois.de\/wp-content\/uploads\/2025\/07\/frau-headset-block.webp\" class=\"attachment-full size-full\" alt=\"Frau mit Headset und gelbem Schal schreibt mit Stift auf Klemmbrett.\" loading=\"lazy\" srcset=\"https:\/\/www2.deblois.de\/wp-content\/uploads\/2025\/07\/frau-headset-block.webp 542w, https:\/\/www2.deblois.de\/wp-content\/uploads\/2025\/07\/frau-headset-block-163x300.webp 163w, https:\/\/www2.deblois.de\/wp-content\/uploads\/2025\/07\/frau-headset-block-7x12.webp 7w\" sizes=\"auto, (max-width: 542px) 100vw, 542px\" \/><\/div><\/div><\/div><div class=\"w-html\"><div class=\"bildlinie\"><\/div><\/div><\/div><\/div><div class=\"wpb_column vc_column_container\"><div class=\"vc_column-inner\"><div class=\"w-text ueber\"><span class=\"w-text-h\"><span class=\"w-text-value\">Your next step towards more protection<\/span><\/span><\/div><div class=\"wpb_text_column\"><div class=\"wpb_wrapper\"><h3>Request a security analysis now<\/h3>\n<\/div><\/div><div class=\"w-separator size_small\"><\/div><div class=\"wpb_text_column stichpunkte\"><div class=\"wpb_wrapper\"><p>Want to know how well your company is truly protected? We&#039;ll provide the answer \u2013 professionally, discreetly, and independently. With DE BLOIS SECURITY, you can rely on a security concept based on sound knowledge.<\/p>\n<p><strong>Contact us \u2013 we will advise you individually.<\/strong><\/p>\n<\/div><\/div><div class=\"w-separator size_medium\"><\/div><div class=\"w-btn-wrapper align_none\"><a class=\"w-btn us-btn-style_1 icon_atleft\" href=\"\/en\/kontakt\/?ihr-betreff=Sicherheits\u00adanalysen\"><i class=\"fal fa-chevron-right\"><\/i><span class=\"w-btn-label\">Request service now<\/span><\/a><\/div><\/div><\/div><\/div><\/div><\/section><section class=\"l-section wpb_row height_medium\"><div class=\"l-section-h i-cf\"><div class=\"g-cols vc_row via_grid cols_1 laptops-cols_inherit tablets-cols_inherit mobiles-cols_1 valign_top type_default stacking_default\"><div class=\"wpb_column vc_column_container\"><div class=\"vc_column-inner\"><div class=\"wpb_text_column\"><div class=\"wpb_wrapper\"><h3>More <span class=\"underline\">Services<\/span><\/h3>\n<\/div><\/div><div class=\"w-separator size_small\"><\/div><div class=\"g-cols wpb_row via_grid cols_3 laptops-cols_inherit tablets-cols_inherit mobiles-cols_1 valign_top type_default\" style=\"--columns-gap:2rem;\"><div class=\"wpb_column vc_column_container us_custom_a4de5dc1 grow has-link\"><div class=\"vc_column-inner\"><div class=\"w-iconbox iconpos_top style_default color_custom align_none no_text\"><div class=\"w-iconbox-icon\" style=\"font-size:2.5rem;--icon-color:#ccc;\"><i class=\"fas fa-user-shield\"><\/i><\/div><div class=\"w-iconbox-meta\"><h6 class=\"w-iconbox-title\">Municipal security services<\/h6><\/div><\/div><div class=\"w-separator size_small\"><\/div><div class=\"w-separator size_custom\" style=\"height:15px\"><\/div><div class=\"w-btn-wrapper align_none\"><a class=\"w-btn us-btn-style_3 us_custom_e0a94803 icon_atleft\" href=\"\/en\/leistungen\/kommunale-sicherheitsdienste\/\"><i class=\"fal fa-chevron-right\"><\/i><span class=\"w-btn-label\">Learn more<\/span><\/a><\/div><\/div><a href=\"\/en\/leistungen\/kommunale-sicherheitsdienste\/\" class=\"vc_column-link smooth-scroll\" aria-label=\"link\"><\/a><\/div><div class=\"wpb_column vc_column_container us_custom_a4de5dc1 grow has-link\"><div class=\"vc_column-inner\"><div class=\"w-iconbox iconpos_top style_default color_custom align_none no_text\"><div class=\"w-iconbox-icon\" style=\"font-size:2.5rem;--icon-color:#ccc;\"><i class=\"fas fa-fire\"><\/i><\/div><div class=\"w-iconbox-meta\"><h6 class=\"w-iconbox-title\">Preventive fire protection<\/h6><\/div><\/div><div class=\"w-separator size_small\"><\/div><div class=\"w-separator size_custom\" style=\"height:15px\"><\/div><div class=\"w-btn-wrapper align_none\"><a class=\"w-btn us-btn-style_3 us_custom_e0a94803 icon_atleft\" href=\"\/en\/leistungen\/vorbeugender-brandschutz\/\"><i class=\"fal fa-chevron-right\"><\/i><span class=\"w-btn-label\">Learn more<\/span><\/a><\/div><\/div><a href=\"\/en\/leistungen\/vorbeugender-brandschutz\/\" class=\"vc_column-link smooth-scroll\" aria-label=\"link\"><\/a><\/div><div class=\"wpb_column vc_column_container us_custom_a4de5dc1 grow has-link\"><div class=\"vc_column-inner\"><div class=\"w-iconbox iconpos_top style_default color_custom align_none no_text\"><div class=\"w-iconbox-icon\" style=\"font-size:2.5rem;--icon-color:#ccc;\"><i class=\"fas fa-building\"><\/i><\/div><div class=\"w-iconbox-meta\"><h6 class=\"w-iconbox-title\">Facility Management<\/h6><\/div><\/div><div class=\"w-separator size_small\"><\/div><div class=\"w-separator size_custom\" style=\"height:15px\"><\/div><div class=\"w-btn-wrapper align_none\"><a class=\"w-btn us-btn-style_3 us_custom_e0a94803 icon_atleft\" href=\"\/en\/leistungen\/facility-management\/\"><i class=\"fal fa-chevron-right\"><\/i><span class=\"w-btn-label\">Learn more<\/span><\/a><\/div><\/div><a href=\"\/en\/leistungen\/facility-management\/\" class=\"vc_column-link smooth-scroll\" aria-label=\"link\"><\/a><\/div><\/div><\/div><\/div><\/div><\/div><\/section>","protected":false},"excerpt":{"rendered":"Identify risks. Develop solutions. Security analyses. A sound security analysis is the foundation of any effective security concept. Whether an industrial company, a government office, or an educational institution \u2013 every facility presents specific threat potentials that must be identified and specifically addressed. The DE BLOIS SECURITY group draws on over 50 years of experience to realistically assess vulnerabilities and develop practical, cost-effective...","protected":false},"author":1,"featured_media":0,"parent":27,"menu_order":0,"comment_status":"closed","ping_status":"closed","template":"","meta":{"_acf_changed":false,"inline_featured_image":false,"footnotes":""},"class_list":["post-386","page","type-page","status-publish","hentry"],"acf":[],"yoast_head":"<!-- This site is optimized with the Yoast SEO plugin v26.7 - https:\/\/yoast.com\/wordpress\/plugins\/seo\/ -->\n<title>Sicherheitsanalysen vom Profi | DE BLOIS SECURITY<\/title>\n<meta name=\"description\" content=\"Sicherheitsanalysen f\u00fcr Unternehmen und Beh\u00f6rden: Risiken erkennen, Schwachstellenaufdecken, L\u00f6sungen entwickeln. Jetzt unverbindlich beraten lassen!\" \/>\n<meta name=\"robots\" content=\"index, follow, max-snippet:-1, max-image-preview:large, max-video-preview:-1\" \/>\n<link rel=\"canonical\" href=\"https:\/\/stage.deblois.de\/leistungen\/sicherheitsanalysen\/\" \/>\n<meta property=\"og:locale\" content=\"en_GB\" \/>\n<meta property=\"og:type\" content=\"article\" \/>\n<meta property=\"og:title\" content=\"Sicherheitsanalysen vom Profi | DE BLOIS SECURITY\" \/>\n<meta property=\"og:description\" content=\"Sicherheitsanalysen f\u00fcr Unternehmen und Beh\u00f6rden: Risiken erkennen, Schwachstellenaufdecken, L\u00f6sungen entwickeln. Jetzt unverbindlich beraten lassen!\" \/>\n<meta property=\"og:url\" content=\"https:\/\/stage.deblois.de\/leistungen\/sicherheitsanalysen\/\" \/>\n<meta property=\"og:site_name\" content=\"DE BLOIS SECURITY\" \/>\n<meta property=\"article:modified_time\" content=\"2025-09-28T20:45:33+00:00\" \/>\n<meta name=\"twitter:card\" content=\"summary_large_image\" \/>\n<meta name=\"twitter:label1\" content=\"Estimated reading time\" \/>\n\t<meta name=\"twitter:data1\" content=\"4 minutes\" \/>\n<script type=\"application\/ld+json\" class=\"yoast-schema-graph\">{\"@context\":\"https:\/\/schema.org\",\"@graph\":[{\"@type\":\"WebPage\",\"@id\":\"https:\/\/stage.deblois.de\/leistungen\/sicherheitsanalysen\/\",\"url\":\"https:\/\/stage.deblois.de\/leistungen\/sicherheitsanalysen\/\",\"name\":\"Sicherheitsanalysen vom Profi | DE BLOIS SECURITY\",\"isPartOf\":{\"@id\":\"https:\/\/stage.deblois.de\/#website\"},\"datePublished\":\"2025-06-06T08:03:06+00:00\",\"dateModified\":\"2025-09-28T20:45:33+00:00\",\"description\":\"Sicherheitsanalysen f\u00fcr Unternehmen und Beh\u00f6rden: Risiken erkennen, Schwachstellenaufdecken, L\u00f6sungen entwickeln. Jetzt unverbindlich beraten lassen!\",\"breadcrumb\":{\"@id\":\"https:\/\/stage.deblois.de\/leistungen\/sicherheitsanalysen\/#breadcrumb\"},\"inLanguage\":\"en-GB\",\"potentialAction\":[{\"@type\":\"ReadAction\",\"target\":[\"https:\/\/stage.deblois.de\/leistungen\/sicherheitsanalysen\/\"]}]},{\"@type\":\"BreadcrumbList\",\"@id\":\"https:\/\/stage.deblois.de\/leistungen\/sicherheitsanalysen\/#breadcrumb\",\"itemListElement\":[{\"@type\":\"ListItem\",\"position\":1,\"name\":\"Home\",\"item\":\"https:\/\/stage.deblois.de\/\"},{\"@type\":\"ListItem\",\"position\":2,\"name\":\"Leistungen\",\"item\":\"https:\/\/stage.deblois.de\/leistungen\/\"},{\"@type\":\"ListItem\",\"position\":3,\"name\":\"Sicherheits\u00adanalysen\"}]},{\"@type\":\"WebSite\",\"@id\":\"https:\/\/stage.deblois.de\/#website\",\"url\":\"https:\/\/stage.deblois.de\/\",\"name\":\"DE BLOIS SECURITY\",\"description\":\"\",\"potentialAction\":[{\"@type\":\"SearchAction\",\"target\":{\"@type\":\"EntryPoint\",\"urlTemplate\":\"https:\/\/stage.deblois.de\/?s={search_term_string}\"},\"query-input\":{\"@type\":\"PropertyValueSpecification\",\"valueRequired\":true,\"valueName\":\"search_term_string\"}}],\"inLanguage\":\"en-GB\"}]}<\/script>\n<!-- \/ Yoast SEO plugin. -->","yoast_head_json":{"title":"Security analyses from professionals | DE BLOIS SECURITY","description":"Security analyses for companies and government agencies: Identify risks, uncover vulnerabilities, and develop solutions. Get a free, no-obligation consultation now!","robots":{"index":"index","follow":"follow","max-snippet":"max-snippet:-1","max-image-preview":"max-image-preview:large","max-video-preview":"max-video-preview:-1"},"canonical":"https:\/\/stage.deblois.de\/leistungen\/sicherheitsanalysen\/","og_locale":"en_GB","og_type":"article","og_title":"Sicherheitsanalysen vom Profi | DE BLOIS SECURITY","og_description":"Sicherheitsanalysen f\u00fcr Unternehmen und Beh\u00f6rden: Risiken erkennen, Schwachstellenaufdecken, L\u00f6sungen entwickeln. Jetzt unverbindlich beraten lassen!","og_url":"https:\/\/stage.deblois.de\/leistungen\/sicherheitsanalysen\/","og_site_name":"DE BLOIS SECURITY","article_modified_time":"2025-09-28T20:45:33+00:00","twitter_card":"summary_large_image","twitter_misc":{"Estimated reading time":"4 minutes"},"schema":{"@context":"https:\/\/schema.org","@graph":[{"@type":"WebPage","@id":"https:\/\/stage.deblois.de\/leistungen\/sicherheitsanalysen\/","url":"https:\/\/stage.deblois.de\/leistungen\/sicherheitsanalysen\/","name":"Security analyses from professionals | DE BLOIS SECURITY","isPartOf":{"@id":"https:\/\/stage.deblois.de\/#website"},"datePublished":"2025-06-06T08:03:06+00:00","dateModified":"2025-09-28T20:45:33+00:00","description":"Security analyses for companies and government agencies: Identify risks, uncover vulnerabilities, and develop solutions. Get a free, no-obligation consultation now!","breadcrumb":{"@id":"https:\/\/stage.deblois.de\/leistungen\/sicherheitsanalysen\/#breadcrumb"},"inLanguage":"en-GB","potentialAction":[{"@type":"ReadAction","target":["https:\/\/stage.deblois.de\/leistungen\/sicherheitsanalysen\/"]}]},{"@type":"BreadcrumbList","@id":"https:\/\/stage.deblois.de\/leistungen\/sicherheitsanalysen\/#breadcrumb","itemListElement":[{"@type":"ListItem","position":1,"name":"Home","item":"https:\/\/stage.deblois.de\/"},{"@type":"ListItem","position":2,"name":"Leistungen","item":"https:\/\/stage.deblois.de\/leistungen\/"},{"@type":"ListItem","position":3,"name":"Sicherheits\u00adanalysen"}]},{"@type":"WebSite","@id":"https:\/\/stage.deblois.de\/#website","url":"https:\/\/stage.deblois.de\/","name":"DE BLOIS SECURITY","description":"","potentialAction":[{"@type":"SearchAction","target":{"@type":"EntryPoint","urlTemplate":"https:\/\/stage.deblois.de\/?s={search_term_string}"},"query-input":{"@type":"PropertyValueSpecification","valueRequired":true,"valueName":"search_term_string"}}],"inLanguage":"en-GB"}]}},"_links":{"self":[{"href":"https:\/\/www2.deblois.de\/en\/wp-json\/wp\/v2\/pages\/386","targetHints":{"allow":["GET"]}}],"collection":[{"href":"https:\/\/www2.deblois.de\/en\/wp-json\/wp\/v2\/pages"}],"about":[{"href":"https:\/\/www2.deblois.de\/en\/wp-json\/wp\/v2\/types\/page"}],"author":[{"embeddable":true,"href":"https:\/\/www2.deblois.de\/en\/wp-json\/wp\/v2\/users\/1"}],"replies":[{"embeddable":true,"href":"https:\/\/www2.deblois.de\/en\/wp-json\/wp\/v2\/comments?post=386"}],"version-history":[{"count":11,"href":"https:\/\/www2.deblois.de\/en\/wp-json\/wp\/v2\/pages\/386\/revisions"}],"predecessor-version":[{"id":858,"href":"https:\/\/www2.deblois.de\/en\/wp-json\/wp\/v2\/pages\/386\/revisions\/858"}],"up":[{"embeddable":true,"href":"https:\/\/www2.deblois.de\/en\/wp-json\/wp\/v2\/pages\/27"}],"wp:attachment":[{"href":"https:\/\/www2.deblois.de\/en\/wp-json\/wp\/v2\/media?parent=386"}],"curies":[{"name":"wp","href":"https:\/\/api.w.org\/{rel}","templated":true}]}}