{"id":390,"date":"2025-06-06T08:03:31","date_gmt":"2025-06-06T08:03:31","guid":{"rendered":"https:\/\/www2.deblois.de\/?page_id=390"},"modified":"2025-09-28T21:02:08","modified_gmt":"2025-09-28T21:02:08","slug":"vorbeugender-brandschutz","status":"publish","type":"page","link":"https:\/\/www2.deblois.de\/en\/leistungen\/vorbeugender-brandschutz\/","title":{"rendered":"Preventive fire protection"},"content":{"rendered":"<section class=\"l-section wpb_row waben height_small\"><div class=\"l-section-h i-cf\"><div class=\"g-cols vc_row via_grid cols_1 laptops-cols_inherit tablets-cols_inherit mobiles-cols_1 valign_top type_default stacking_default\"><div class=\"wpb_column vc_column_container\"><div class=\"vc_column-inner\"><div class=\"w-text ueber\"><span class=\"w-text-h\"><span class=\"w-text-value\">Identify risks, avoid damage<\/span><\/span><\/div><div class=\"wpb_text_column\"><div class=\"wpb_wrapper\"><h2>Preventive fire protection<\/h2>\n<\/div><\/div><\/div><\/div><\/div><\/div><\/section><section class=\"l-section wpb_row height_auto\"><div class=\"l-section-h i-cf\"><div class=\"g-cols vc_row via_grid cols_2-1 laptops-cols_inherit tablets-cols_inherit mobiles-cols_1 valign_bottom type_default stacking_default\" style=\"--columns-gap:5rem;--laptops-columns-gap:5rem;--tablets-columns-gap:5rem;--mobiles-columns-gap:1.5rem;\"><div class=\"wpb_column vc_column_container\"><div class=\"vc_column-inner\"><div class=\"w-separator size_custom\" style=\"height:4rem\" id=\"g9ca\"><style>@media(max-width:600px){ #g9ca{height:1.5rem!important}}<\/style><\/div><div class=\"wpb_text_column\"><div class=\"wpb_wrapper\"><p><strong>To prevent a spark from becoming a fire<\/strong><\/p>\n<p>Fires endanger human lives, property, and business operations \u2013 often with far-reaching consequences. The good news: With professional preventative fire protection, many of these risks can be sustainably minimized.<\/p>\n<p>The DE BLOIS SECURITY group of companies is at your side with over 50 years of experience in the security industry. Our specially trained specialists provide customized fire protection solutions \u2013 preventative, effective, and legally compliant.<\/p>\n<\/div><\/div><div class=\"w-separator size_medium\"><\/div><div class=\"w-btn-wrapper align_none\"><a class=\"w-btn us-btn-style_1 icon_atleft\" href=\"\/en\/kontakt\/?ihr-betreff=Vorbeugender Brandschutz\"><i class=\"fal fa-chevron-right\"><\/i><span class=\"w-btn-label\">Request service now<\/span><\/a><\/div><div class=\"w-separator size_custom\" style=\"height:4rem\" id=\"ib5f\"><style>@media(max-width:600px){ #ib5f{height:0!important}}<\/style><\/div><\/div><\/div><div class=\"wpb_column vc_column_container\"><div class=\"vc_column-inner\"><div class=\"w-vwrapper align_center valign_top\"><div class=\"w-image us_custom_8f4b9c75 align_none\"><div class=\"w-image-h\"><img decoding=\"async\" width=\"542\" height=\"1000\" src=\"https:\/\/www2.deblois.de\/wp-content\/uploads\/2025\/07\/frau-headset-block.webp\" class=\"attachment-full size-full\" alt=\"Frau mit Headset und gelbem Schal schreibt mit Stift auf Klemmbrett.\" loading=\"lazy\" srcset=\"https:\/\/www2.deblois.de\/wp-content\/uploads\/2025\/07\/frau-headset-block.webp 542w, https:\/\/www2.deblois.de\/wp-content\/uploads\/2025\/07\/frau-headset-block-163x300.webp 163w, https:\/\/www2.deblois.de\/wp-content\/uploads\/2025\/07\/frau-headset-block-7x12.webp 7w\" sizes=\"auto, (max-width: 542px) 100vw, 542px\" \/><\/div><\/div><\/div><\/div><\/div><\/div><\/div><\/section><section class=\"l-section wpb_row waben height_medium\"><div class=\"l-section-h i-cf\"><div class=\"g-cols vc_row via_grid cols_1-2 laptops-cols_inherit tablets-cols_inherit mobiles-cols_1 valign_middle type_default reversed stacking_default\" style=\"--columns-gap:5rem;--laptops-columns-gap:5rem;--tablets-columns-gap:5rem;--mobiles-columns-gap:1.5rem;\"><div class=\"wpb_column vc_column_container\"><div class=\"vc_column-inner\"><div class=\"w-vwrapper align_center valign_top\"><div class=\"w-image us_custom_39deba51 align_none\"><div class=\"w-image-h\"><img decoding=\"async\" width=\"1000\" height=\"972\" src=\"https:\/\/www2.deblois.de\/wp-content\/uploads\/2025\/06\/broschuere.webp\" class=\"attachment-full size-full\" alt=\"Zwei M\u00e4nner in Anzug und Hemd betrachten zusammen ein aufgeschlagenes Buch oder Magazin.\" loading=\"lazy\" srcset=\"https:\/\/www2.deblois.de\/wp-content\/uploads\/2025\/06\/broschuere.webp 1000w, https:\/\/www2.deblois.de\/wp-content\/uploads\/2025\/06\/broschuere-300x292.webp 300w, https:\/\/www2.deblois.de\/wp-content\/uploads\/2025\/06\/broschuere-12x12.webp 12w\" sizes=\"auto, (max-width: 1000px) 100vw, 1000px\" \/><\/div><\/div><\/div><div class=\"w-html\"><div class=\"bildlinie\"><\/div><\/div><\/div><\/div><div class=\"wpb_column vc_column_container\"><div class=\"vc_column-inner\"><div class=\"w-text ueber\"><span class=\"w-text-h\"><span class=\"w-text-value\">Prevent instead of react<\/span><\/span><\/div><div class=\"wpb_text_column\"><div class=\"wpb_wrapper\"><h3>Holistic fire protection concepts \u2013 individually tailored to your company<\/h3>\n<\/div><\/div><div class=\"w-separator size_small\"><\/div><div class=\"wpb_text_column stichpunkte\"><div class=\"wpb_wrapper\"><p>Every industry and every property brings with it its own fire risks. Our goal: a customized protection concept that protects people, buildings, equipment, and data \u2013 while optimizing your insurance premiums.<\/p>\n<p>Our preventive fire protection services include:<\/p>\n<ul>\n<li>Analysis of fire-risk areas &amp; assessment of fire loads<\/li>\n<li>Advice on structural fire protection (e.g. fire compartments, escape routes)<\/li>\n<li>Planning &amp; coordination of technical fire protection systems (e.g. sprinkler, gas or extinguishing systems)<\/li>\n<li>Provision of qualified fire guards<\/li>\n<li>Organization &amp; supervision of hot work<\/li>\n<li>Support with maintenance and functional testing of fire protection systems<\/li>\n<li>Integration into holistic security analyses &amp; facility concepts<\/li>\n<\/ul>\n<\/div><\/div><\/div><\/div><\/div><\/div><\/section><section class=\"l-section wpb_row height_medium\"><div class=\"l-section-h i-cf\"><div class=\"g-cols vc_row via_grid cols_2-1 laptops-cols_inherit tablets-cols_inherit mobiles-cols_1 valign_middle type_default stacking_default\" style=\"--columns-gap:5rem;--laptops-columns-gap:5rem;--tablets-columns-gap:5rem;--mobiles-columns-gap:1.5rem;\"><div class=\"wpb_column vc_column_container\"><div class=\"vc_column-inner\"><div class=\"w-text ueber\"><span class=\"w-text-h\"><span class=\"w-text-value\">Prevention at all levels<\/span><\/span><\/div><div class=\"wpb_text_column\"><div class=\"wpb_wrapper\"><h3>Safety through structure: structural \u2013 technical \u2013 organizational<\/h3>\n<\/div><\/div><div class=\"w-separator size_small\"><\/div><div class=\"wpb_text_column stichpunkte\"><div class=\"wpb_wrapper\"><p>Preventive fire protection is based on a three-pillar model:<\/p>\n<ol>\n<li>Structural fire protection \u2013 through suitable materials, fire compartments and escape route planning<\/li>\n<li>Technical fire protection \u2013 with modern extinguishing and alarm technology<\/li>\n<li>Organisational fire protection \u2013 through training, plans and regulated procedures<\/li>\n<\/ol>\n<p>Our experts consider legal requirements, industry-specific characteristics, and internal guidelines in every consultation \u2013 so that your company is comprehensively protected.<\/p>\n<\/div><\/div><\/div><\/div><div class=\"wpb_column vc_column_container\"><div class=\"vc_column-inner\"><div class=\"w-vwrapper align_center valign_top\"><div class=\"w-image us_custom_404b0d7e align_none\"><div class=\"w-image-h\"><img decoding=\"async\" width=\"655\" height=\"1000\" src=\"https:\/\/www2.deblois.de\/wp-content\/uploads\/2025\/06\/qualifikation.webp\" class=\"attachment-full size-full\" alt=\"Frau in schwarzer Weste und wei\u00dfem Hemd, tr\u00e4gt gelbes Halstuch, H\u00e4nde in der H\u00fcfte, vor wei\u00dfem Hintergrund.\" loading=\"lazy\" srcset=\"https:\/\/www2.deblois.de\/wp-content\/uploads\/2025\/06\/qualifikation.webp 655w, https:\/\/www2.deblois.de\/wp-content\/uploads\/2025\/06\/qualifikation-197x300.webp 197w, https:\/\/www2.deblois.de\/wp-content\/uploads\/2025\/06\/qualifikation-8x12.webp 8w\" sizes=\"auto, (max-width: 655px) 100vw, 655px\" \/><\/div><\/div><\/div><div class=\"w-html\"><div class=\"bildlinie klein\"><\/div><\/div><\/div><\/div><\/div><\/div><\/section><section class=\"l-section wpb_row waben height_medium\"><div class=\"l-section-h i-cf\"><div class=\"g-cols vc_row via_grid cols_1-2 laptops-cols_inherit tablets-cols_inherit mobiles-cols_1 valign_middle type_default reversed stacking_default\" style=\"--columns-gap:5rem;--laptops-columns-gap:5rem;--tablets-columns-gap:5rem;--mobiles-columns-gap:1.5rem;\"><div class=\"wpb_column vc_column_container\"><div class=\"vc_column-inner\"><div class=\"w-vwrapper align_center valign_top\"><div class=\"w-image us_custom_8e24ca0a align_none\"><div class=\"w-image-h\"><img decoding=\"async\" width=\"642\" height=\"1000\" src=\"https:\/\/www2.deblois.de\/wp-content\/uploads\/2025\/06\/walkie-talkie.webp\" class=\"attachment-full size-full\" alt=\"Sicherheitsmann in Uniform mit Funkger\u00e4t, l\u00e4chelnd, tr\u00e4gt eine schwarze Jacke mit Aufn\u00e4her und schwarze Hose.\" loading=\"lazy\" srcset=\"https:\/\/www2.deblois.de\/wp-content\/uploads\/2025\/06\/walkie-talkie.webp 642w, https:\/\/www2.deblois.de\/wp-content\/uploads\/2025\/06\/walkie-talkie-193x300.webp 193w, https:\/\/www2.deblois.de\/wp-content\/uploads\/2025\/06\/walkie-talkie-8x12.webp 8w\" sizes=\"auto, (max-width: 642px) 100vw, 642px\" \/><\/div><\/div><\/div><div class=\"w-html\"><div class=\"bildlinie\"><\/div><\/div><\/div><\/div><div class=\"wpb_column vc_column_container\"><div class=\"vc_column-inner\"><div class=\"w-text ueber\"><span class=\"w-text-h\"><span class=\"w-text-value\">All-round security \u2013 at any time<\/span><\/span><\/div><div class=\"wpb_text_column\"><div class=\"wpb_wrapper\"><h3>Complementary services for maximum security<\/h3>\n<\/div><\/div><div class=\"w-separator size_small\"><\/div><div class=\"wpb_text_column stichpunkte\"><div class=\"wpb_wrapper\"><p>As a security service provider with a wide range of services, we offer more than just consulting:<\/p>\n<ul>\n<li>Provision of intervention forces in the event of a fire alarm<\/li>\n<li>Patrol and patrol services to control fire-relevant areas<\/li>\n<li>24\/7 monitoring via our certified emergency call and service control center (NSL)<\/li>\n<li>Employee training &amp; instructions in fire protection<\/li>\n<\/ul>\n<\/div><\/div><\/div><\/div><\/div><\/div><\/section><section class=\"l-section wpb_row height_medium\"><div class=\"l-section-h i-cf\"><div class=\"g-cols vc_row via_grid cols_1 laptops-cols_inherit tablets-cols_inherit mobiles-cols_1 valign_top type_default stacking_default\"><div class=\"wpb_column vc_column_container\"><div class=\"vc_column-inner\"><div class=\"g-cols wpb_row us_custom_0e08fea8 via_grid cols_1 laptops-cols_inherit tablets-cols_inherit mobiles-cols_1 valign_top type_default stacking_default\" style=\"--columns-gap:3rem;\"><div class=\"wpb_column vc_column_container\"><div class=\"vc_column-inner\"><div class=\"wpb_text_column\"><div class=\"wpb_wrapper\"><h3>Your advantages with DE BLOIS SECURITY<\/h3>\n<\/div><\/div><div class=\"w-separator size_small\"><\/div><div class=\"wpb_text_column stichpunkte\"><div class=\"wpb_wrapper\"><ul>\n<li>Over 50 years of experience in fire protection &amp; security services<\/li>\n<li>Expert staff with proven qualifications<\/li>\n<li>Tailor-made fire protection concepts &amp; safety analyses<\/li>\n<li>Close cooperation with insurers, authorities &amp; fire safety officers<\/li>\n<li>Smooth integration into existing security structures<\/li>\n<\/ul>\n<\/div><\/div><\/div><\/div><\/div><div class=\"w-image us_custom_3a28b024 align_none\"><div class=\"w-image-h\"><img decoding=\"async\" width=\"40\" height=\"50\" src=\"https:\/\/www2.deblois.de\/wp-content\/uploads\/2025\/06\/wappen_dbs_50.png\" class=\"attachment-large size-large\" alt=\"\" loading=\"lazy\" srcset=\"https:\/\/www2.deblois.de\/wp-content\/uploads\/2025\/06\/wappen_dbs_50.png 40w, https:\/\/www2.deblois.de\/wp-content\/uploads\/2025\/06\/wappen_dbs_50-10x12.png 10w\" sizes=\"auto, (max-width: 40px) 100vw, 40px\" \/><\/div><\/div><\/div><\/div><\/div><\/div><\/section><section class=\"l-section wpb_row height_medium\"><div class=\"l-section-h i-cf\"><div class=\"g-cols vc_row via_grid cols_2-1 laptops-cols_inherit tablets-cols_inherit mobiles-cols_1 valign_middle type_default stacking_default\" style=\"--columns-gap:5rem;--laptops-columns-gap:5rem;--tablets-columns-gap:5rem;--mobiles-columns-gap:1.5rem;\"><div class=\"wpb_column vc_column_container\"><div class=\"vc_column-inner\"><div class=\"w-text ueber\"><span class=\"w-text-h\"><span class=\"w-text-value\">Certainly well advised<\/span><\/span><\/div><div class=\"wpb_text_column\"><div class=\"wpb_wrapper\"><h3>So that nothing burns \u2013 get advice now<\/h3>\n<\/div><\/div><div class=\"w-separator size_small\"><\/div><div class=\"wpb_text_column stichpunkte\"><div class=\"wpb_wrapper\"><p>Don&#039;t leave fire protection to chance. Get personalized advice now and ensure sustainable safety for your company.<\/p>\n<p><strong>Contact us now \u2013 we will create your tailor-made fire protection concept.<\/strong><\/p>\n<\/div><\/div><div class=\"w-separator size_medium\"><\/div><div class=\"w-btn-wrapper align_none\"><a class=\"w-btn us-btn-style_1 icon_atleft\" href=\"\/en\/kontakt\/?ihr-betreff=Vorbeugender Brandschutz\"><i class=\"fal fa-chevron-right\"><\/i><span class=\"w-btn-label\">Request service now<\/span><\/a><\/div><\/div><\/div><div class=\"wpb_column vc_column_container\"><div class=\"vc_column-inner\"><div class=\"w-vwrapper align_center valign_top\"><div class=\"w-image us_custom_dd44ec08 align_none\"><div class=\"w-image-h\"><img decoding=\"async\" width=\"637\" height=\"1000\" src=\"https:\/\/www2.deblois.de\/wp-content\/uploads\/2025\/07\/frau.webp\" class=\"attachment-full size-full\" alt=\"Eine l\u00e4chelnde Frau in Uniform mit Krawatte und Weste, H\u00e4nde in die H\u00fcften gest\u00fctzt, vor wei\u00dfem Hintergrund.\" loading=\"lazy\" srcset=\"https:\/\/www2.deblois.de\/wp-content\/uploads\/2025\/07\/frau.webp 637w, https:\/\/www2.deblois.de\/wp-content\/uploads\/2025\/07\/frau-191x300.webp 191w, https:\/\/www2.deblois.de\/wp-content\/uploads\/2025\/07\/frau-8x12.webp 8w\" sizes=\"auto, (max-width: 637px) 100vw, 637px\" \/><\/div><\/div><\/div><div class=\"w-html\"><div class=\"bildlinie klein\"><\/div><\/div><\/div><\/div><\/div><\/div><\/section><section class=\"l-section wpb_row height_medium\"><div class=\"l-section-h i-cf\"><div class=\"g-cols vc_row via_grid cols_1 laptops-cols_inherit tablets-cols_inherit mobiles-cols_1 valign_top type_default stacking_default\"><div class=\"wpb_column vc_column_container\"><div class=\"vc_column-inner\"><div class=\"wpb_text_column\"><div class=\"wpb_wrapper\"><h3>More <span class=\"underline\">Services<\/span><\/h3>\n<\/div><\/div><div class=\"w-separator size_small\"><\/div><div class=\"g-cols wpb_row via_grid cols_3 laptops-cols_inherit tablets-cols_inherit mobiles-cols_1 valign_top type_default\" style=\"--columns-gap:2rem;\"><div class=\"wpb_column vc_column_container us_custom_a4de5dc1 grow has-link\"><div class=\"vc_column-inner\"><div class=\"w-iconbox iconpos_top style_default color_custom align_none no_text\"><div class=\"w-iconbox-icon\" style=\"font-size:2.5rem;--icon-color:#ccc;\"><i class=\"fas fa-building\"><\/i><\/div><div class=\"w-iconbox-meta\"><h6 class=\"w-iconbox-title\">Facility Management<\/h6><\/div><\/div><div class=\"w-separator size_small\"><\/div><div class=\"w-separator size_custom\" style=\"height:15px\"><\/div><div class=\"w-btn-wrapper align_none\"><a class=\"w-btn us-btn-style_3 us_custom_e0a94803 icon_atleft\" href=\"\/en\/leistungen\/facility-management\/\"><i class=\"fal fa-chevron-right\"><\/i><span class=\"w-btn-label\">Learn more<\/span><\/a><\/div><\/div><a href=\"\/en\/leistungen\/facility-management\/\" class=\"vc_column-link smooth-scroll\" aria-label=\"link\"><\/a><\/div><div class=\"wpb_column vc_column_container us_custom_a4de5dc1 grow has-link\"><div class=\"vc_column-inner\"><div class=\"w-iconbox iconpos_top style_default color_custom align_none no_text\"><div class=\"w-iconbox-icon\" style=\"font-size:2.5rem;--icon-color:#ccc;\"><i class=\"fas fa-desktop-alt\"><\/i><\/div><div class=\"w-iconbox-meta\"><h6 class=\"w-iconbox-title\">Software solutions<\/h6><\/div><\/div><div class=\"w-separator size_small\"><\/div><div class=\"w-separator size_custom\" style=\"height:15px\"><\/div><div class=\"w-btn-wrapper align_none\"><a class=\"w-btn us-btn-style_3 us_custom_e0a94803 icon_atleft\" href=\"\/en\/leistungen\/softwareloesungen\/\"><i class=\"fal fa-chevron-right\"><\/i><span class=\"w-btn-label\">Learn more<\/span><\/a><\/div><\/div><a href=\"\/en\/leistungen\/softwareloesungen\/\" class=\"vc_column-link smooth-scroll\" aria-label=\"link\"><\/a><\/div><div class=\"wpb_column vc_column_container us_custom_a4de5dc1 grow has-link\"><div class=\"vc_column-inner\"><div class=\"w-iconbox iconpos_top style_default color_custom align_none no_text\"><div class=\"w-iconbox-icon\" style=\"font-size:2.5rem;--icon-color:#ccc;\"><i class=\"fas fa-shield-alt\"><\/i><\/div><div class=\"w-iconbox-meta\"><h6 class=\"w-iconbox-title\">Property, plant and personal protection<\/h6><\/div><\/div><div class=\"w-separator size_small\"><\/div><div class=\"w-separator size_custom\" style=\"height:15px\"><\/div><div class=\"w-btn-wrapper align_none\"><a class=\"w-btn us-btn-style_3 us_custom_e0a94803 icon_atleft\" href=\"\/en\/leistungen\/objekt-werk-und-personenschutz\/\"><i class=\"fal fa-chevron-right\"><\/i><span class=\"w-btn-label\">Learn more<\/span><\/a><\/div><\/div><a href=\"\/en\/leistungen\/objekt-werk-und-personenschutz\/\" class=\"vc_column-link smooth-scroll\" aria-label=\"link\"><\/a><\/div><\/div><\/div><\/div><\/div><\/div><\/section>","protected":false},"excerpt":{"rendered":"Identify risks, avoid damage. Preventive fire protection. So that a spark doesn&#039;t become a fire. Fires endanger human lives, property, and operational processes \u2013 often with far-reaching consequences. The good news: With professional preventive fire protection, many of these risks can be sustainably minimized. The DE BLOIS SECURITY group of companies is at your side with over 50 years of experience in the security industry. Our...","protected":false},"author":1,"featured_media":0,"parent":27,"menu_order":0,"comment_status":"closed","ping_status":"closed","template":"","meta":{"_acf_changed":false,"inline_featured_image":false,"footnotes":""},"class_list":["post-390","page","type-page","status-publish","hentry"],"acf":[],"yoast_head":"<!-- This site is optimized with the Yoast SEO plugin v26.7 - https:\/\/yoast.com\/wordpress\/plugins\/seo\/ -->\n<title>Vorbeugender Brandschutz | DE BLOIS SECURITY sch\u00fctzt Sie<\/title>\n<meta name=\"description\" content=\"Individueller Brandschutz vom Experten. Risikoanalyse, Brandwachen &amp; Pr\u00e4vention \u2013 DEBLOIS SECURITY sch\u00fctzt Menschen, Werte &amp; Abl\u00e4ufe. Jetzt beraten lassen!\" \/>\n<meta name=\"robots\" content=\"index, follow, max-snippet:-1, max-image-preview:large, max-video-preview:-1\" \/>\n<link rel=\"canonical\" href=\"https:\/\/stage.deblois.de\/leistungen\/vorbeugender-brandschutz\/\" \/>\n<meta property=\"og:locale\" content=\"en_GB\" \/>\n<meta property=\"og:type\" content=\"article\" \/>\n<meta property=\"og:title\" content=\"Vorbeugender Brandschutz | DE BLOIS SECURITY sch\u00fctzt Sie\" \/>\n<meta property=\"og:description\" content=\"Individueller Brandschutz vom Experten. Risikoanalyse, Brandwachen &amp; Pr\u00e4vention \u2013 DEBLOIS SECURITY sch\u00fctzt Menschen, Werte &amp; Abl\u00e4ufe. Jetzt beraten lassen!\" \/>\n<meta property=\"og:url\" content=\"https:\/\/stage.deblois.de\/leistungen\/vorbeugender-brandschutz\/\" \/>\n<meta property=\"og:site_name\" content=\"DE BLOIS SECURITY\" \/>\n<meta property=\"article:modified_time\" content=\"2025-09-28T21:02:08+00:00\" \/>\n<meta name=\"twitter:card\" content=\"summary_large_image\" \/>\n<meta name=\"twitter:label1\" content=\"Estimated reading time\" \/>\n\t<meta name=\"twitter:data1\" content=\"3 minutes\" \/>\n<script type=\"application\/ld+json\" class=\"yoast-schema-graph\">{\"@context\":\"https:\/\/schema.org\",\"@graph\":[{\"@type\":\"WebPage\",\"@id\":\"https:\/\/stage.deblois.de\/leistungen\/vorbeugender-brandschutz\/\",\"url\":\"https:\/\/stage.deblois.de\/leistungen\/vorbeugender-brandschutz\/\",\"name\":\"Vorbeugender Brandschutz | DE BLOIS SECURITY sch\u00fctzt Sie\",\"isPartOf\":{\"@id\":\"https:\/\/stage.deblois.de\/#website\"},\"datePublished\":\"2025-06-06T08:03:31+00:00\",\"dateModified\":\"2025-09-28T21:02:08+00:00\",\"description\":\"Individueller Brandschutz vom Experten. Risikoanalyse, Brandwachen & Pr\u00e4vention \u2013 DEBLOIS SECURITY sch\u00fctzt Menschen, Werte & Abl\u00e4ufe. Jetzt beraten lassen!\",\"breadcrumb\":{\"@id\":\"https:\/\/stage.deblois.de\/leistungen\/vorbeugender-brandschutz\/#breadcrumb\"},\"inLanguage\":\"en-GB\",\"potentialAction\":[{\"@type\":\"ReadAction\",\"target\":[\"https:\/\/stage.deblois.de\/leistungen\/vorbeugender-brandschutz\/\"]}]},{\"@type\":\"BreadcrumbList\",\"@id\":\"https:\/\/stage.deblois.de\/leistungen\/vorbeugender-brandschutz\/#breadcrumb\",\"itemListElement\":[{\"@type\":\"ListItem\",\"position\":1,\"name\":\"Home\",\"item\":\"https:\/\/stage.deblois.de\/\"},{\"@type\":\"ListItem\",\"position\":2,\"name\":\"Leistungen\",\"item\":\"https:\/\/stage.deblois.de\/leistungen\/\"},{\"@type\":\"ListItem\",\"position\":3,\"name\":\"Vorbeugender Brandschutz\"}]},{\"@type\":\"WebSite\",\"@id\":\"https:\/\/stage.deblois.de\/#website\",\"url\":\"https:\/\/stage.deblois.de\/\",\"name\":\"DE BLOIS SECURITY\",\"description\":\"\",\"potentialAction\":[{\"@type\":\"SearchAction\",\"target\":{\"@type\":\"EntryPoint\",\"urlTemplate\":\"https:\/\/stage.deblois.de\/?s={search_term_string}\"},\"query-input\":{\"@type\":\"PropertyValueSpecification\",\"valueRequired\":true,\"valueName\":\"search_term_string\"}}],\"inLanguage\":\"en-GB\"}]}<\/script>\n<!-- \/ Yoast SEO plugin. -->","yoast_head_json":{"title":"Preventive fire protection | DE BLOIS SECURITY protects you","description":"Customized fire protection from the experts. Risk analysis, fire watch, and prevention \u2013 DEBLOIS SECURITY protects people, assets, and processes. Get advice now!","robots":{"index":"index","follow":"follow","max-snippet":"max-snippet:-1","max-image-preview":"max-image-preview:large","max-video-preview":"max-video-preview:-1"},"canonical":"https:\/\/stage.deblois.de\/leistungen\/vorbeugender-brandschutz\/","og_locale":"en_GB","og_type":"article","og_title":"Vorbeugender Brandschutz | DE BLOIS SECURITY sch\u00fctzt Sie","og_description":"Individueller Brandschutz vom Experten. Risikoanalyse, Brandwachen & Pr\u00e4vention \u2013 DEBLOIS SECURITY sch\u00fctzt Menschen, Werte & Abl\u00e4ufe. Jetzt beraten lassen!","og_url":"https:\/\/stage.deblois.de\/leistungen\/vorbeugender-brandschutz\/","og_site_name":"DE BLOIS SECURITY","article_modified_time":"2025-09-28T21:02:08+00:00","twitter_card":"summary_large_image","twitter_misc":{"Estimated reading time":"3 minutes"},"schema":{"@context":"https:\/\/schema.org","@graph":[{"@type":"WebPage","@id":"https:\/\/stage.deblois.de\/leistungen\/vorbeugender-brandschutz\/","url":"https:\/\/stage.deblois.de\/leistungen\/vorbeugender-brandschutz\/","name":"Preventive fire protection | DE BLOIS SECURITY protects you","isPartOf":{"@id":"https:\/\/stage.deblois.de\/#website"},"datePublished":"2025-06-06T08:03:31+00:00","dateModified":"2025-09-28T21:02:08+00:00","description":"Customized fire protection from the experts. Risk analysis, fire watch, and prevention \u2013 DEBLOIS SECURITY protects people, assets, and processes. Get advice now!","breadcrumb":{"@id":"https:\/\/stage.deblois.de\/leistungen\/vorbeugender-brandschutz\/#breadcrumb"},"inLanguage":"en-GB","potentialAction":[{"@type":"ReadAction","target":["https:\/\/stage.deblois.de\/leistungen\/vorbeugender-brandschutz\/"]}]},{"@type":"BreadcrumbList","@id":"https:\/\/stage.deblois.de\/leistungen\/vorbeugender-brandschutz\/#breadcrumb","itemListElement":[{"@type":"ListItem","position":1,"name":"Home","item":"https:\/\/stage.deblois.de\/"},{"@type":"ListItem","position":2,"name":"Leistungen","item":"https:\/\/stage.deblois.de\/leistungen\/"},{"@type":"ListItem","position":3,"name":"Vorbeugender Brandschutz"}]},{"@type":"WebSite","@id":"https:\/\/stage.deblois.de\/#website","url":"https:\/\/stage.deblois.de\/","name":"DE BLOIS SECURITY","description":"","potentialAction":[{"@type":"SearchAction","target":{"@type":"EntryPoint","urlTemplate":"https:\/\/stage.deblois.de\/?s={search_term_string}"},"query-input":{"@type":"PropertyValueSpecification","valueRequired":true,"valueName":"search_term_string"}}],"inLanguage":"en-GB"}]}},"_links":{"self":[{"href":"https:\/\/www2.deblois.de\/en\/wp-json\/wp\/v2\/pages\/390","targetHints":{"allow":["GET"]}}],"collection":[{"href":"https:\/\/www2.deblois.de\/en\/wp-json\/wp\/v2\/pages"}],"about":[{"href":"https:\/\/www2.deblois.de\/en\/wp-json\/wp\/v2\/types\/page"}],"author":[{"embeddable":true,"href":"https:\/\/www2.deblois.de\/en\/wp-json\/wp\/v2\/users\/1"}],"replies":[{"embeddable":true,"href":"https:\/\/www2.deblois.de\/en\/wp-json\/wp\/v2\/comments?post=390"}],"version-history":[{"count":6,"href":"https:\/\/www2.deblois.de\/en\/wp-json\/wp\/v2\/pages\/390\/revisions"}],"predecessor-version":[{"id":860,"href":"https:\/\/www2.deblois.de\/en\/wp-json\/wp\/v2\/pages\/390\/revisions\/860"}],"up":[{"embeddable":true,"href":"https:\/\/www2.deblois.de\/en\/wp-json\/wp\/v2\/pages\/27"}],"wp:attachment":[{"href":"https:\/\/www2.deblois.de\/en\/wp-json\/wp\/v2\/media?parent=390"}],"curies":[{"name":"wp","href":"https:\/\/api.w.org\/{rel}","templated":true}]}}