{"id":484,"date":"2025-06-06T14:56:46","date_gmt":"2025-06-06T14:56:46","guid":{"rendered":"https:\/\/www2.deblois.de\/?page_id=484"},"modified":"2025-06-22T18:32:34","modified_gmt":"2025-06-22T18:32:34","slug":"blitzbewerbung","status":"publish","type":"page","link":"https:\/\/www2.deblois.de\/en\/blitzbewerbung\/","title":{"rendered":"Flash application"},"content":{"rendered":"<section class=\"l-section wpb_row waben height_medium\"><div class=\"l-section-h i-cf\"><div class=\"g-cols vc_row via_grid cols_1 laptops-cols_inherit tablets-cols_inherit mobiles-cols_1 valign_top type_default stacking_default\"><div class=\"wpb_column vc_column_container\"><div class=\"vc_column-inner\"><div class=\"w-vwrapper align_center valign_top\"><div class=\"w-image us_custom_4c618620 align_center\"><div class=\"w-image-h\"><img decoding=\"async\" width=\"237\" height=\"300\" src=\"https:\/\/www2.deblois.de\/wp-content\/uploads\/2025\/06\/wappen_dbs_1000-237x300.webp\" class=\"attachment-medium size-medium\" alt=\"\" loading=\"lazy\" srcset=\"https:\/\/www2.deblois.de\/wp-content\/uploads\/2025\/06\/wappen_dbs_1000-237x300.webp 237w, https:\/\/www2.deblois.de\/wp-content\/uploads\/2025\/06\/wappen_dbs_1000-9x12.webp 9w, https:\/\/www2.deblois.de\/wp-content\/uploads\/2025\/06\/wappen_dbs_1000.webp 791w\" sizes=\"auto, (max-width: 237px) 100vw, 237px\" \/><\/div><\/div><\/div><div class=\"w-separator size_small\"><\/div><div class=\"wpb_text_column\"><div class=\"wpb_wrapper\"><h2 style=\"text-align: center;\">With a <span class=\"underline\">Click<\/span> apply<\/h2>\n<\/div><\/div><div class=\"g-cols wpb_row via_grid cols_1-2-1 laptops-cols_inherit tablets-cols_inherit mobiles-cols_1 valign_top type_default stacking_default\" style=\"--columns-gap:3rem;\"><div class=\"wpb_column vc_column_container\"><div class=\"vc_column-inner\"><\/div><\/div><div class=\"wpb_column vc_column_container\"><div class=\"vc_column-inner\"><div class=\"w-separator size_large\"><\/div><div class=\"w-html us_custom_e5d61e76\"><div class=\"forminator-ui forminator-custom-form forminator-custom-form-483 forminator-design--flat  forminator_ajax\" data-forminator-render=\"0\" data-form=\"forminator-module-483\" data-uid=\"69f682ab74667\"><br\/><\/div><form\n\t\t\t\tid=\"forminator-module-483\"\n\t\t\t\tclass=\"forminator-ui forminator-custom-form forminator-custom-form-483 forminator-design--flat  forminator_ajax\"\n\t\t\t\tmethod=\"post\"\n\t\t\t\tdata-forminator-render=\"0\"\n\t\t\t\tdata-form-id=\"483\"\n\t\t\t\t data-color-option=\"theme\" data-design=\"flat\" data-grid=\"open\" style=\"display: none;\"\n\t\t\t\tdata-uid=\"69f682ab74667\" action=\"\"\n\t\t\t><div role=\"alert\" aria-live=\"polite\" class=\"forminator-response-message forminator-error\" aria-hidden=\"true\"><\/div><div class=\"forminator-pagination-progress\" aria-hidden=\"true\"><\/div><div\n\t\t\t\ttabindex=\"-1\"\n\t\t\t\trole=\"tabpanel\"\n\t\t\t\tid=\"forminator-custom-form-483--page-0\"\n\t\t\t\tclass=\"forminator-pagination forminator-pagination-start\"\n\t\t\t\taria-labelledby=\"forminator-custom-form-483--page-0-label\"\n\t\t\t\tdata-step=\"0\"\n\t\t\t\tdata-label=\"Fertig\"\n\t\t\t\tdata-actual-label=\"1\"\n\t\t\t\tdata-name=\"page-break-1\"\n\t\t\t><div class=\"forminator-pagination--content\"><div class=\"forminator-row\"><div id=\"radio-1\" class=\"forminator-field-radio forminator-col forminator-col-12\"><div role=\"radiogroup\" class=\"forminator-field\" aria-labelledby=\"forminator-radiogroup-radio-1-69f682ab74667-label\"><span id=\"forminator-radiogroup-radio-1-69f682ab74667-label\" class=\"forminator-label\">How good is your German? <span class=\"forminator-required\">*<\/span><\/span><label id=\"forminator-field-radio-1-label-1\" for=\"forminator-field-radio-1-1-69f682ab74667\" class=\"forminator-radio\" title=\"native language\"><input type=\"radio\" name=\"radio-1\" value=\"one\" id=\"forminator-field-radio-1-1-69f682ab74667\" aria-labelledby=\"forminator-field-radio-1-label-1\" data-calculation=\"0\"   data-hidden-behavior=\"zero\"\/><span class=\"forminator-radio-bullet\" aria-hidden=\"true\"><\/span><span class=\"forminator-radio-label\">native language<\/span><\/label><label id=\"forminator-field-radio-1-label-2\" for=\"forminator-field-radio-1-2-69f682ab74667\" class=\"forminator-radio\" title=\"Fluent in speech and writing\"><input type=\"radio\" name=\"radio-1\" value=\"two\" id=\"forminator-field-radio-1-2-69f682ab74667\" aria-labelledby=\"forminator-field-radio-1-label-2\" data-calculation=\"0\"   data-hidden-behavior=\"zero\"\/><span class=\"forminator-radio-bullet\" aria-hidden=\"true\"><\/span><span class=\"forminator-radio-label\">Fluent in speech and writing<\/span><\/label><label id=\"forminator-field-radio-1-label-3\" for=\"forminator-field-radio-1-3-69f682ab74667\" class=\"forminator-radio\" title=\"Good knowledge\"><input type=\"radio\" name=\"radio-1\" value=\"Sicherheitsmitarbeiter-3\" id=\"forminator-field-radio-1-3-69f682ab74667\" aria-labelledby=\"forminator-field-radio-1-label-3\" data-calculation=\"0\"   data-hidden-behavior=\"zero\"\/><span class=\"forminator-radio-bullet\" aria-hidden=\"true\"><\/span><span class=\"forminator-radio-label\">Good knowledge<\/span><\/label><label id=\"forminator-field-radio-1-label-4\" for=\"forminator-field-radio-1-4-69f682ab74667\" class=\"forminator-radio\" title=\"I don&#039;t speak German well\"><input type=\"radio\" name=\"radio-1\" value=\"Ich-verf\u00fcge-\u00fcber-keiner-dieser-Abschl\u00fcsse.\" id=\"forminator-field-radio-1-4-69f682ab74667\" aria-labelledby=\"forminator-field-radio-1-label-4\" data-calculation=\"0\"   data-hidden-behavior=\"zero\"\/><span class=\"forminator-radio-bullet\" aria-hidden=\"true\"><\/span><span class=\"forminator-radio-label\">I don&#039;t speak German well<\/span><\/label><\/div><\/div><\/div><div class=\"forminator-row\"><div id=\"textarea-1\" class=\"forminator-field-textarea forminator-col forminator-col-12\"><div class=\"forminator-field\"><label for=\"forminator-field-textarea-1_69f682ab74667\" id=\"forminator-field-textarea-1_69f682ab74667-label\" class=\"forminator-label\">Other language skills:<\/label><textarea name=\"textarea-1\" placeholder=\"\" id=\"forminator-field-textarea-1_69f682ab74667\" class=\"forminator-textarea\" rows=\"6\" style=\"min-height:80px;\" ><\/textarea><\/div><\/div><\/div><\/div><\/div><div\n\t\t\t\ttabindex=\"-1\"\n\t\t\t\trole=\"tabpanel\"\n\t\t\t\tid=\"forminator-custom-form-483--page-1\"\n\t\t\t\tclass=\"forminator-pagination\"\n\t\t\t\taria-labelledby=\"forminator-custom-form-483--page-1-label\"\n\t\t\t\taria-hidden=\"true\"\n\t\t\t\tdata-step=\"1\"\n\t\t\t\tdata-label=\"1\"\n\t\t\t\tdata-actual-label=\"3\"\n\t\t\t\tdata-name=\"page-break-4\"\n\t\t\t\thidden\n\t\t\t><div class=\"forminator-pagination--content\"><div class=\"forminator-row\"><div id=\"radio-4\" class=\"forminator-field-radio forminator-col forminator-col-12\"><div role=\"radiogroup\" class=\"forminator-field\" aria-labelledby=\"forminator-radiogroup-radio-4-69f682ab74667-label\"><span id=\"forminator-radiogroup-radio-4-69f682ab74667-label\" class=\"forminator-label\">What degree do you have? <span class=\"forminator-required\">*<\/span><\/span><label id=\"forminator-field-radio-4-label-1\" for=\"forminator-field-radio-4-1-69f682ab74667\" class=\"forminator-radio\" title=\"Qualification as a specialist\/service worker for protection and security\"><input type=\"radio\" name=\"radio-4\" value=\"two\" id=\"forminator-field-radio-4-1-69f682ab74667\" aria-labelledby=\"forminator-field-radio-4-label-1\" data-calculation=\"0\"   data-hidden-behavior=\"zero\"\/><span class=\"forminator-radio-bullet\" aria-hidden=\"true\"><\/span><span class=\"forminator-radio-label\">Qualification as a specialist\/service worker for protection and security<\/span><\/label><label id=\"forminator-field-radio-4-label-2\" for=\"forminator-field-radio-4-2-69f682ab74667\" class=\"forminator-radio\" title=\"Qualification: Certified Protection and Security Officer \/ Plant Security Specialist\"><input type=\"radio\" name=\"radio-4\" value=\"Abschluss-gepr\u00fcfte-Schutz--und-Sicherheitskraft\" id=\"forminator-field-radio-4-2-69f682ab74667\" aria-labelledby=\"forminator-field-radio-4-label-2\" data-calculation=\"0\"   data-hidden-behavior=\"zero\"\/><span class=\"forminator-radio-bullet\" aria-hidden=\"true\"><\/span><span class=\"forminator-radio-label\">Qualification: Certified Protection and Security Officer \/ Plant Security Specialist<\/span><\/label><label id=\"forminator-field-radio-4-label-3\" for=\"forminator-field-radio-4-3-69f682ab74667\" class=\"forminator-radio\" title=\"Expert knowledge test according to \u00a7 34 a GewO\"><input type=\"radio\" name=\"radio-4\" value=\"Sachkundepr\u00fcfung-nach-\u00a7-34-a-GewO\" id=\"forminator-field-radio-4-3-69f682ab74667\" aria-labelledby=\"forminator-field-radio-4-label-3\" data-calculation=\"0\"   data-hidden-behavior=\"zero\"\/><span class=\"forminator-radio-bullet\" aria-hidden=\"true\"><\/span><span class=\"forminator-radio-label\">Expert knowledge test according to \u00a7 34 a GewO<\/span><\/label><label id=\"forminator-field-radio-4-label-4\" for=\"forminator-field-radio-4-4-69f682ab74667\" class=\"forminator-radio\" title=\"Other qualifications\"><input type=\"radio\" name=\"radio-4\" value=\"Sonstige-Qualifikation:\" id=\"forminator-field-radio-4-4-69f682ab74667\" aria-labelledby=\"forminator-field-radio-4-label-4\" data-calculation=\"0\"   data-hidden-behavior=\"zero\"\/><span class=\"forminator-radio-bullet\" aria-hidden=\"true\"><\/span><span class=\"forminator-radio-label\">Other qualifications<\/span><\/label><\/div><\/div><\/div><div class=\"forminator-row\"><div id=\"textarea-2\" class=\"forminator-field-textarea forminator-col forminator-col-12\"><div class=\"forminator-field\"><label for=\"forminator-field-textarea-2_69f682ab74667\" id=\"forminator-field-textarea-2_69f682ab74667-label\" class=\"forminator-label\">Other qualifications: <span class=\"forminator-required\">*<\/span><\/label><textarea name=\"textarea-2\" placeholder=\"\" id=\"forminator-field-textarea-2_69f682ab74667\" class=\"forminator-textarea\" rows=\"6\" style=\"min-height:50px;\" ><\/textarea><\/div><\/div><\/div><\/div><\/div><div\n\t\t\t\ttabindex=\"-1\"\n\t\t\t\trole=\"tabpanel\"\n\t\t\t\tid=\"forminator-custom-form-483--page-2\"\n\t\t\t\tclass=\"forminator-pagination\"\n\t\t\t\taria-labelledby=\"forminator-custom-form-483--page-2-label\"\n\t\t\t\taria-hidden=\"true\"\n\t\t\t\tdata-step=\"2\"\n\t\t\t\tdata-label=\"3\"\n\t\t\t\tdata-actual-label=\"4\"\n\t\t\t\tdata-name=\"page-break-5\"\n\t\t\t\thidden\n\t\t\t><div class=\"forminator-pagination--content\"><div class=\"forminator-row\"><div id=\"radio-5\" class=\"forminator-field-radio forminator-col forminator-col-12\"><div role=\"radiogroup\" class=\"forminator-field\" aria-labelledby=\"forminator-radiogroup-radio-5-69f682ab74667-label\"><span id=\"forminator-radiogroup-radio-5-69f682ab74667-label\" class=\"forminator-label\">I would like to work in the following region: <span class=\"forminator-required\">*<\/span><\/span><label id=\"forminator-field-radio-5-label-1\" for=\"forminator-field-radio-5-1-69f682ab74667\" class=\"forminator-radio\" title=\"North Rhine-Westphalia\"><input type=\"radio\" name=\"radio-5\" value=\"one\" id=\"forminator-field-radio-5-1-69f682ab74667\" aria-labelledby=\"forminator-field-radio-5-label-1\" data-calculation=\"0\"   data-hidden-behavior=\"zero\"\/><span class=\"forminator-radio-bullet\" aria-hidden=\"true\"><\/span><span class=\"forminator-radio-label\">North Rhine-Westphalia<\/span><\/label><label id=\"forminator-field-radio-5-label-2\" for=\"forminator-field-radio-5-2-69f682ab74667\" class=\"forminator-radio\" title=\"Saxony\"><input type=\"radio\" name=\"radio-5\" value=\"two\" id=\"forminator-field-radio-5-2-69f682ab74667\" aria-labelledby=\"forminator-field-radio-5-label-2\" data-calculation=\"0\"   data-hidden-behavior=\"zero\"\/><span class=\"forminator-radio-bullet\" aria-hidden=\"true\"><\/span><span class=\"forminator-radio-label\">Saxony<\/span><\/label><label id=\"forminator-field-radio-5-label-3\" for=\"forminator-field-radio-5-3-69f682ab74667\" class=\"forminator-radio\" title=\"Other\"><input type=\"radio\" name=\"radio-5\" value=\"Sonstige\" id=\"forminator-field-radio-5-3-69f682ab74667\" aria-labelledby=\"forminator-field-radio-5-label-3\" data-calculation=\"0\"   data-hidden-behavior=\"zero\"\/><span class=\"forminator-radio-bullet\" aria-hidden=\"true\"><\/span><span class=\"forminator-radio-label\">Other<\/span><\/label><\/div><\/div><\/div><div class=\"forminator-row\"><div id=\"textarea-3\" class=\"forminator-field-textarea forminator-col forminator-col-12\"><div class=\"forminator-field\"><label for=\"forminator-field-textarea-3_69f682ab74667\" id=\"forminator-field-textarea-3_69f682ab74667-label\" class=\"forminator-label\">Other: <span class=\"forminator-required\">*<\/span><\/label><textarea name=\"textarea-3\" placeholder=\"\" id=\"forminator-field-textarea-3_69f682ab74667\" class=\"forminator-textarea\" rows=\"6\" style=\"min-height:50px;\" ><\/textarea><\/div><\/div><\/div><\/div><\/div><div\n\t\t\t\ttabindex=\"-1\"\n\t\t\t\trole=\"tabpanel\"\n\t\t\t\tid=\"forminator-custom-form-483--page-3\"\n\t\t\t\tclass=\"forminator-pagination\"\n\t\t\t\taria-labelledby=\"forminator-custom-form-483--page-3-label\"\n\t\t\t\taria-hidden=\"true\"\n\t\t\t\tdata-step=\"3\"\n\t\t\t\tdata-label=\"4\"\n\t\t\t\tdata-actual-label=\"Fertig\"\n\t\t\t\tdata-name=\"\"\n\t\t\t\thidden\n\t\t\t><div class=\"forminator-pagination--content\"><div class=\"forminator-row\"><div id=\"html-1\" class=\"forminator-field-html forminator-col forminator-col-12\"><div class=\"forminator-field forminator-merge-tags\" data-field=\"html-1\"><h3>You seem to fit into our team.<\/h3>\n<p>Please provide your contact details. We will get back to you promptly.<\/p><\/div><\/div><\/div><div class=\"forminator-row\"><div id=\"html-2\" class=\"forminator-field-html forminator-col forminator-col-12\"><div class=\"forminator-field forminator-merge-tags\" data-field=\"html-2\"><h3>Get in touch with us.<\/h3>\n<p>Please provide your contact details. We will get back to you promptly.<\/p><\/div><\/div><\/div><div class=\"forminator-row\"><div id=\"name-1\" class=\"forminator-field-name forminator-col forminator-col-12\"><div class=\"forminator-field\"><label for=\"forminator-field-name-1_69f682ab74667\" id=\"forminator-field-name-1_69f682ab74667-label\" class=\"forminator-label\">name <span class=\"forminator-required\">*<\/span><\/label><input type=\"text\" name=\"name-1\" value=\"\" placeholder=\"\" id=\"forminator-field-name-1_69f682ab74667\" class=\"forminator-input forminator-name--field\" aria-required=\"true\" autocomplete=\"name\" \/><\/div><\/div><\/div><div class=\"forminator-row\"><div id=\"email-1\" class=\"forminator-field-email forminator-col forminator-col-12\"><div class=\"forminator-field\"><label for=\"forminator-field-email-1_69f682ab74667\" id=\"forminator-field-email-1_69f682ab74667-label\" class=\"forminator-label\">E-mail address <span class=\"forminator-required\">*<\/span><\/label><input type=\"email\" name=\"email-1\" value=\"\" placeholder=\"\" id=\"forminator-field-email-1_69f682ab74667\" class=\"forminator-input forminator-email--field\" data-required=\"1\" aria-required=\"true\" autocomplete=\"email\" \/><\/div><\/div><\/div><div class=\"forminator-row\"><div id=\"phone-1\" class=\"forminator-field-phone forminator-col forminator-col-12\"><div class=\"forminator-field\"><label for=\"forminator-field-phone-1_69f682ab74667\" id=\"forminator-field-phone-1_69f682ab74667-label\" class=\"forminator-label\">Telephone number<\/label><input type=\"text\" name=\"phone-1\" value=\"\" placeholder=\"\" id=\"forminator-field-phone-1_69f682ab74667\" class=\"forminator-input forminator-field--phone\" data-required=\"\" aria-required=\"false\" autocomplete=\"off\" \/><\/div><\/div><\/div><\/div><button class=\"forminator-button forminator-pagination-submit\" style=\"display: none;\" disabled>Apply now<\/button><\/div><input type=\"hidden\" name=\"referer_url\" value=\"\" \/><input type=\"hidden\" id=\"forminator_nonce\" name=\"forminator_nonce\" value=\"d0b0123b99\" \/><input type=\"hidden\" name=\"_wp_http_referer\" value=\"\/en\/wp-json\/wp\/v2\/pages\/484\" \/><input type=\"hidden\" name=\"form_id\" value=\"483\"><input type=\"hidden\" name=\"page_id\" value=\"484\"><input type=\"hidden\" name=\"form_type\" value=\"default\"><input type=\"hidden\" name=\"current_url\" value=\"https:\/\/www2.deblois.de\/en\/blitzbewerbung\/\"><input type=\"hidden\" name=\"render_id\" value=\"0\"><input type=\"hidden\" name=\"action\" value=\"forminator_submit_form_custom-forms\"><label for=\"input_10\" class=\"forminator-hidden\" aria-hidden=\"true\">Please do not fill in this field. <input id=\"input_10\" type=\"text\" name=\"input_10\" value=\"\" autocomplete=\"off\"><\/label><input type=\"hidden\" name=\"trp-form-language\" value=\"en\"\/><\/form><\/div><\/div><\/div><div class=\"wpb_column vc_column_container\"><div class=\"vc_column-inner\"><\/div><\/div><\/div><div class=\"w-separator size_large\"><\/div><div class=\"w-hwrapper valign_top stack_on_mobiles align_center\"><div class=\"w-btn-wrapper align_none\"><a class=\"w-btn us-btn-style_1\" target=\"_blank\" href=\"\/en\/karriere\/#stellenangebote\"><span class=\"w-btn-label\">Job offers<\/span><\/a><\/div><div class=\"w-btn-wrapper align_none\"><a class=\"w-btn us-btn-style_2 icon_atleft\" target=\"_blank\" href=\"\/en\/\"><i class=\"fal fa-chevron-left\"><\/i><span class=\"w-btn-label\">Back to homepage<\/span><\/a><\/div><\/div><\/div><\/div><\/div><\/div><\/section>","protected":false},"excerpt":{"rendered":"Apply with one click. How good is your German? *Native speaker Fluent in spoken and written German Good knowledge I don&#039;t speak German well Other language skills: What qualifications do you have? *Qualification as a specialist \/ service employee for protection and security Qualification as a certified protection and security officer \/ plant security specialist Certificate of competence according to \u00a7 34 a GewO Other qualifications Other qualifications: *I would like to work in the following region: *North Rhine-Westphalia Saxony Other Other: *You seem to be in our...","protected":false},"author":1,"featured_media":0,"parent":0,"menu_order":0,"comment_status":"closed","ping_status":"closed","template":"","meta":{"_acf_changed":false,"inline_featured_image":false,"footnotes":""},"class_list":["post-484","page","type-page","status-publish","hentry"],"acf":[],"yoast_head":"<!-- This site is optimized with the Yoast SEO plugin v26.7 - https:\/\/yoast.com\/wordpress\/plugins\/seo\/ -->\n<title>Blitzbewerbung | DE BLOIS SECURITY<\/title>\n<meta name=\"robots\" content=\"index, follow, max-snippet:-1, max-image-preview:large, max-video-preview:-1\" \/>\n<link rel=\"canonical\" href=\"https:\/\/stage.deblois.de\/blitzbewerbung\/\" \/>\n<meta property=\"og:locale\" content=\"en_GB\" \/>\n<meta property=\"og:type\" content=\"article\" \/>\n<meta property=\"og:title\" content=\"Blitzbewerbung | DE BLOIS SECURITY\" \/>\n<meta property=\"og:url\" content=\"https:\/\/stage.deblois.de\/blitzbewerbung\/\" \/>\n<meta property=\"og:site_name\" content=\"DE BLOIS SECURITY\" \/>\n<meta property=\"article:modified_time\" content=\"2025-06-22T18:32:34+00:00\" \/>\n<meta name=\"twitter:card\" content=\"summary_large_image\" \/>\n<meta name=\"twitter:label1\" content=\"Estimated reading time\" \/>\n\t<meta name=\"twitter:data1\" content=\"1 minute\" \/>\n<script type=\"application\/ld+json\" class=\"yoast-schema-graph\">{\"@context\":\"https:\/\/schema.org\",\"@graph\":[{\"@type\":\"WebPage\",\"@id\":\"https:\/\/stage.deblois.de\/blitzbewerbung\/\",\"url\":\"https:\/\/stage.deblois.de\/blitzbewerbung\/\",\"name\":\"Blitzbewerbung | DE BLOIS SECURITY\",\"isPartOf\":{\"@id\":\"https:\/\/stage.deblois.de\/#website\"},\"datePublished\":\"2025-06-06T14:56:46+00:00\",\"dateModified\":\"2025-06-22T18:32:34+00:00\",\"breadcrumb\":{\"@id\":\"https:\/\/stage.deblois.de\/blitzbewerbung\/#breadcrumb\"},\"inLanguage\":\"en-GB\",\"potentialAction\":[{\"@type\":\"ReadAction\",\"target\":[\"https:\/\/stage.deblois.de\/blitzbewerbung\/\"]}]},{\"@type\":\"BreadcrumbList\",\"@id\":\"https:\/\/stage.deblois.de\/blitzbewerbung\/#breadcrumb\",\"itemListElement\":[{\"@type\":\"ListItem\",\"position\":1,\"name\":\"Home\",\"item\":\"https:\/\/stage.deblois.de\/\"},{\"@type\":\"ListItem\",\"position\":2,\"name\":\"Blitzbewerbung\"}]},{\"@type\":\"WebSite\",\"@id\":\"https:\/\/stage.deblois.de\/#website\",\"url\":\"https:\/\/stage.deblois.de\/\",\"name\":\"DE BLOIS SECURITY\",\"description\":\"\",\"potentialAction\":[{\"@type\":\"SearchAction\",\"target\":{\"@type\":\"EntryPoint\",\"urlTemplate\":\"https:\/\/stage.deblois.de\/?s={search_term_string}\"},\"query-input\":{\"@type\":\"PropertyValueSpecification\",\"valueRequired\":true,\"valueName\":\"search_term_string\"}}],\"inLanguage\":\"en-GB\"}]}<\/script>\n<!-- \/ Yoast SEO plugin. -->","yoast_head_json":{"title":"Flash application | DE BLOIS SECURITY","robots":{"index":"index","follow":"follow","max-snippet":"max-snippet:-1","max-image-preview":"max-image-preview:large","max-video-preview":"max-video-preview:-1"},"canonical":"https:\/\/stage.deblois.de\/blitzbewerbung\/","og_locale":"en_GB","og_type":"article","og_title":"Blitzbewerbung | DE BLOIS SECURITY","og_url":"https:\/\/stage.deblois.de\/blitzbewerbung\/","og_site_name":"DE BLOIS SECURITY","article_modified_time":"2025-06-22T18:32:34+00:00","twitter_card":"summary_large_image","twitter_misc":{"Estimated reading time":"1 minute"},"schema":{"@context":"https:\/\/schema.org","@graph":[{"@type":"WebPage","@id":"https:\/\/stage.deblois.de\/blitzbewerbung\/","url":"https:\/\/stage.deblois.de\/blitzbewerbung\/","name":"Flash application | DE BLOIS SECURITY","isPartOf":{"@id":"https:\/\/stage.deblois.de\/#website"},"datePublished":"2025-06-06T14:56:46+00:00","dateModified":"2025-06-22T18:32:34+00:00","breadcrumb":{"@id":"https:\/\/stage.deblois.de\/blitzbewerbung\/#breadcrumb"},"inLanguage":"en-GB","potentialAction":[{"@type":"ReadAction","target":["https:\/\/stage.deblois.de\/blitzbewerbung\/"]}]},{"@type":"BreadcrumbList","@id":"https:\/\/stage.deblois.de\/blitzbewerbung\/#breadcrumb","itemListElement":[{"@type":"ListItem","position":1,"name":"Home","item":"https:\/\/stage.deblois.de\/"},{"@type":"ListItem","position":2,"name":"Blitzbewerbung"}]},{"@type":"WebSite","@id":"https:\/\/stage.deblois.de\/#website","url":"https:\/\/stage.deblois.de\/","name":"DE BLOIS SECURITY","description":"","potentialAction":[{"@type":"SearchAction","target":{"@type":"EntryPoint","urlTemplate":"https:\/\/stage.deblois.de\/?s={search_term_string}"},"query-input":{"@type":"PropertyValueSpecification","valueRequired":true,"valueName":"search_term_string"}}],"inLanguage":"en-GB"}]}},"_links":{"self":[{"href":"https:\/\/www2.deblois.de\/en\/wp-json\/wp\/v2\/pages\/484","targetHints":{"allow":["GET"]}}],"collection":[{"href":"https:\/\/www2.deblois.de\/en\/wp-json\/wp\/v2\/pages"}],"about":[{"href":"https:\/\/www2.deblois.de\/en\/wp-json\/wp\/v2\/types\/page"}],"author":[{"embeddable":true,"href":"https:\/\/www2.deblois.de\/en\/wp-json\/wp\/v2\/users\/1"}],"replies":[{"embeddable":true,"href":"https:\/\/www2.deblois.de\/en\/wp-json\/wp\/v2\/comments?post=484"}],"version-history":[{"count":17,"href":"https:\/\/www2.deblois.de\/en\/wp-json\/wp\/v2\/pages\/484\/revisions"}],"predecessor-version":[{"id":585,"href":"https:\/\/www2.deblois.de\/en\/wp-json\/wp\/v2\/pages\/484\/revisions\/585"}],"wp:attachment":[{"href":"https:\/\/www2.deblois.de\/en\/wp-json\/wp\/v2\/media?parent=484"}],"curies":[{"name":"wp","href":"https:\/\/api.w.org\/{rel}","templated":true}]}}